{"id":11522,"date":"2025-01-20T20:39:44","date_gmt":"2025-01-20T19:39:44","guid":{"rendered":"https:\/\/toutesnosenergies.fr\/?page_id=11522"},"modified":"2025-01-20T20:44:31","modified_gmt":"2025-01-20T19:44:31","slug":"contribution-du-collectif-toutes-nos-energies-tarn-herault-a-la-nouvelle-charte-du-parc-naturel-regional-du-haut-languedoc","status":"publish","type":"page","link":"https:\/\/toutesnosenergies.fr\/index.php\/contribution-du-collectif-toutes-nos-energies-tarn-herault-a-la-nouvelle-charte-du-parc-naturel-regional-du-haut-languedoc\/","title":{"rendered":"Contribution du collectif \u00ab\u00a0Toutes Nos \u00c9nergies Tarn &amp; H\u00e9rault\u00a0\u00bb \u00e0 la nouvelle charte du Parc Naturel R\u00e9gional du Haut Languedoc"},"content":{"rendered":"\n<p>Habitants du Haut Languedoc, nous sommes directement concern\u00e9s par l\u2019avenir de notre Parc naturel r\u00e9gional. Les orientations de la prochaine Charte, les d\u00e9cisions qui en d\u00e9couleront, auront des effets sur notre cadre de vie, notre bien-\u00eatre, sur la vitalit\u00e9 de notre territoire et sur son attractivit\u00e9. Le collectif TNE f\u00e9d\u00e8re des associations du Tarn et de l\u2019H\u00e9rault, repr\u00e9sentant des centaines de citoyens de ce territoire, et qui ont travaill\u00e9 sur ce dossier que nous avons l\u2019honneur de vous communiquer.<\/p>\n\n\n\n<p>En fait, nos souhaits se r\u00e9sument, et nous allons expliquer pourquoi, au retour des valeurs fondamentales d\u2019un PNR et de ses missions; autrement dit l\u2019encadrement tr\u00e8s strict de l\u2019implantation de centrales de production d\u2019\u00e9lectricit\u00e9, et comme le PNR est d\u00e9j\u00e0 gros exportateur d\u2019\u00e9lectricit\u00e9, il faut d\u00e9sormais donner la priorit\u00e9 \u00e0 la sauvegarde des espaces naturels, agricoles, viticoles et forestiers pour le bien-\u00eatre des personnes qui y vivent et y travaillent.<\/p>\n\n\n\n<p>Nous pointerons les sujets sur lesquels notre attention se focalise : les atteintes \u00e0 la biodiversit\u00e9, aux paysages, \u00e0 la qualit\u00e9 de vie, au bien vivre ensemble que chaque installation industrielle provoque.<\/p>\n\n\n\n<p>Ces apports seront synth\u00e9tis\u00e9s dans les 7 propositions pour une Charte de sobri\u00e9t\u00e9 et de respect du patrimoine naturel et paysager<\/p>\n\n\n\n<h2 class=\"wp-block-heading\"><a href=\"https:\/\/toutesnosenergies.fr\/wp-content\/uploads\/2025\/01\/Contribution-Charte_TNE.pdf\">Voici le document qui d\u00e9taille l&rsquo;ensemble de notre contribution<\/a><\/h2>\n","protected":false},"excerpt":{"rendered":"<p>Habitants du Haut Languedoc, nous sommes directement concern\u00e9s par l\u2019avenir de notre Parc naturel r\u00e9gional. Les orientations de la prochaine Charte, les d\u00e9cisions qui en d\u00e9couleront, auront des effets sur notre cadre de vie, notre bien-\u00eatre, sur la vitalit\u00e9 de notre territoire et sur son attractivit\u00e9. Le collectif TNE f\u00e9d\u00e8re des associations du Tarn et &#8230; <a title=\"Contribution du collectif \u00ab\u00a0Toutes Nos \u00c9nergies Tarn &amp; H\u00e9rault\u00a0\u00bb \u00e0 la nouvelle charte du Parc Naturel R\u00e9gional du Haut Languedoc\" class=\"read-more\" href=\"https:\/\/toutesnosenergies.fr\/index.php\/contribution-du-collectif-toutes-nos-energies-tarn-herault-a-la-nouvelle-charte-du-parc-naturel-regional-du-haut-languedoc\/\" aria-label=\"Plus sur Contribution du collectif \u00ab\u00a0Toutes Nos \u00c9nergies Tarn &amp; H\u00e9rault\u00a0\u00bb \u00e0 la nouvelle charte du Parc Naturel R\u00e9gional du Haut Languedoc\">Lire plus<\/a><\/p>\n","protected":false},"author":3,"featured_media":0,"parent":0,"menu_order":0,"comment_status":"closed","ping_status":"closed","template":"","meta":{"_cbd_carousel_blocks":"[]","sfsi_plus_gutenberg_text_before_share":"","sfsi_plus_gutenberg_show_text_before_share":"","sfsi_plus_gutenberg_icon_type":"","sfsi_plus_gutenberg_icon_alignemt":"","sfsi_plus_gutenburg_max_per_row":"","footnotes":""},"class_list":["post-11522","page","type-page","status-publish"],"yoast_head":"<!-- This site is optimized with the Yoast SEO plugin v27.4 - https:\/\/yoast.com\/product\/yoast-seo-wordpress\/ -->\n<title>Contribution du collectif &quot;Toutes Nos \u00c9nergies Tarn &amp; H\u00e9rault&quot; \u00e0 la nouvelle charte du Parc Naturel R\u00e9gional du Haut Languedoc - Toutes Nos \u00c9nergies \u2013 Occitanie Environnement<\/title>\n<meta name=\"robots\" content=\"index, follow, max-snippet:-1, max-image-preview:large, max-video-preview:-1\" \/>\n<link rel=\"canonical\" href=\"https:\/\/toutesnosenergies.fr\/index.php\/contribution-du-collectif-toutes-nos-energies-tarn-herault-a-la-nouvelle-charte-du-parc-naturel-regional-du-haut-languedoc\/\" \/>\n<meta property=\"og:locale\" content=\"fr_FR\" \/>\n<meta property=\"og:type\" content=\"article\" \/>\n<meta property=\"og:title\" content=\"Contribution du collectif &quot;Toutes Nos \u00c9nergies Tarn &amp; H\u00e9rault&quot; \u00e0 la nouvelle charte du Parc Naturel R\u00e9gional du Haut Languedoc - Toutes Nos \u00c9nergies \u2013 Occitanie Environnement\" \/>\n<meta property=\"og:description\" content=\"Habitants du Haut Languedoc, nous sommes directement concern\u00e9s par l\u2019avenir de notre Parc naturel r\u00e9gional. Les orientations de la prochaine Charte, les d\u00e9cisions qui en d\u00e9couleront, auront des effets sur notre cadre de vie, notre bien-\u00eatre, sur la vitalit\u00e9 de notre territoire et sur son attractivit\u00e9. Le collectif TNE f\u00e9d\u00e8re des associations du Tarn et ... Lire plus\" \/>\n<meta property=\"og:url\" content=\"https:\/\/toutesnosenergies.fr\/index.php\/contribution-du-collectif-toutes-nos-energies-tarn-herault-a-la-nouvelle-charte-du-parc-naturel-regional-du-haut-languedoc\/\" \/>\n<meta property=\"og:site_name\" content=\"Toutes Nos \u00c9nergies \u2013 Occitanie Environnement\" \/>\n<meta property=\"article:publisher\" content=\"https:\/\/www.facebook.com\/TNEtoutesnosenergiesOccitanieEnvironnement\" \/>\n<meta property=\"article:modified_time\" content=\"2025-01-20T19:44:31+00:00\" \/>\n<meta name=\"twitter:card\" content=\"summary_large_image\" \/>\n<meta name=\"twitter:label1\" content=\"Dur\u00e9e de lecture estim\u00e9e\" \/>\n\t<meta name=\"twitter:data1\" content=\"2 minutes\" \/>\n<script type=\"application\/ld+json\" class=\"yoast-schema-graph\">{\"@context\":\"https:\\\/\\\/schema.org\",\"@graph\":[{\"@type\":\"WebPage\",\"@id\":\"https:\\\/\\\/toutesnosenergies.fr\\\/index.php\\\/contribution-du-collectif-toutes-nos-energies-tarn-herault-a-la-nouvelle-charte-du-parc-naturel-regional-du-haut-languedoc\\\/\",\"url\":\"https:\\\/\\\/toutesnosenergies.fr\\\/index.php\\\/contribution-du-collectif-toutes-nos-energies-tarn-herault-a-la-nouvelle-charte-du-parc-naturel-regional-du-haut-languedoc\\\/\",\"name\":\"Contribution du collectif \\\"Toutes Nos \u00c9nergies Tarn &amp; H\u00e9rault\\\" \u00e0 la nouvelle charte du Parc Naturel R\u00e9gional du Haut Languedoc - Toutes Nos \u00c9nergies \u2013 Occitanie Environnement\",\"isPartOf\":{\"@id\":\"https:\\\/\\\/toutesnosenergies.fr\\\/#website\"},\"datePublished\":\"2025-01-20T19:39:44+00:00\",\"dateModified\":\"2025-01-20T19:44:31+00:00\",\"breadcrumb\":{\"@id\":\"https:\\\/\\\/toutesnosenergies.fr\\\/index.php\\\/contribution-du-collectif-toutes-nos-energies-tarn-herault-a-la-nouvelle-charte-du-parc-naturel-regional-du-haut-languedoc\\\/#breadcrumb\"},\"inLanguage\":\"fr-FR\",\"potentialAction\":[{\"@type\":\"ReadAction\",\"target\":[\"https:\\\/\\\/toutesnosenergies.fr\\\/index.php\\\/contribution-du-collectif-toutes-nos-energies-tarn-herault-a-la-nouvelle-charte-du-parc-naturel-regional-du-haut-languedoc\\\/\"]}]},{\"@type\":\"BreadcrumbList\",\"@id\":\"https:\\\/\\\/toutesnosenergies.fr\\\/index.php\\\/contribution-du-collectif-toutes-nos-energies-tarn-herault-a-la-nouvelle-charte-du-parc-naturel-regional-du-haut-languedoc\\\/#breadcrumb\",\"itemListElement\":[{\"@type\":\"ListItem\",\"position\":1,\"name\":\"Accueil\",\"item\":\"https:\\\/\\\/toutesnosenergies.fr\\\/\"},{\"@type\":\"ListItem\",\"position\":2,\"name\":\"Contribution du collectif \u00ab\u00a0Toutes Nos \u00c9nergies Tarn &amp; H\u00e9rault\u00a0\u00bb \u00e0 la nouvelle charte du Parc Naturel R\u00e9gional du Haut Languedoc\"}]},{\"@type\":\"WebSite\",\"@id\":\"https:\\\/\\\/toutesnosenergies.fr\\\/#website\",\"url\":\"https:\\\/\\\/toutesnosenergies.fr\\\/\",\"name\":\"Toutes Nos \u00c9nergies \u2013 Occitanie Environnement\",\"description\":\"Pour une \u00e9nergie respectueuse du vivant et des territoires ruraux en Occitanie\",\"publisher\":{\"@id\":\"https:\\\/\\\/toutesnosenergies.fr\\\/#organization\"},\"potentialAction\":[{\"@type\":\"SearchAction\",\"target\":{\"@type\":\"EntryPoint\",\"urlTemplate\":\"https:\\\/\\\/toutesnosenergies.fr\\\/?s={search_term_string}\"},\"query-input\":{\"@type\":\"PropertyValueSpecification\",\"valueRequired\":true,\"valueName\":\"search_term_string\"}}],\"inLanguage\":\"fr-FR\"},{\"@type\":\"Organization\",\"@id\":\"https:\\\/\\\/toutesnosenergies.fr\\\/#organization\",\"name\":\"Toutes Nos \u00c9nergies \u2013 Occitanie Environnement\",\"url\":\"https:\\\/\\\/toutesnosenergies.fr\\\/\",\"logo\":{\"@type\":\"ImageObject\",\"inLanguage\":\"fr-FR\",\"@id\":\"https:\\\/\\\/toutesnosenergies.fr\\\/#\\\/schema\\\/logo\\\/image\\\/\",\"url\":\"https:\\\/\\\/toutesnosenergies.fr\\\/wp-content\\\/uploads\\\/2023\\\/01\\\/Petit-logo.png\",\"contentUrl\":\"https:\\\/\\\/toutesnosenergies.fr\\\/wp-content\\\/uploads\\\/2023\\\/01\\\/Petit-logo.png\",\"width\":360,\"height\":102,\"caption\":\"Toutes Nos \u00c9nergies \u2013 Occitanie Environnement\"},\"image\":{\"@id\":\"https:\\\/\\\/toutesnosenergies.fr\\\/#\\\/schema\\\/logo\\\/image\\\/\"},\"sameAs\":[\"https:\\\/\\\/www.facebook.com\\\/TNEtoutesnosenergiesOccitanieEnvironnement\"]}]}<\/script>\n<!-- \/ Yoast SEO plugin. -->","yoast_head_json":{"title":"Contribution du collectif \"Toutes Nos \u00c9nergies Tarn &amp; H\u00e9rault\" \u00e0 la nouvelle charte du Parc Naturel R\u00e9gional du Haut Languedoc - Toutes Nos \u00c9nergies \u2013 Occitanie Environnement","robots":{"index":"index","follow":"follow","max-snippet":"max-snippet:-1","max-image-preview":"max-image-preview:large","max-video-preview":"max-video-preview:-1"},"canonical":"https:\/\/toutesnosenergies.fr\/index.php\/contribution-du-collectif-toutes-nos-energies-tarn-herault-a-la-nouvelle-charte-du-parc-naturel-regional-du-haut-languedoc\/","og_locale":"fr_FR","og_type":"article","og_title":"Contribution du collectif \"Toutes Nos \u00c9nergies Tarn &amp; H\u00e9rault\" \u00e0 la nouvelle charte du Parc Naturel R\u00e9gional du Haut Languedoc - Toutes Nos \u00c9nergies \u2013 Occitanie Environnement","og_description":"Habitants du Haut Languedoc, nous sommes directement concern\u00e9s par l\u2019avenir de notre Parc naturel r\u00e9gional. Les orientations de la prochaine Charte, les d\u00e9cisions qui en d\u00e9couleront, auront des effets sur notre cadre de vie, notre bien-\u00eatre, sur la vitalit\u00e9 de notre territoire et sur son attractivit\u00e9. Le collectif TNE f\u00e9d\u00e8re des associations du Tarn et ... Lire plus","og_url":"https:\/\/toutesnosenergies.fr\/index.php\/contribution-du-collectif-toutes-nos-energies-tarn-herault-a-la-nouvelle-charte-du-parc-naturel-regional-du-haut-languedoc\/","og_site_name":"Toutes Nos \u00c9nergies \u2013 Occitanie Environnement","article_publisher":"https:\/\/www.facebook.com\/TNEtoutesnosenergiesOccitanieEnvironnement","article_modified_time":"2025-01-20T19:44:31+00:00","twitter_card":"summary_large_image","twitter_misc":{"Dur\u00e9e de lecture estim\u00e9e":"2 minutes"},"schema":{"@context":"https:\/\/schema.org","@graph":[{"@type":"WebPage","@id":"https:\/\/toutesnosenergies.fr\/index.php\/contribution-du-collectif-toutes-nos-energies-tarn-herault-a-la-nouvelle-charte-du-parc-naturel-regional-du-haut-languedoc\/","url":"https:\/\/toutesnosenergies.fr\/index.php\/contribution-du-collectif-toutes-nos-energies-tarn-herault-a-la-nouvelle-charte-du-parc-naturel-regional-du-haut-languedoc\/","name":"Contribution du collectif \"Toutes Nos \u00c9nergies Tarn &amp; H\u00e9rault\" \u00e0 la nouvelle charte du Parc Naturel R\u00e9gional du Haut Languedoc - Toutes Nos \u00c9nergies \u2013 Occitanie Environnement","isPartOf":{"@id":"https:\/\/toutesnosenergies.fr\/#website"},"datePublished":"2025-01-20T19:39:44+00:00","dateModified":"2025-01-20T19:44:31+00:00","breadcrumb":{"@id":"https:\/\/toutesnosenergies.fr\/index.php\/contribution-du-collectif-toutes-nos-energies-tarn-herault-a-la-nouvelle-charte-du-parc-naturel-regional-du-haut-languedoc\/#breadcrumb"},"inLanguage":"fr-FR","potentialAction":[{"@type":"ReadAction","target":["https:\/\/toutesnosenergies.fr\/index.php\/contribution-du-collectif-toutes-nos-energies-tarn-herault-a-la-nouvelle-charte-du-parc-naturel-regional-du-haut-languedoc\/"]}]},{"@type":"BreadcrumbList","@id":"https:\/\/toutesnosenergies.fr\/index.php\/contribution-du-collectif-toutes-nos-energies-tarn-herault-a-la-nouvelle-charte-du-parc-naturel-regional-du-haut-languedoc\/#breadcrumb","itemListElement":[{"@type":"ListItem","position":1,"name":"Accueil","item":"https:\/\/toutesnosenergies.fr\/"},{"@type":"ListItem","position":2,"name":"Contribution du collectif \u00ab\u00a0Toutes Nos \u00c9nergies Tarn &amp; H\u00e9rault\u00a0\u00bb \u00e0 la nouvelle charte du Parc Naturel R\u00e9gional du Haut Languedoc"}]},{"@type":"WebSite","@id":"https:\/\/toutesnosenergies.fr\/#website","url":"https:\/\/toutesnosenergies.fr\/","name":"Toutes Nos \u00c9nergies \u2013 Occitanie Environnement","description":"Pour une \u00e9nergie respectueuse du vivant et des territoires ruraux en Occitanie","publisher":{"@id":"https:\/\/toutesnosenergies.fr\/#organization"},"potentialAction":[{"@type":"SearchAction","target":{"@type":"EntryPoint","urlTemplate":"https:\/\/toutesnosenergies.fr\/?s={search_term_string}"},"query-input":{"@type":"PropertyValueSpecification","valueRequired":true,"valueName":"search_term_string"}}],"inLanguage":"fr-FR"},{"@type":"Organization","@id":"https:\/\/toutesnosenergies.fr\/#organization","name":"Toutes Nos \u00c9nergies \u2013 Occitanie Environnement","url":"https:\/\/toutesnosenergies.fr\/","logo":{"@type":"ImageObject","inLanguage":"fr-FR","@id":"https:\/\/toutesnosenergies.fr\/#\/schema\/logo\/image\/","url":"https:\/\/toutesnosenergies.fr\/wp-content\/uploads\/2023\/01\/Petit-logo.png","contentUrl":"https:\/\/toutesnosenergies.fr\/wp-content\/uploads\/2023\/01\/Petit-logo.png","width":360,"height":102,"caption":"Toutes Nos \u00c9nergies \u2013 Occitanie Environnement"},"image":{"@id":"https:\/\/toutesnosenergies.fr\/#\/schema\/logo\/image\/"},"sameAs":["https:\/\/www.facebook.com\/TNEtoutesnosenergiesOccitanieEnvironnement"]}]}},"_links":{"self":[{"href":"https:\/\/toutesnosenergies.fr\/index.php\/wp-json\/wp\/v2\/pages\/11522","targetHints":{"allow":["GET"]}}],"collection":[{"href":"https:\/\/toutesnosenergies.fr\/index.php\/wp-json\/wp\/v2\/pages"}],"about":[{"href":"https:\/\/toutesnosenergies.fr\/index.php\/wp-json\/wp\/v2\/types\/page"}],"author":[{"embeddable":true,"href":"https:\/\/toutesnosenergies.fr\/index.php\/wp-json\/wp\/v2\/users\/3"}],"replies":[{"embeddable":true,"href":"https:\/\/toutesnosenergies.fr\/index.php\/wp-json\/wp\/v2\/comments?post=11522"}],"version-history":[{"count":3,"href":"https:\/\/toutesnosenergies.fr\/index.php\/wp-json\/wp\/v2\/pages\/11522\/revisions"}],"predecessor-version":[{"id":11527,"href":"https:\/\/toutesnosenergies.fr\/index.php\/wp-json\/wp\/v2\/pages\/11522\/revisions\/11527"}],"wp:attachment":[{"href":"https:\/\/toutesnosenergies.fr\/index.php\/wp-json\/wp\/v2\/media?parent=11522"}],"curies":[{"name":"wp","href":"https:\/\/api.w.org\/{rel}","templated":true}]}}