{"id":11866,"date":"2025-07-09T12:59:15","date_gmt":"2025-07-09T10:59:15","guid":{"rendered":"https:\/\/toutesnosenergies.fr\/?page_id=11866"},"modified":"2025-07-09T13:02:37","modified_gmt":"2025-07-09T11:02:37","slug":"comment-resister-les-gestes-qui-sauvent","status":"publish","type":"page","link":"https:\/\/toutesnosenergies.fr\/index.php\/comment-resister-les-gestes-qui-sauvent\/","title":{"rendered":"Comment r\u00e9sister\u00a0: les gestes qui sauvent\u2009!"},"content":{"rendered":"\n<h2 class=\"wp-block-heading\"><a href=\"https:\/\/toutesnosenergies.fr\/wp-content\/uploads\/2025\/07\/Guide-mise-a-jour-final-2.pdf\">Une compilation des suggestions de nos associations<\/a><\/h2>\n\n\n\n<figure class=\"wp-block-image size-large\"><a href=\"https:\/\/toutesnosenergies.fr\/wp-content\/uploads\/2025\/07\/Guide-mise-a-jour-final-2.pdf\"><img loading=\"lazy\" decoding=\"async\" width=\"1024\" height=\"858\" src=\"https:\/\/toutesnosenergies.fr\/wp-content\/uploads\/2025\/07\/Capture-decran-2025-07-09-a-12.12.07-1024x858.png\" alt=\"\" class=\"wp-image-11861\" srcset=\"https:\/\/toutesnosenergies.fr\/wp-content\/uploads\/2025\/07\/Capture-decran-2025-07-09-a-12.12.07-1024x858.png 1024w, https:\/\/toutesnosenergies.fr\/wp-content\/uploads\/2025\/07\/Capture-decran-2025-07-09-a-12.12.07-300x251.png 300w, https:\/\/toutesnosenergies.fr\/wp-content\/uploads\/2025\/07\/Capture-decran-2025-07-09-a-12.12.07-768x643.png 768w, https:\/\/toutesnosenergies.fr\/wp-content\/uploads\/2025\/07\/Capture-decran-2025-07-09-a-12.12.07-1320x1106.png 1320w, https:\/\/toutesnosenergies.fr\/wp-content\/uploads\/2025\/07\/Capture-decran-2025-07-09-a-12.12.07.png 1504w\" sizes=\"auto, (max-width: 1024px) 100vw, 1024px\" \/><\/a><\/figure>\n\n\n\n<p>Aux \u00e9lections municipales, rares sont les t\u00eates de liste qui mettent sur leur programme le souhait d\u2019implanter 6&nbsp;\u00e9oliennes de 150&nbsp;m de haut \u00e0 500&nbsp;m des habitations&nbsp;; 30 hectares de photovolta\u00efque sur des pr\u00e9s communaux ou \u00e0 la demande d\u2019agriculteurs, ou une usine \u00e0 gaz comme un m\u00e9gam\u00e9thaniseur\u2026<br>Quand on le leur rappelle, les \u00e9lu.es r\u00e9pondent qu\u2019ils l\u2019ont \u00e9t\u00e9, \u00e9lu.es, pour mener les projets qu\u2019ils voulaient\u2009!<\/p>\n\n\n\n<p>Face \u00e0 cette situation, et d\u00e8s qu\u2019une rumeur circule dans le village, ou qu\u2019un v\u00e9hicule balis\u00e9 d\u2019un logo de multinationale est gar\u00e9 devant la mairie, les habitants qui craignent le pire cr\u00e9ent une association <em>(1)<\/em> ou en mobilisent une existante et alertent la population.&nbsp;<\/p>\n\n\n\n<p><strong>Il vous faut&nbsp;:&nbsp;<\/strong><\/p>\n\n\n\n<p>Interroger le ou la maire, rassembler le maximum d\u2019infos : jusqu\u2019\u00e0 aller au cadastre voir \u00e0 qui sont les parcelles sur lesquelles le projet peut se faire.<\/p>\n\n\n\n<p><strong>Et r\u00e9agir tr\u00e8s vite&nbsp;:<\/strong><\/p>\n\n\n\n<p>Tracts et p\u00e9tition (papier et internet), r\u00e9union publique (les \u00e9lus ne le feront pas), information diffus\u00e9e aux communes voisines si elles risquent d\u2019\u00eatre impact\u00e9es, banderoles plant\u00e9es dans les vignes et champs d\u2019amis, contacts avec la LPO (cherchez les esp\u00e8ces \u00e0 prot\u00e9ger) les syndicats agricoles, chasseurs, randonneurs\u2026 sans oublier de prendre un \u00e0 un les conseillers municipaux, dont on s\u2019aper\u00e7oit souvent qu\u2019ils n\u2019avaient pas toutes les infos et \u0153uvrer&nbsp;pour avoir un vote contre le projet, en surveillant l\u2019ordre du jour du conseil et ses d\u00e9lib\u00e9rations.<\/p>\n\n\n\n<p>Bref, \u00e7a met le bazar et l\u00e0, \u00e0 un an des municipales, ou en campagne \u00e9lectorale, \u00e7a ne pla\u00eet pas trop que la commune soit en alerte ou m\u00eame divis\u00e9e. Logiquement, les \u00e9lu.es se calment, voire le projet part \u00e0 la poubelle. Mais si les choses se pr\u00e9cisent et que le projet est toujours sur la table, <strong>quelques autres pistes pour r\u00e9sister&nbsp;:<\/strong><\/p>\n\n\n\n<ul class=\"wp-block-list\">\n<li>\u00c9crire une lettre dissuasive au promoteur, voire sign\u00e9e d\u2019un avocat si vous en avez un.<\/li>\n\n\n\n<li>M\u00e9diatiser votre lutte&nbsp;: communiqu\u00e9 ou point presse pour expliquer aux journalistes vos revendications.<\/li>\n\n\n\n<li>Surveiller les avis de la Mrae Occitanie (Mission r\u00e9gionale d\u2019autorit\u00e9 environnementale) car ils sortent en amont de l\u2019enqu\u00eate publique. Surveiller les avis d\u2019enqu\u00eate publique&nbsp;affich\u00e9s en mairie et diffus\u00e9s dans le journal de votre d\u00e9partement.<\/li>\n\n\n\n<li>\u00catre en veille, une ou deux personnes attitr\u00e9es \u00e7a suffit, les mairies ont des fa\u00e7ons \u201cdiscr\u00e8tes\u201d d\u2019informer la population. Une enqu\u00eate sur le PLUI par ex. et \u00e7a peut \u00eatre une modification pour une zone d\u2019acc\u00e9l\u00e9ration des EnR.<\/li>\n\n\n\n<li>S\u2019organiser en r\u00e9seau en adh\u00e9rant \u00e0 un collectif d\u00e9partemental et\/ou r\u00e9gional qui pourra r\u00e9pondre \u00e0 vos questions et vous conseillera.<\/li>\n<\/ul>\n\n\n\n<p>Il y a de tr\u00e8s nombreux exemples de projets abandonn\u00e9s, souvent par les \u00e9lu.es, voire des promoteurs, l\u00e0 o\u00f9 les citoyens se sont mobilis\u00e9s de la sorte.<br>Avec ce genre de m\u00e9thodes, on coupe l\u2019herbe sous les pieds d\u2019un projet, on \u00e9vite l\u2019enqu\u00eate publique et surtout les recours juridiques co\u00fbteux. Vous dire \u201cjuste\u201d que toute votre \u00e9nergie doit \u00eatre mise en branle d\u00e8s le d\u00e9but de soup\u00e7ons, de rumeurs, de RDV avec les \u00e9lu.es\u2026&nbsp;<\/p>\n\n\n\n<p class=\"has-background\" style=\"background-color:#fd8080\"><strong>Cette \u00e9nergie-l\u00e0 est payante. Si vous gagnez, vous pourrez vous reposer ensuite et en g\u00e9n\u00e9ral, devant une mobilisation importante les industriels h\u00e9sitent \u00e0 se pointer\u2009! On reste vigilant, et s\u2019ils reviennent, on est pr\u00eat&nbsp;!<\/strong><\/p>\n\n\n\n<p><em>&nbsp;(1) possible \u00e0 direction coll\u00e9giale et pensez \u00e0 demander le rescrit fiscal aupr\u00e8s de votre pr\u00e9fecture pour l\u2019appel \u00e0 dons. Vous pouvez aussi vous inspirer des actions de certaines associations qui animent leur village avec des soir\u00e9es culturelles (concerts, etc.) ce qui leur permet de faire passer leurs messages au public (relations plus conviviales pour le faire) et de r\u00e9colter sur les b\u00e9n\u00e9fice<\/em><\/p>\n","protected":false},"excerpt":{"rendered":"<p>Une compilation des suggestions de nos associations Aux \u00e9lections municipales, rares sont les t\u00eates de liste qui mettent sur leur programme le souhait d\u2019implanter 6&nbsp;\u00e9oliennes de 150&nbsp;m de haut \u00e0 500&nbsp;m des habitations&nbsp;; 30 hectares de photovolta\u00efque sur des pr\u00e9s communaux ou \u00e0 la demande d\u2019agriculteurs, ou une usine \u00e0 gaz comme un m\u00e9gam\u00e9thaniseur\u2026Quand on &#8230; <a title=\"Comment r\u00e9sister\u00a0: les gestes qui sauvent\u2009!\" class=\"read-more\" href=\"https:\/\/toutesnosenergies.fr\/index.php\/comment-resister-les-gestes-qui-sauvent\/\" aria-label=\"Plus sur Comment r\u00e9sister\u00a0: les gestes qui sauvent\u2009!\">Lire plus<\/a><\/p>\n","protected":false},"author":3,"featured_media":0,"parent":0,"menu_order":0,"comment_status":"closed","ping_status":"closed","template":"","meta":{"_cbd_carousel_blocks":"[]","sfsi_plus_gutenberg_text_before_share":"","sfsi_plus_gutenberg_show_text_before_share":"","sfsi_plus_gutenberg_icon_type":"","sfsi_plus_gutenberg_icon_alignemt":"","sfsi_plus_gutenburg_max_per_row":"","footnotes":""},"class_list":["post-11866","page","type-page","status-publish"],"yoast_head":"<!-- This site is optimized with the Yoast SEO plugin v27.3 - https:\/\/yoast.com\/product\/yoast-seo-wordpress\/ -->\n<title>Comment r\u00e9sister\u00a0: les gestes qui sauvent\u2009! - Toutes Nos \u00c9nergies \u2013 Occitanie Environnement<\/title>\n<meta name=\"robots\" content=\"index, follow, max-snippet:-1, max-image-preview:large, max-video-preview:-1\" \/>\n<link rel=\"canonical\" href=\"https:\/\/toutesnosenergies.fr\/index.php\/comment-resister-les-gestes-qui-sauvent\/\" \/>\n<meta property=\"og:locale\" content=\"fr_FR\" \/>\n<meta property=\"og:type\" content=\"article\" \/>\n<meta property=\"og:title\" content=\"Comment r\u00e9sister\u00a0: les gestes qui sauvent\u2009! - Toutes Nos \u00c9nergies \u2013 Occitanie Environnement\" \/>\n<meta property=\"og:description\" content=\"Une compilation des suggestions de nos associations Aux \u00e9lections municipales, rares sont les t\u00eates de liste qui mettent sur leur programme le souhait d\u2019implanter 6&nbsp;\u00e9oliennes de 150&nbsp;m de haut \u00e0 500&nbsp;m des habitations&nbsp;; 30 hectares de photovolta\u00efque sur des pr\u00e9s communaux ou \u00e0 la demande d\u2019agriculteurs, ou une usine \u00e0 gaz comme un m\u00e9gam\u00e9thaniseur\u2026Quand on ... Lire plus\" \/>\n<meta property=\"og:url\" content=\"https:\/\/toutesnosenergies.fr\/index.php\/comment-resister-les-gestes-qui-sauvent\/\" \/>\n<meta property=\"og:site_name\" content=\"Toutes Nos \u00c9nergies \u2013 Occitanie Environnement\" \/>\n<meta property=\"article:publisher\" content=\"https:\/\/www.facebook.com\/TNEtoutesnosenergiesOccitanieEnvironnement\" \/>\n<meta property=\"article:modified_time\" content=\"2025-07-09T11:02:37+00:00\" \/>\n<meta property=\"og:image\" content=\"https:\/\/toutesnosenergies.fr\/wp-content\/uploads\/2025\/07\/Capture-decran-2025-07-09-a-12.12.07.png\" \/>\n\t<meta property=\"og:image:width\" content=\"1504\" \/>\n\t<meta property=\"og:image:height\" content=\"1260\" \/>\n\t<meta property=\"og:image:type\" content=\"image\/png\" \/>\n<meta name=\"twitter:card\" content=\"summary_large_image\" \/>\n<meta name=\"twitter:label1\" content=\"Dur\u00e9e de lecture estim\u00e9e\" \/>\n\t<meta name=\"twitter:data1\" content=\"4 minutes\" \/>\n<script type=\"application\/ld+json\" class=\"yoast-schema-graph\">{\"@context\":\"https:\\\/\\\/schema.org\",\"@graph\":[{\"@type\":\"WebPage\",\"@id\":\"https:\\\/\\\/toutesnosenergies.fr\\\/index.php\\\/comment-resister-les-gestes-qui-sauvent\\\/\",\"url\":\"https:\\\/\\\/toutesnosenergies.fr\\\/index.php\\\/comment-resister-les-gestes-qui-sauvent\\\/\",\"name\":\"Comment r\u00e9sister\u00a0: les gestes qui sauvent\u2009! - Toutes Nos \u00c9nergies \u2013 Occitanie Environnement\",\"isPartOf\":{\"@id\":\"https:\\\/\\\/toutesnosenergies.fr\\\/#website\"},\"primaryImageOfPage\":{\"@id\":\"https:\\\/\\\/toutesnosenergies.fr\\\/index.php\\\/comment-resister-les-gestes-qui-sauvent\\\/#primaryimage\"},\"image\":{\"@id\":\"https:\\\/\\\/toutesnosenergies.fr\\\/index.php\\\/comment-resister-les-gestes-qui-sauvent\\\/#primaryimage\"},\"thumbnailUrl\":\"https:\\\/\\\/toutesnosenergies.fr\\\/wp-content\\\/uploads\\\/2025\\\/07\\\/Capture-decran-2025-07-09-a-12.12.07-1024x858.png\",\"datePublished\":\"2025-07-09T10:59:15+00:00\",\"dateModified\":\"2025-07-09T11:02:37+00:00\",\"breadcrumb\":{\"@id\":\"https:\\\/\\\/toutesnosenergies.fr\\\/index.php\\\/comment-resister-les-gestes-qui-sauvent\\\/#breadcrumb\"},\"inLanguage\":\"fr-FR\",\"potentialAction\":[{\"@type\":\"ReadAction\",\"target\":[\"https:\\\/\\\/toutesnosenergies.fr\\\/index.php\\\/comment-resister-les-gestes-qui-sauvent\\\/\"]}]},{\"@type\":\"ImageObject\",\"inLanguage\":\"fr-FR\",\"@id\":\"https:\\\/\\\/toutesnosenergies.fr\\\/index.php\\\/comment-resister-les-gestes-qui-sauvent\\\/#primaryimage\",\"url\":\"https:\\\/\\\/toutesnosenergies.fr\\\/wp-content\\\/uploads\\\/2025\\\/07\\\/Capture-decran-2025-07-09-a-12.12.07.png\",\"contentUrl\":\"https:\\\/\\\/toutesnosenergies.fr\\\/wp-content\\\/uploads\\\/2025\\\/07\\\/Capture-decran-2025-07-09-a-12.12.07.png\",\"width\":1504,\"height\":1260},{\"@type\":\"BreadcrumbList\",\"@id\":\"https:\\\/\\\/toutesnosenergies.fr\\\/index.php\\\/comment-resister-les-gestes-qui-sauvent\\\/#breadcrumb\",\"itemListElement\":[{\"@type\":\"ListItem\",\"position\":1,\"name\":\"Accueil\",\"item\":\"https:\\\/\\\/toutesnosenergies.fr\\\/\"},{\"@type\":\"ListItem\",\"position\":2,\"name\":\"Comment r\u00e9sister\u00a0: les gestes qui sauvent\u2009!\"}]},{\"@type\":\"WebSite\",\"@id\":\"https:\\\/\\\/toutesnosenergies.fr\\\/#website\",\"url\":\"https:\\\/\\\/toutesnosenergies.fr\\\/\",\"name\":\"Toutes Nos \u00c9nergies \u2013 Occitanie Environnement\",\"description\":\"Pour une \u00e9nergie respectueuse du vivant et des territoires ruraux en Occitanie\",\"publisher\":{\"@id\":\"https:\\\/\\\/toutesnosenergies.fr\\\/#organization\"},\"potentialAction\":[{\"@type\":\"SearchAction\",\"target\":{\"@type\":\"EntryPoint\",\"urlTemplate\":\"https:\\\/\\\/toutesnosenergies.fr\\\/?s={search_term_string}\"},\"query-input\":{\"@type\":\"PropertyValueSpecification\",\"valueRequired\":true,\"valueName\":\"search_term_string\"}}],\"inLanguage\":\"fr-FR\"},{\"@type\":\"Organization\",\"@id\":\"https:\\\/\\\/toutesnosenergies.fr\\\/#organization\",\"name\":\"Toutes Nos \u00c9nergies \u2013 Occitanie Environnement\",\"url\":\"https:\\\/\\\/toutesnosenergies.fr\\\/\",\"logo\":{\"@type\":\"ImageObject\",\"inLanguage\":\"fr-FR\",\"@id\":\"https:\\\/\\\/toutesnosenergies.fr\\\/#\\\/schema\\\/logo\\\/image\\\/\",\"url\":\"https:\\\/\\\/toutesnosenergies.fr\\\/wp-content\\\/uploads\\\/2023\\\/01\\\/Petit-logo.png\",\"contentUrl\":\"https:\\\/\\\/toutesnosenergies.fr\\\/wp-content\\\/uploads\\\/2023\\\/01\\\/Petit-logo.png\",\"width\":360,\"height\":102,\"caption\":\"Toutes Nos \u00c9nergies \u2013 Occitanie Environnement\"},\"image\":{\"@id\":\"https:\\\/\\\/toutesnosenergies.fr\\\/#\\\/schema\\\/logo\\\/image\\\/\"},\"sameAs\":[\"https:\\\/\\\/www.facebook.com\\\/TNEtoutesnosenergiesOccitanieEnvironnement\"]}]}<\/script>\n<!-- \/ Yoast SEO plugin. -->","yoast_head_json":{"title":"Comment r\u00e9sister\u00a0: les gestes qui sauvent\u2009! - Toutes Nos \u00c9nergies \u2013 Occitanie Environnement","robots":{"index":"index","follow":"follow","max-snippet":"max-snippet:-1","max-image-preview":"max-image-preview:large","max-video-preview":"max-video-preview:-1"},"canonical":"https:\/\/toutesnosenergies.fr\/index.php\/comment-resister-les-gestes-qui-sauvent\/","og_locale":"fr_FR","og_type":"article","og_title":"Comment r\u00e9sister\u00a0: les gestes qui sauvent\u2009! - Toutes Nos \u00c9nergies \u2013 Occitanie Environnement","og_description":"Une compilation des suggestions de nos associations Aux \u00e9lections municipales, rares sont les t\u00eates de liste qui mettent sur leur programme le souhait d\u2019implanter 6&nbsp;\u00e9oliennes de 150&nbsp;m de haut \u00e0 500&nbsp;m des habitations&nbsp;; 30 hectares de photovolta\u00efque sur des pr\u00e9s communaux ou \u00e0 la demande d\u2019agriculteurs, ou une usine \u00e0 gaz comme un m\u00e9gam\u00e9thaniseur\u2026Quand on ... Lire plus","og_url":"https:\/\/toutesnosenergies.fr\/index.php\/comment-resister-les-gestes-qui-sauvent\/","og_site_name":"Toutes Nos \u00c9nergies \u2013 Occitanie Environnement","article_publisher":"https:\/\/www.facebook.com\/TNEtoutesnosenergiesOccitanieEnvironnement","article_modified_time":"2025-07-09T11:02:37+00:00","og_image":[{"width":1504,"height":1260,"url":"https:\/\/toutesnosenergies.fr\/wp-content\/uploads\/2025\/07\/Capture-decran-2025-07-09-a-12.12.07.png","type":"image\/png"}],"twitter_card":"summary_large_image","twitter_misc":{"Dur\u00e9e de lecture estim\u00e9e":"4 minutes"},"schema":{"@context":"https:\/\/schema.org","@graph":[{"@type":"WebPage","@id":"https:\/\/toutesnosenergies.fr\/index.php\/comment-resister-les-gestes-qui-sauvent\/","url":"https:\/\/toutesnosenergies.fr\/index.php\/comment-resister-les-gestes-qui-sauvent\/","name":"Comment r\u00e9sister\u00a0: les gestes qui sauvent\u2009! - Toutes Nos \u00c9nergies \u2013 Occitanie Environnement","isPartOf":{"@id":"https:\/\/toutesnosenergies.fr\/#website"},"primaryImageOfPage":{"@id":"https:\/\/toutesnosenergies.fr\/index.php\/comment-resister-les-gestes-qui-sauvent\/#primaryimage"},"image":{"@id":"https:\/\/toutesnosenergies.fr\/index.php\/comment-resister-les-gestes-qui-sauvent\/#primaryimage"},"thumbnailUrl":"https:\/\/toutesnosenergies.fr\/wp-content\/uploads\/2025\/07\/Capture-decran-2025-07-09-a-12.12.07-1024x858.png","datePublished":"2025-07-09T10:59:15+00:00","dateModified":"2025-07-09T11:02:37+00:00","breadcrumb":{"@id":"https:\/\/toutesnosenergies.fr\/index.php\/comment-resister-les-gestes-qui-sauvent\/#breadcrumb"},"inLanguage":"fr-FR","potentialAction":[{"@type":"ReadAction","target":["https:\/\/toutesnosenergies.fr\/index.php\/comment-resister-les-gestes-qui-sauvent\/"]}]},{"@type":"ImageObject","inLanguage":"fr-FR","@id":"https:\/\/toutesnosenergies.fr\/index.php\/comment-resister-les-gestes-qui-sauvent\/#primaryimage","url":"https:\/\/toutesnosenergies.fr\/wp-content\/uploads\/2025\/07\/Capture-decran-2025-07-09-a-12.12.07.png","contentUrl":"https:\/\/toutesnosenergies.fr\/wp-content\/uploads\/2025\/07\/Capture-decran-2025-07-09-a-12.12.07.png","width":1504,"height":1260},{"@type":"BreadcrumbList","@id":"https:\/\/toutesnosenergies.fr\/index.php\/comment-resister-les-gestes-qui-sauvent\/#breadcrumb","itemListElement":[{"@type":"ListItem","position":1,"name":"Accueil","item":"https:\/\/toutesnosenergies.fr\/"},{"@type":"ListItem","position":2,"name":"Comment r\u00e9sister\u00a0: les gestes qui sauvent\u2009!"}]},{"@type":"WebSite","@id":"https:\/\/toutesnosenergies.fr\/#website","url":"https:\/\/toutesnosenergies.fr\/","name":"Toutes Nos \u00c9nergies \u2013 Occitanie Environnement","description":"Pour une \u00e9nergie respectueuse du vivant et des territoires ruraux en Occitanie","publisher":{"@id":"https:\/\/toutesnosenergies.fr\/#organization"},"potentialAction":[{"@type":"SearchAction","target":{"@type":"EntryPoint","urlTemplate":"https:\/\/toutesnosenergies.fr\/?s={search_term_string}"},"query-input":{"@type":"PropertyValueSpecification","valueRequired":true,"valueName":"search_term_string"}}],"inLanguage":"fr-FR"},{"@type":"Organization","@id":"https:\/\/toutesnosenergies.fr\/#organization","name":"Toutes Nos \u00c9nergies \u2013 Occitanie Environnement","url":"https:\/\/toutesnosenergies.fr\/","logo":{"@type":"ImageObject","inLanguage":"fr-FR","@id":"https:\/\/toutesnosenergies.fr\/#\/schema\/logo\/image\/","url":"https:\/\/toutesnosenergies.fr\/wp-content\/uploads\/2023\/01\/Petit-logo.png","contentUrl":"https:\/\/toutesnosenergies.fr\/wp-content\/uploads\/2023\/01\/Petit-logo.png","width":360,"height":102,"caption":"Toutes Nos \u00c9nergies \u2013 Occitanie Environnement"},"image":{"@id":"https:\/\/toutesnosenergies.fr\/#\/schema\/logo\/image\/"},"sameAs":["https:\/\/www.facebook.com\/TNEtoutesnosenergiesOccitanieEnvironnement"]}]}},"_links":{"self":[{"href":"https:\/\/toutesnosenergies.fr\/index.php\/wp-json\/wp\/v2\/pages\/11866","targetHints":{"allow":["GET"]}}],"collection":[{"href":"https:\/\/toutesnosenergies.fr\/index.php\/wp-json\/wp\/v2\/pages"}],"about":[{"href":"https:\/\/toutesnosenergies.fr\/index.php\/wp-json\/wp\/v2\/types\/page"}],"author":[{"embeddable":true,"href":"https:\/\/toutesnosenergies.fr\/index.php\/wp-json\/wp\/v2\/users\/3"}],"replies":[{"embeddable":true,"href":"https:\/\/toutesnosenergies.fr\/index.php\/wp-json\/wp\/v2\/comments?post=11866"}],"version-history":[{"count":2,"href":"https:\/\/toutesnosenergies.fr\/index.php\/wp-json\/wp\/v2\/pages\/11866\/revisions"}],"predecessor-version":[{"id":11869,"href":"https:\/\/toutesnosenergies.fr\/index.php\/wp-json\/wp\/v2\/pages\/11866\/revisions\/11869"}],"wp:attachment":[{"href":"https:\/\/toutesnosenergies.fr\/index.php\/wp-json\/wp\/v2\/media?parent=11866"}],"curies":[{"name":"wp","href":"https:\/\/api.w.org\/{rel}","templated":true}]}}