{"id":12056,"date":"2025-11-03T10:37:13","date_gmt":"2025-11-03T09:37:13","guid":{"rendered":"https:\/\/toutesnosenergies.fr\/?page_id=12056"},"modified":"2025-11-04T12:54:11","modified_gmt":"2025-11-04T11:54:11","slug":"guide-de-lopposant-aux-projets-de-photovoltaique","status":"publish","type":"page","link":"https:\/\/toutesnosenergies.fr\/index.php\/guide-de-lopposant-aux-projets-de-photovoltaique\/","title":{"rendered":"Guide de l&rsquo;opposant aux projets de photovolta\u00efque"},"content":{"rendered":"\n<h4 class=\"wp-block-heading has-background\" style=\"background-color:#f75a5a\">Comment les citoyens et leurs associations peuvent-ils r\u00e9agir lorsqu\u2019ils sont confront\u00e9s \u00e0 un projet photovolta\u00efque&nbsp; inappropri\u00e9 ?<\/h4>\n\n\n\n<p>Ceci est la <strong><em><a href=\"https:\/\/toutesnosenergies.fr\/wp-content\/uploads\/2025\/11\/Guide-photovoltaique-V2.pdf\">Version consolid\u00e9e \u00e9t\u00e9 2025<\/a><\/em><\/strong>, avec les r\u00e9f\u00e9rences juridiques, r\u00e9dig\u00e9e par Bruno Ladsous, membre du bureau national de Vent de Col\u00e8re et du collectif r\u00e9gional Toutes Nos \u00c9nergies Occitanie Environnement<\/p>\n\n\n\n<p><a href=\"https:\/\/toutesnosenergies.fr\/wp-content\/uploads\/2025\/11\/Guide-photovoltaique-V2.pdf\">GUIDE DE L&rsquo;OPPOSANT AUX PROJETS DE PHOTOVOLTA\u00cfQUES<\/a><\/p>\n\n\n\n<!--more-->\n\n\n\n<p>N&rsquo;h\u00e9sitez pas \u00e0 nous faire connaitre vos r\u00e9actions, corrections et am\u00e9liorations <br><a href=\"mailto:contact@toutesnosenergies.frcontact@toutesnosenergies.fr\">contact@toutesnosenergies.fr<\/a> <\/p>\n\n\n\n<p><\/p>\n","protected":false},"excerpt":{"rendered":"<p>Comment les citoyens et leurs associations peuvent-ils r\u00e9agir lorsqu\u2019ils sont confront\u00e9s \u00e0 un projet photovolta\u00efque&nbsp; inappropri\u00e9 ? Ceci est la Version consolid\u00e9e \u00e9t\u00e9 2025, avec les r\u00e9f\u00e9rences juridiques, r\u00e9dig\u00e9e par Bruno Ladsous, membre du bureau national de Vent de Col\u00e8re et du collectif r\u00e9gional Toutes Nos \u00c9nergies Occitanie Environnement GUIDE DE L&rsquo;OPPOSANT AUX PROJETS DE &#8230; <a title=\"Guide de l&rsquo;opposant aux projets de photovolta\u00efque\" class=\"read-more\" href=\"https:\/\/toutesnosenergies.fr\/index.php\/guide-de-lopposant-aux-projets-de-photovoltaique\/\" aria-label=\"Plus sur Guide de l&rsquo;opposant aux projets de photovolta\u00efque\">Lire plus<\/a><\/p>\n","protected":false},"author":3,"featured_media":0,"parent":0,"menu_order":0,"comment_status":"closed","ping_status":"closed","template":"","meta":{"_cbd_carousel_blocks":"[]","sfsi_plus_gutenberg_text_before_share":"","sfsi_plus_gutenberg_show_text_before_share":"","sfsi_plus_gutenberg_icon_type":"","sfsi_plus_gutenberg_icon_alignemt":"","sfsi_plus_gutenburg_max_per_row":"","footnotes":""},"class_list":["post-12056","page","type-page","status-publish"],"yoast_head":"<!-- This site is optimized with the Yoast SEO plugin v27.3 - https:\/\/yoast.com\/product\/yoast-seo-wordpress\/ -->\n<title>Guide de l&#039;opposant aux projets de photovolta\u00efque - Toutes Nos \u00c9nergies \u2013 Occitanie Environnement<\/title>\n<meta name=\"robots\" content=\"index, follow, max-snippet:-1, max-image-preview:large, max-video-preview:-1\" \/>\n<link rel=\"canonical\" href=\"https:\/\/toutesnosenergies.fr\/index.php\/guide-de-lopposant-aux-projets-de-photovoltaique\/\" \/>\n<meta property=\"og:locale\" content=\"fr_FR\" \/>\n<meta property=\"og:type\" content=\"article\" \/>\n<meta property=\"og:title\" content=\"Guide de l&#039;opposant aux projets de photovolta\u00efque - Toutes Nos \u00c9nergies \u2013 Occitanie Environnement\" \/>\n<meta property=\"og:description\" content=\"Comment les citoyens et leurs associations peuvent-ils r\u00e9agir lorsqu\u2019ils sont confront\u00e9s \u00e0 un projet photovolta\u00efque&nbsp; inappropri\u00e9 ? Ceci est la Version consolid\u00e9e \u00e9t\u00e9 2025, avec les r\u00e9f\u00e9rences juridiques, r\u00e9dig\u00e9e par Bruno Ladsous, membre du bureau national de Vent de Col\u00e8re et du collectif r\u00e9gional Toutes Nos \u00c9nergies Occitanie Environnement GUIDE DE L&rsquo;OPPOSANT AUX PROJETS DE ... Lire plus\" \/>\n<meta property=\"og:url\" content=\"https:\/\/toutesnosenergies.fr\/index.php\/guide-de-lopposant-aux-projets-de-photovoltaique\/\" \/>\n<meta property=\"og:site_name\" content=\"Toutes Nos \u00c9nergies \u2013 Occitanie Environnement\" \/>\n<meta property=\"article:publisher\" content=\"https:\/\/www.facebook.com\/TNEtoutesnosenergiesOccitanieEnvironnement\" \/>\n<meta property=\"article:modified_time\" content=\"2025-11-04T11:54:11+00:00\" \/>\n<meta name=\"twitter:card\" content=\"summary_large_image\" \/>\n<meta name=\"twitter:label1\" content=\"Dur\u00e9e de lecture estim\u00e9e\" \/>\n\t<meta name=\"twitter:data1\" content=\"1 minute\" \/>\n<script type=\"application\/ld+json\" class=\"yoast-schema-graph\">{\"@context\":\"https:\\\/\\\/schema.org\",\"@graph\":[{\"@type\":\"WebPage\",\"@id\":\"https:\\\/\\\/toutesnosenergies.fr\\\/index.php\\\/guide-de-lopposant-aux-projets-de-photovoltaique\\\/\",\"url\":\"https:\\\/\\\/toutesnosenergies.fr\\\/index.php\\\/guide-de-lopposant-aux-projets-de-photovoltaique\\\/\",\"name\":\"Guide de l'opposant aux projets de photovolta\u00efque - Toutes Nos \u00c9nergies \u2013 Occitanie Environnement\",\"isPartOf\":{\"@id\":\"https:\\\/\\\/toutesnosenergies.fr\\\/#website\"},\"datePublished\":\"2025-11-03T09:37:13+00:00\",\"dateModified\":\"2025-11-04T11:54:11+00:00\",\"breadcrumb\":{\"@id\":\"https:\\\/\\\/toutesnosenergies.fr\\\/index.php\\\/guide-de-lopposant-aux-projets-de-photovoltaique\\\/#breadcrumb\"},\"inLanguage\":\"fr-FR\",\"potentialAction\":[{\"@type\":\"ReadAction\",\"target\":[\"https:\\\/\\\/toutesnosenergies.fr\\\/index.php\\\/guide-de-lopposant-aux-projets-de-photovoltaique\\\/\"]}]},{\"@type\":\"BreadcrumbList\",\"@id\":\"https:\\\/\\\/toutesnosenergies.fr\\\/index.php\\\/guide-de-lopposant-aux-projets-de-photovoltaique\\\/#breadcrumb\",\"itemListElement\":[{\"@type\":\"ListItem\",\"position\":1,\"name\":\"Accueil\",\"item\":\"https:\\\/\\\/toutesnosenergies.fr\\\/\"},{\"@type\":\"ListItem\",\"position\":2,\"name\":\"Guide de l&rsquo;opposant aux projets de photovolta\u00efque\"}]},{\"@type\":\"WebSite\",\"@id\":\"https:\\\/\\\/toutesnosenergies.fr\\\/#website\",\"url\":\"https:\\\/\\\/toutesnosenergies.fr\\\/\",\"name\":\"Toutes Nos \u00c9nergies \u2013 Occitanie Environnement\",\"description\":\"Pour une \u00e9nergie respectueuse du vivant et des territoires ruraux en Occitanie\",\"publisher\":{\"@id\":\"https:\\\/\\\/toutesnosenergies.fr\\\/#organization\"},\"potentialAction\":[{\"@type\":\"SearchAction\",\"target\":{\"@type\":\"EntryPoint\",\"urlTemplate\":\"https:\\\/\\\/toutesnosenergies.fr\\\/?s={search_term_string}\"},\"query-input\":{\"@type\":\"PropertyValueSpecification\",\"valueRequired\":true,\"valueName\":\"search_term_string\"}}],\"inLanguage\":\"fr-FR\"},{\"@type\":\"Organization\",\"@id\":\"https:\\\/\\\/toutesnosenergies.fr\\\/#organization\",\"name\":\"Toutes Nos \u00c9nergies \u2013 Occitanie Environnement\",\"url\":\"https:\\\/\\\/toutesnosenergies.fr\\\/\",\"logo\":{\"@type\":\"ImageObject\",\"inLanguage\":\"fr-FR\",\"@id\":\"https:\\\/\\\/toutesnosenergies.fr\\\/#\\\/schema\\\/logo\\\/image\\\/\",\"url\":\"https:\\\/\\\/toutesnosenergies.fr\\\/wp-content\\\/uploads\\\/2023\\\/01\\\/Petit-logo.png\",\"contentUrl\":\"https:\\\/\\\/toutesnosenergies.fr\\\/wp-content\\\/uploads\\\/2023\\\/01\\\/Petit-logo.png\",\"width\":360,\"height\":102,\"caption\":\"Toutes Nos \u00c9nergies \u2013 Occitanie Environnement\"},\"image\":{\"@id\":\"https:\\\/\\\/toutesnosenergies.fr\\\/#\\\/schema\\\/logo\\\/image\\\/\"},\"sameAs\":[\"https:\\\/\\\/www.facebook.com\\\/TNEtoutesnosenergiesOccitanieEnvironnement\"]}]}<\/script>\n<!-- \/ Yoast SEO plugin. -->","yoast_head_json":{"title":"Guide de l'opposant aux projets de photovolta\u00efque - Toutes Nos \u00c9nergies \u2013 Occitanie Environnement","robots":{"index":"index","follow":"follow","max-snippet":"max-snippet:-1","max-image-preview":"max-image-preview:large","max-video-preview":"max-video-preview:-1"},"canonical":"https:\/\/toutesnosenergies.fr\/index.php\/guide-de-lopposant-aux-projets-de-photovoltaique\/","og_locale":"fr_FR","og_type":"article","og_title":"Guide de l'opposant aux projets de photovolta\u00efque - Toutes Nos \u00c9nergies \u2013 Occitanie Environnement","og_description":"Comment les citoyens et leurs associations peuvent-ils r\u00e9agir lorsqu\u2019ils sont confront\u00e9s \u00e0 un projet photovolta\u00efque&nbsp; inappropri\u00e9 ? Ceci est la Version consolid\u00e9e \u00e9t\u00e9 2025, avec les r\u00e9f\u00e9rences juridiques, r\u00e9dig\u00e9e par Bruno Ladsous, membre du bureau national de Vent de Col\u00e8re et du collectif r\u00e9gional Toutes Nos \u00c9nergies Occitanie Environnement GUIDE DE L&rsquo;OPPOSANT AUX PROJETS DE ... Lire plus","og_url":"https:\/\/toutesnosenergies.fr\/index.php\/guide-de-lopposant-aux-projets-de-photovoltaique\/","og_site_name":"Toutes Nos \u00c9nergies \u2013 Occitanie Environnement","article_publisher":"https:\/\/www.facebook.com\/TNEtoutesnosenergiesOccitanieEnvironnement","article_modified_time":"2025-11-04T11:54:11+00:00","twitter_card":"summary_large_image","twitter_misc":{"Dur\u00e9e de lecture estim\u00e9e":"1 minute"},"schema":{"@context":"https:\/\/schema.org","@graph":[{"@type":"WebPage","@id":"https:\/\/toutesnosenergies.fr\/index.php\/guide-de-lopposant-aux-projets-de-photovoltaique\/","url":"https:\/\/toutesnosenergies.fr\/index.php\/guide-de-lopposant-aux-projets-de-photovoltaique\/","name":"Guide de l'opposant aux projets de photovolta\u00efque - Toutes Nos \u00c9nergies \u2013 Occitanie Environnement","isPartOf":{"@id":"https:\/\/toutesnosenergies.fr\/#website"},"datePublished":"2025-11-03T09:37:13+00:00","dateModified":"2025-11-04T11:54:11+00:00","breadcrumb":{"@id":"https:\/\/toutesnosenergies.fr\/index.php\/guide-de-lopposant-aux-projets-de-photovoltaique\/#breadcrumb"},"inLanguage":"fr-FR","potentialAction":[{"@type":"ReadAction","target":["https:\/\/toutesnosenergies.fr\/index.php\/guide-de-lopposant-aux-projets-de-photovoltaique\/"]}]},{"@type":"BreadcrumbList","@id":"https:\/\/toutesnosenergies.fr\/index.php\/guide-de-lopposant-aux-projets-de-photovoltaique\/#breadcrumb","itemListElement":[{"@type":"ListItem","position":1,"name":"Accueil","item":"https:\/\/toutesnosenergies.fr\/"},{"@type":"ListItem","position":2,"name":"Guide de l&rsquo;opposant aux projets de photovolta\u00efque"}]},{"@type":"WebSite","@id":"https:\/\/toutesnosenergies.fr\/#website","url":"https:\/\/toutesnosenergies.fr\/","name":"Toutes Nos \u00c9nergies \u2013 Occitanie Environnement","description":"Pour une \u00e9nergie respectueuse du vivant et des territoires ruraux en Occitanie","publisher":{"@id":"https:\/\/toutesnosenergies.fr\/#organization"},"potentialAction":[{"@type":"SearchAction","target":{"@type":"EntryPoint","urlTemplate":"https:\/\/toutesnosenergies.fr\/?s={search_term_string}"},"query-input":{"@type":"PropertyValueSpecification","valueRequired":true,"valueName":"search_term_string"}}],"inLanguage":"fr-FR"},{"@type":"Organization","@id":"https:\/\/toutesnosenergies.fr\/#organization","name":"Toutes Nos \u00c9nergies \u2013 Occitanie Environnement","url":"https:\/\/toutesnosenergies.fr\/","logo":{"@type":"ImageObject","inLanguage":"fr-FR","@id":"https:\/\/toutesnosenergies.fr\/#\/schema\/logo\/image\/","url":"https:\/\/toutesnosenergies.fr\/wp-content\/uploads\/2023\/01\/Petit-logo.png","contentUrl":"https:\/\/toutesnosenergies.fr\/wp-content\/uploads\/2023\/01\/Petit-logo.png","width":360,"height":102,"caption":"Toutes Nos \u00c9nergies \u2013 Occitanie Environnement"},"image":{"@id":"https:\/\/toutesnosenergies.fr\/#\/schema\/logo\/image\/"},"sameAs":["https:\/\/www.facebook.com\/TNEtoutesnosenergiesOccitanieEnvironnement"]}]}},"_links":{"self":[{"href":"https:\/\/toutesnosenergies.fr\/index.php\/wp-json\/wp\/v2\/pages\/12056","targetHints":{"allow":["GET"]}}],"collection":[{"href":"https:\/\/toutesnosenergies.fr\/index.php\/wp-json\/wp\/v2\/pages"}],"about":[{"href":"https:\/\/toutesnosenergies.fr\/index.php\/wp-json\/wp\/v2\/types\/page"}],"author":[{"embeddable":true,"href":"https:\/\/toutesnosenergies.fr\/index.php\/wp-json\/wp\/v2\/users\/3"}],"replies":[{"embeddable":true,"href":"https:\/\/toutesnosenergies.fr\/index.php\/wp-json\/wp\/v2\/comments?post=12056"}],"version-history":[{"count":5,"href":"https:\/\/toutesnosenergies.fr\/index.php\/wp-json\/wp\/v2\/pages\/12056\/revisions"}],"predecessor-version":[{"id":12072,"href":"https:\/\/toutesnosenergies.fr\/index.php\/wp-json\/wp\/v2\/pages\/12056\/revisions\/12072"}],"wp:attachment":[{"href":"https:\/\/toutesnosenergies.fr\/index.php\/wp-json\/wp\/v2\/media?parent=12056"}],"curies":[{"name":"wp","href":"https:\/\/api.w.org\/{rel}","templated":true}]}}