{"id":1299,"date":"2018-04-19T20:03:32","date_gmt":"2018-04-19T18:03:32","guid":{"rendered":"http:\/\/toutesnosenergies.fr\/?page_id=1299"},"modified":"2018-04-19T20:28:16","modified_gmt":"2018-04-19T18:28:16","slug":"un-cahier-dacteur-qui-resume-notre-objectif","status":"publish","type":"page","link":"https:\/\/toutesnosenergies.fr\/index.php\/un-cahier-dacteur-qui-resume-notre-objectif\/","title":{"rendered":"Un \u00ab cahier d&rsquo;acteur\u00a0\u00bb qui r\u00e9sume notre objectif"},"content":{"rendered":"<p>Dans le cadre du d\u00e9bat lanc\u00e9 par la Commission Nationale du D\u00e9bat Public nous avons produit un\u00a0\u00ab\u00a0<a href=\"http:\/\/toutesnosenergies.fr\/wp-content\/uploads\/2018\/04\/cahier-d-acteur-ppe.pdf\">Cahier d&rsquo;acteur\u00a0<\/a>\u00bb qui reprend les principaux points de notre d\u00e9marche. En voici quelques extraits :<\/p>\n<p>\u00ab\u00a0Depuis une dizaine d\u2019ann\u00e9es les projets \u00e9oliens se sont multipli\u00e9s d\u2019une mani\u00e8re totalement anarchique. De plus en plus nombreux, des habitants s\u2019insurgent contre cette irruption agressive dans leur cadre de vie. Les associations locales de protection de la qualit\u00e9 de vie et de l\u2019environnement se sont mobilis\u00e9es.\u00a0\u00bb<\/p>\n<p>\u00ab\u00a0Le collectif Toutes Nos Energies &#8211; Occitanie Environnement souhaite participer \u00e0 une transition \u00e9cologique v\u00e9ritable et sinc\u00e8re. Partant de la question du d\u00e9veloppement de l\u2019\u00e9olien industriel, nous voulons \u00e9viter que se perp\u00e9tuent les d\u00e9gradations sociales, \u00e9conomiques et environnementales qu\u2019il a produit dans les territoires de notre r\u00e9gion. Nous analysons les causes, les effets et les solutions \u00e0 apporter pour rem\u00e9dier \u00e0 cette situation.\u00a0\u00bb<\/p>\n<p>\u00ab\u00a0Le d\u00e9bat public qui s\u2019ouvre nous donne l\u2019occasion de rappeler un principe d\u00e9mocratique, les citoyens doivent reprendre la parole et participer en amont, \u00e0 l\u2019\u00e9laboration des projets ayant un impact sur l\u2019environnement.\u00a0\u00bb<\/p>\n<p>\u00ab\u00a0Nous formulons\u2028 des propositions souvent interrogatives mais toujours constructives, tant sur le plan des choix techniques que sur celui des modalit\u00e9s d\u00e9mocratiques de conception et de mise en \u0153uvre de la transition \u00e9nerg\u00e9tique. Il s\u2019agit avant tout d\u2019\u00e9conomiser les ressources rares en veillant \u00e0 conserver leur qualit\u00e9 : l\u2019eau, l\u2019air, les m\u00e9taux et les mat\u00e9riaux de construction, dans le souci permanent de pr\u00e9server la sant\u00e9 et le bien-\u00eatre des personnes.\u00a0\u00bb<\/p>\n<p>\u00ab\u00a0Nous souhaitons une transition \u00e9nerg\u00e9tique \u00e9quilibr\u00e9e, selon trois conditions :<br \/>\n\u2013 Une <strong>transition globale<\/strong> : prenant en compte toutes les ressources de la r\u00e9gion (soleil, g\u00e9othermie, biomasse, vent&#8230;) et ses cours d\u2019eau, ainsi que les \u00e9nergies du futur.<br \/>\n\u2013 Une transition <strong>r\u00e9aliste au plan \u00e9conomique.<\/strong><br \/>\n\u2013 Une transition <strong>socialement acceptable<\/strong> par les habitants, respectueuse de la biodiversit\u00e9, du patrimoine paysager et culturel, de la qualit\u00e9 de vie et donc suscitant l\u2019adh\u00e9sion active des citoyens.\u00a0\u00bb<\/p>\n<p>Pour voir l&rsquo;int\u00e9gralit\u00e9 du <a href=\"http:\/\/toutesnosenergies.fr\/index.php\/mazamet-81\/cahier-d-acteur-ppe\/\" rel=\"attachment wp-att-1297\">Cahier d&rsquo;acteur PPE<\/a>.<\/p>\n","protected":false},"excerpt":{"rendered":"<p>Dans le cadre du d\u00e9bat lanc\u00e9 par la Commission Nationale du D\u00e9bat Public nous avons produit un\u00a0\u00ab\u00a0Cahier d&rsquo;acteur\u00a0\u00bb qui reprend les principaux points de notre d\u00e9marche. En voici quelques extraits : \u00ab\u00a0Depuis une dizaine d\u2019ann\u00e9es les projets \u00e9oliens se sont multipli\u00e9s d\u2019une mani\u00e8re totalement anarchique. De plus en plus nombreux, des habitants s\u2019insurgent contre cette &#8230; <a title=\"Un \u00ab cahier d&rsquo;acteur\u00a0\u00bb qui r\u00e9sume notre objectif\" class=\"read-more\" href=\"https:\/\/toutesnosenergies.fr\/index.php\/un-cahier-dacteur-qui-resume-notre-objectif\/\" aria-label=\"Plus sur Un \u00ab cahier d&rsquo;acteur\u00a0\u00bb qui r\u00e9sume notre objectif\">Lire plus<\/a><\/p>\n","protected":false},"author":3,"featured_media":0,"parent":0,"menu_order":0,"comment_status":"closed","ping_status":"closed","template":"","meta":{"_cbd_carousel_blocks":"[]","sfsi_plus_gutenberg_text_before_share":"","sfsi_plus_gutenberg_show_text_before_share":"","sfsi_plus_gutenberg_icon_type":"","sfsi_plus_gutenberg_icon_alignemt":"","sfsi_plus_gutenburg_max_per_row":"","footnotes":""},"class_list":["post-1299","page","type-page","status-publish"],"yoast_head":"<!-- This site is optimized with the Yoast SEO plugin v27.5 - https:\/\/yoast.com\/product\/yoast-seo-wordpress\/ -->\n<title>Un \u00ab cahier d&#039;acteur\u00a0\u00bb qui r\u00e9sume notre objectif - Toutes Nos \u00c9nergies \u2013 Occitanie Environnement<\/title>\n<meta name=\"robots\" content=\"index, follow, max-snippet:-1, max-image-preview:large, max-video-preview:-1\" \/>\n<link rel=\"canonical\" href=\"https:\/\/toutesnosenergies.fr\/index.php\/un-cahier-dacteur-qui-resume-notre-objectif\/\" \/>\n<meta property=\"og:locale\" content=\"fr_FR\" \/>\n<meta property=\"og:type\" content=\"article\" \/>\n<meta property=\"og:title\" content=\"Un \u00ab cahier d&#039;acteur\u00a0\u00bb qui r\u00e9sume notre objectif - Toutes Nos \u00c9nergies \u2013 Occitanie Environnement\" \/>\n<meta property=\"og:description\" content=\"Dans le cadre du d\u00e9bat lanc\u00e9 par la Commission Nationale du D\u00e9bat Public nous avons produit un\u00a0\u00ab\u00a0Cahier d&rsquo;acteur\u00a0\u00bb qui reprend les principaux points de notre d\u00e9marche. En voici quelques extraits : \u00ab\u00a0Depuis une dizaine d\u2019ann\u00e9es les projets \u00e9oliens se sont multipli\u00e9s d\u2019une mani\u00e8re totalement anarchique. De plus en plus nombreux, des habitants s\u2019insurgent contre cette ... Lire plus\" \/>\n<meta property=\"og:url\" content=\"https:\/\/toutesnosenergies.fr\/index.php\/un-cahier-dacteur-qui-resume-notre-objectif\/\" \/>\n<meta property=\"og:site_name\" content=\"Toutes Nos \u00c9nergies \u2013 Occitanie Environnement\" \/>\n<meta property=\"article:publisher\" content=\"https:\/\/www.facebook.com\/TNEtoutesnosenergiesOccitanieEnvironnement\" \/>\n<meta property=\"article:modified_time\" content=\"2018-04-19T18:28:16+00:00\" \/>\n<meta name=\"twitter:card\" content=\"summary_large_image\" \/>\n<meta name=\"twitter:label1\" content=\"Dur\u00e9e de lecture estim\u00e9e\" \/>\n\t<meta name=\"twitter:data1\" content=\"2 minutes\" \/>\n<script type=\"application\/ld+json\" class=\"yoast-schema-graph\">{\"@context\":\"https:\\\/\\\/schema.org\",\"@graph\":[{\"@type\":\"WebPage\",\"@id\":\"https:\\\/\\\/toutesnosenergies.fr\\\/index.php\\\/un-cahier-dacteur-qui-resume-notre-objectif\\\/\",\"url\":\"https:\\\/\\\/toutesnosenergies.fr\\\/index.php\\\/un-cahier-dacteur-qui-resume-notre-objectif\\\/\",\"name\":\"Un \u00ab cahier d'acteur\u00a0\u00bb qui r\u00e9sume notre objectif - Toutes Nos \u00c9nergies \u2013 Occitanie Environnement\",\"isPartOf\":{\"@id\":\"https:\\\/\\\/toutesnosenergies.fr\\\/#website\"},\"datePublished\":\"2018-04-19T18:03:32+00:00\",\"dateModified\":\"2018-04-19T18:28:16+00:00\",\"breadcrumb\":{\"@id\":\"https:\\\/\\\/toutesnosenergies.fr\\\/index.php\\\/un-cahier-dacteur-qui-resume-notre-objectif\\\/#breadcrumb\"},\"inLanguage\":\"fr-FR\",\"potentialAction\":[{\"@type\":\"ReadAction\",\"target\":[\"https:\\\/\\\/toutesnosenergies.fr\\\/index.php\\\/un-cahier-dacteur-qui-resume-notre-objectif\\\/\"]}]},{\"@type\":\"BreadcrumbList\",\"@id\":\"https:\\\/\\\/toutesnosenergies.fr\\\/index.php\\\/un-cahier-dacteur-qui-resume-notre-objectif\\\/#breadcrumb\",\"itemListElement\":[{\"@type\":\"ListItem\",\"position\":1,\"name\":\"Accueil\",\"item\":\"https:\\\/\\\/toutesnosenergies.fr\\\/\"},{\"@type\":\"ListItem\",\"position\":2,\"name\":\"Un \u00ab cahier d&#8217;acteur\u00a0\u00bb qui r\u00e9sume notre objectif\"}]},{\"@type\":\"WebSite\",\"@id\":\"https:\\\/\\\/toutesnosenergies.fr\\\/#website\",\"url\":\"https:\\\/\\\/toutesnosenergies.fr\\\/\",\"name\":\"Toutes Nos \u00c9nergies \u2013 Occitanie Environnement\",\"description\":\"Pour une \u00e9nergie respectueuse du vivant et des territoires ruraux en Occitanie\",\"publisher\":{\"@id\":\"https:\\\/\\\/toutesnosenergies.fr\\\/#organization\"},\"potentialAction\":[{\"@type\":\"SearchAction\",\"target\":{\"@type\":\"EntryPoint\",\"urlTemplate\":\"https:\\\/\\\/toutesnosenergies.fr\\\/?s={search_term_string}\"},\"query-input\":{\"@type\":\"PropertyValueSpecification\",\"valueRequired\":true,\"valueName\":\"search_term_string\"}}],\"inLanguage\":\"fr-FR\"},{\"@type\":\"Organization\",\"@id\":\"https:\\\/\\\/toutesnosenergies.fr\\\/#organization\",\"name\":\"Toutes Nos \u00c9nergies \u2013 Occitanie Environnement\",\"url\":\"https:\\\/\\\/toutesnosenergies.fr\\\/\",\"logo\":{\"@type\":\"ImageObject\",\"inLanguage\":\"fr-FR\",\"@id\":\"https:\\\/\\\/toutesnosenergies.fr\\\/#\\\/schema\\\/logo\\\/image\\\/\",\"url\":\"https:\\\/\\\/toutesnosenergies.fr\\\/wp-content\\\/uploads\\\/2023\\\/01\\\/Petit-logo.png\",\"contentUrl\":\"https:\\\/\\\/toutesnosenergies.fr\\\/wp-content\\\/uploads\\\/2023\\\/01\\\/Petit-logo.png\",\"width\":360,\"height\":102,\"caption\":\"Toutes Nos \u00c9nergies \u2013 Occitanie Environnement\"},\"image\":{\"@id\":\"https:\\\/\\\/toutesnosenergies.fr\\\/#\\\/schema\\\/logo\\\/image\\\/\"},\"sameAs\":[\"https:\\\/\\\/www.facebook.com\\\/TNEtoutesnosenergiesOccitanieEnvironnement\"]}]}<\/script>\n<!-- \/ Yoast SEO plugin. -->","yoast_head_json":{"title":"Un \u00ab cahier d'acteur\u00a0\u00bb qui r\u00e9sume notre objectif - Toutes Nos \u00c9nergies \u2013 Occitanie Environnement","robots":{"index":"index","follow":"follow","max-snippet":"max-snippet:-1","max-image-preview":"max-image-preview:large","max-video-preview":"max-video-preview:-1"},"canonical":"https:\/\/toutesnosenergies.fr\/index.php\/un-cahier-dacteur-qui-resume-notre-objectif\/","og_locale":"fr_FR","og_type":"article","og_title":"Un \u00ab cahier d'acteur\u00a0\u00bb qui r\u00e9sume notre objectif - Toutes Nos \u00c9nergies \u2013 Occitanie Environnement","og_description":"Dans le cadre du d\u00e9bat lanc\u00e9 par la Commission Nationale du D\u00e9bat Public nous avons produit un\u00a0\u00ab\u00a0Cahier d&rsquo;acteur\u00a0\u00bb qui reprend les principaux points de notre d\u00e9marche. En voici quelques extraits : \u00ab\u00a0Depuis une dizaine d\u2019ann\u00e9es les projets \u00e9oliens se sont multipli\u00e9s d\u2019une mani\u00e8re totalement anarchique. De plus en plus nombreux, des habitants s\u2019insurgent contre cette ... Lire plus","og_url":"https:\/\/toutesnosenergies.fr\/index.php\/un-cahier-dacteur-qui-resume-notre-objectif\/","og_site_name":"Toutes Nos \u00c9nergies \u2013 Occitanie Environnement","article_publisher":"https:\/\/www.facebook.com\/TNEtoutesnosenergiesOccitanieEnvironnement","article_modified_time":"2018-04-19T18:28:16+00:00","twitter_card":"summary_large_image","twitter_misc":{"Dur\u00e9e de lecture estim\u00e9e":"2 minutes"},"schema":{"@context":"https:\/\/schema.org","@graph":[{"@type":"WebPage","@id":"https:\/\/toutesnosenergies.fr\/index.php\/un-cahier-dacteur-qui-resume-notre-objectif\/","url":"https:\/\/toutesnosenergies.fr\/index.php\/un-cahier-dacteur-qui-resume-notre-objectif\/","name":"Un \u00ab cahier d'acteur\u00a0\u00bb qui r\u00e9sume notre objectif - Toutes Nos \u00c9nergies \u2013 Occitanie Environnement","isPartOf":{"@id":"https:\/\/toutesnosenergies.fr\/#website"},"datePublished":"2018-04-19T18:03:32+00:00","dateModified":"2018-04-19T18:28:16+00:00","breadcrumb":{"@id":"https:\/\/toutesnosenergies.fr\/index.php\/un-cahier-dacteur-qui-resume-notre-objectif\/#breadcrumb"},"inLanguage":"fr-FR","potentialAction":[{"@type":"ReadAction","target":["https:\/\/toutesnosenergies.fr\/index.php\/un-cahier-dacteur-qui-resume-notre-objectif\/"]}]},{"@type":"BreadcrumbList","@id":"https:\/\/toutesnosenergies.fr\/index.php\/un-cahier-dacteur-qui-resume-notre-objectif\/#breadcrumb","itemListElement":[{"@type":"ListItem","position":1,"name":"Accueil","item":"https:\/\/toutesnosenergies.fr\/"},{"@type":"ListItem","position":2,"name":"Un \u00ab cahier d&#8217;acteur\u00a0\u00bb qui r\u00e9sume notre objectif"}]},{"@type":"WebSite","@id":"https:\/\/toutesnosenergies.fr\/#website","url":"https:\/\/toutesnosenergies.fr\/","name":"Toutes Nos \u00c9nergies \u2013 Occitanie Environnement","description":"Pour une \u00e9nergie respectueuse du vivant et des territoires ruraux en Occitanie","publisher":{"@id":"https:\/\/toutesnosenergies.fr\/#organization"},"potentialAction":[{"@type":"SearchAction","target":{"@type":"EntryPoint","urlTemplate":"https:\/\/toutesnosenergies.fr\/?s={search_term_string}"},"query-input":{"@type":"PropertyValueSpecification","valueRequired":true,"valueName":"search_term_string"}}],"inLanguage":"fr-FR"},{"@type":"Organization","@id":"https:\/\/toutesnosenergies.fr\/#organization","name":"Toutes Nos \u00c9nergies \u2013 Occitanie Environnement","url":"https:\/\/toutesnosenergies.fr\/","logo":{"@type":"ImageObject","inLanguage":"fr-FR","@id":"https:\/\/toutesnosenergies.fr\/#\/schema\/logo\/image\/","url":"https:\/\/toutesnosenergies.fr\/wp-content\/uploads\/2023\/01\/Petit-logo.png","contentUrl":"https:\/\/toutesnosenergies.fr\/wp-content\/uploads\/2023\/01\/Petit-logo.png","width":360,"height":102,"caption":"Toutes Nos \u00c9nergies \u2013 Occitanie Environnement"},"image":{"@id":"https:\/\/toutesnosenergies.fr\/#\/schema\/logo\/image\/"},"sameAs":["https:\/\/www.facebook.com\/TNEtoutesnosenergiesOccitanieEnvironnement"]}]}},"_links":{"self":[{"href":"https:\/\/toutesnosenergies.fr\/index.php\/wp-json\/wp\/v2\/pages\/1299","targetHints":{"allow":["GET"]}}],"collection":[{"href":"https:\/\/toutesnosenergies.fr\/index.php\/wp-json\/wp\/v2\/pages"}],"about":[{"href":"https:\/\/toutesnosenergies.fr\/index.php\/wp-json\/wp\/v2\/types\/page"}],"author":[{"embeddable":true,"href":"https:\/\/toutesnosenergies.fr\/index.php\/wp-json\/wp\/v2\/users\/3"}],"replies":[{"embeddable":true,"href":"https:\/\/toutesnosenergies.fr\/index.php\/wp-json\/wp\/v2\/comments?post=1299"}],"version-history":[{"count":4,"href":"https:\/\/toutesnosenergies.fr\/index.php\/wp-json\/wp\/v2\/pages\/1299\/revisions"}],"predecessor-version":[{"id":1309,"href":"https:\/\/toutesnosenergies.fr\/index.php\/wp-json\/wp\/v2\/pages\/1299\/revisions\/1309"}],"wp:attachment":[{"href":"https:\/\/toutesnosenergies.fr\/index.php\/wp-json\/wp\/v2\/media?parent=1299"}],"curies":[{"name":"wp","href":"https:\/\/api.w.org\/{rel}","templated":true}]}}