{"id":1457,"date":"2018-06-04T20:18:28","date_gmt":"2018-06-04T18:18:28","guid":{"rendered":"http:\/\/toutesnosenergies.fr\/?page_id=1457"},"modified":"2018-06-06T09:23:14","modified_gmt":"2018-06-06T07:23:14","slug":"latelier-2-explorer-les-diverses-sources-denergie","status":"publish","type":"page","link":"https:\/\/toutesnosenergies.fr\/index.php\/latelier-2-explorer-les-diverses-sources-denergie\/","title":{"rendered":"L&rsquo;atelier 2 : choix \u00e9nerg\u00e9tiques et alternatives sociales"},"content":{"rendered":"<p>L&rsquo;atelier 2 &#8211; anim\u00e9 par Bruno Ladsous et Emmanuel Forichon &#8211; avec la participation de Jacqueline Balvet (ATTAC) \u00a0a explor\u00e9 les liens entre les choix \u00e9nerg\u00e9tiques et les alternatives sociales.<\/p>\n<p>Nous publierons la synth\u00e8se de cet atelier, mais nous vous proposons les fiches techniques pr\u00e9sentant les diff\u00e9rentes sources d&rsquo;\u00e9nergie.<\/p>\n<p>FT 1 : la <a href=\"http:\/\/toutesnosenergies.fr\/wp-content\/uploads\/2018\/06\/Atelier-2-FT-1-Petite-hydraulique.pdf\">petite hydraulique<\/a>.<\/p>\n<p>FT 2 : la <a href=\"http:\/\/toutesnosenergies.fr\/wp-content\/uploads\/2018\/06\/Atelier-2-FT-2-G\u00e9othermie.pdf\">g\u00e9othermie<\/a><\/p>\n<p>FT 3 : l&rsquo;<a href=\"http:\/\/toutesnosenergies.fr\/wp-content\/uploads\/2018\/06\/Atelier-2-FT-3-Autoproduction-Autoconsommation.pdf\">autoproduction et l&rsquo;autoconsommation<\/a><\/p>\n<p>FT 4 : le <a href=\"http:\/\/toutesnosenergies.fr\/wp-content\/uploads\/2018\/06\/Atelier-2-FT-4-Photovolta\u00efque.pdf\">photovolta\u00efque<\/a><\/p>\n<p>FT 5 : l&rsquo;<a href=\"http:\/\/toutesnosenergies.fr\/wp-content\/uploads\/2018\/06\/Atelier-2-FT-5-Eolien-terrestre.pdf\">\u00e9olien terrestre<\/a><\/p>\n<p>FT 6 : l&rsquo;<a href=\"http:\/\/toutesnosenergies.fr\/wp-content\/uploads\/2018\/06\/Atelier-2-FT-6-Eolien-flottant.pdf\">\u00e9olien flottant<\/a><\/p>\n<p>FT 7 : le <a href=\"http:\/\/toutesnosenergies.fr\/wp-content\/uploads\/2018\/06\/Atelier-2-FT-7-Biogaz-Valorisation-des-d\u00e9chets.pdf\">biogaz<\/a> et la valorisation des d\u00e9chets<\/p>\n<p>FT 8 : la <a href=\"http:\/\/toutesnosenergies.fr\/wp-content\/uploads\/2018\/06\/Atelier-2-FT-8-Biomasse.pdf\">biomasse<\/a><\/p>\n<p>FT 9 : l&rsquo;<a href=\"http:\/\/toutesnosenergies.fr\/wp-content\/uploads\/2018\/06\/Atelier-2-FT-9-Hydrolien.pdf\">hydrolien<\/a><\/p>\n<p>FT 10 : le<a href=\"http:\/\/toutesnosenergies.fr\/wp-content\/uploads\/2018\/06\/Atelier-2-FT-10-Nucl\u00e9aire.pdf\"> nucl\u00e9aire<\/a><\/p>\n<p>FT 11 : le sort des<a href=\"http:\/\/toutesnosenergies.fr\/wp-content\/uploads\/2018\/06\/Atelier-2-FT-11-Energies-fossiles.pdf\"> \u00e9nergies fossiles<\/a><\/p>\n<p>FT 12 : \u00a0le co\u00fbt r\u00e9el des<a href=\"http:\/\/toutesnosenergies.fr\/wp-content\/uploads\/2018\/06\/Atelier-2-FT-12-Co\u00fbt-des-d\u00e9mant\u00e8lements.pdf\"> d\u00e9mant\u00e8lements<\/a><\/p>\n<p>&nbsp;<\/p>\n","protected":false},"excerpt":{"rendered":"<p>L&rsquo;atelier 2 &#8211; anim\u00e9 par Bruno Ladsous et Emmanuel Forichon &#8211; avec la participation de Jacqueline Balvet (ATTAC) \u00a0a explor\u00e9 les liens entre les choix \u00e9nerg\u00e9tiques et les alternatives sociales. Nous publierons la synth\u00e8se de cet atelier, mais nous vous proposons les fiches techniques pr\u00e9sentant les diff\u00e9rentes sources d&rsquo;\u00e9nergie. FT 1 : la petite hydraulique. &#8230; <a title=\"L&rsquo;atelier 2 : choix \u00e9nerg\u00e9tiques et alternatives sociales\" class=\"read-more\" href=\"https:\/\/toutesnosenergies.fr\/index.php\/latelier-2-explorer-les-diverses-sources-denergie\/\" aria-label=\"Plus sur L&rsquo;atelier 2 : choix \u00e9nerg\u00e9tiques et alternatives sociales\">Lire plus<\/a><\/p>\n","protected":false},"author":3,"featured_media":0,"parent":0,"menu_order":0,"comment_status":"closed","ping_status":"closed","template":"","meta":{"_cbd_carousel_blocks":"[]","sfsi_plus_gutenberg_text_before_share":"","sfsi_plus_gutenberg_show_text_before_share":"","sfsi_plus_gutenberg_icon_type":"","sfsi_plus_gutenberg_icon_alignemt":"","sfsi_plus_gutenburg_max_per_row":"","footnotes":""},"class_list":["post-1457","page","type-page","status-publish"],"yoast_head":"<!-- This site is optimized with the Yoast SEO plugin v27.4 - https:\/\/yoast.com\/product\/yoast-seo-wordpress\/ -->\n<title>L&#039;atelier 2 : choix \u00e9nerg\u00e9tiques et alternatives sociales - Toutes Nos \u00c9nergies \u2013 Occitanie Environnement<\/title>\n<meta name=\"robots\" content=\"index, follow, max-snippet:-1, max-image-preview:large, max-video-preview:-1\" \/>\n<link rel=\"canonical\" href=\"https:\/\/toutesnosenergies.fr\/index.php\/latelier-2-explorer-les-diverses-sources-denergie\/\" \/>\n<meta property=\"og:locale\" content=\"fr_FR\" \/>\n<meta property=\"og:type\" content=\"article\" \/>\n<meta property=\"og:title\" content=\"L&#039;atelier 2 : choix \u00e9nerg\u00e9tiques et alternatives sociales - Toutes Nos \u00c9nergies \u2013 Occitanie Environnement\" \/>\n<meta property=\"og:description\" content=\"L&rsquo;atelier 2 &#8211; anim\u00e9 par Bruno Ladsous et Emmanuel Forichon &#8211; avec la participation de Jacqueline Balvet (ATTAC) \u00a0a explor\u00e9 les liens entre les choix \u00e9nerg\u00e9tiques et les alternatives sociales. Nous publierons la synth\u00e8se de cet atelier, mais nous vous proposons les fiches techniques pr\u00e9sentant les diff\u00e9rentes sources d&rsquo;\u00e9nergie. FT 1 : la petite hydraulique. ... Lire plus\" \/>\n<meta property=\"og:url\" content=\"https:\/\/toutesnosenergies.fr\/index.php\/latelier-2-explorer-les-diverses-sources-denergie\/\" \/>\n<meta property=\"og:site_name\" content=\"Toutes Nos \u00c9nergies \u2013 Occitanie Environnement\" \/>\n<meta property=\"article:publisher\" content=\"https:\/\/www.facebook.com\/TNEtoutesnosenergiesOccitanieEnvironnement\" \/>\n<meta property=\"article:modified_time\" content=\"2018-06-06T07:23:14+00:00\" \/>\n<meta name=\"twitter:card\" content=\"summary_large_image\" \/>\n<meta name=\"twitter:label1\" content=\"Dur\u00e9e de lecture estim\u00e9e\" \/>\n\t<meta name=\"twitter:data1\" content=\"1 minute\" \/>\n<script type=\"application\/ld+json\" class=\"yoast-schema-graph\">{\"@context\":\"https:\\\/\\\/schema.org\",\"@graph\":[{\"@type\":\"WebPage\",\"@id\":\"https:\\\/\\\/toutesnosenergies.fr\\\/index.php\\\/latelier-2-explorer-les-diverses-sources-denergie\\\/\",\"url\":\"https:\\\/\\\/toutesnosenergies.fr\\\/index.php\\\/latelier-2-explorer-les-diverses-sources-denergie\\\/\",\"name\":\"L'atelier 2 : choix \u00e9nerg\u00e9tiques et alternatives sociales - Toutes Nos \u00c9nergies \u2013 Occitanie Environnement\",\"isPartOf\":{\"@id\":\"https:\\\/\\\/toutesnosenergies.fr\\\/#website\"},\"datePublished\":\"2018-06-04T18:18:28+00:00\",\"dateModified\":\"2018-06-06T07:23:14+00:00\",\"breadcrumb\":{\"@id\":\"https:\\\/\\\/toutesnosenergies.fr\\\/index.php\\\/latelier-2-explorer-les-diverses-sources-denergie\\\/#breadcrumb\"},\"inLanguage\":\"fr-FR\",\"potentialAction\":[{\"@type\":\"ReadAction\",\"target\":[\"https:\\\/\\\/toutesnosenergies.fr\\\/index.php\\\/latelier-2-explorer-les-diverses-sources-denergie\\\/\"]}]},{\"@type\":\"BreadcrumbList\",\"@id\":\"https:\\\/\\\/toutesnosenergies.fr\\\/index.php\\\/latelier-2-explorer-les-diverses-sources-denergie\\\/#breadcrumb\",\"itemListElement\":[{\"@type\":\"ListItem\",\"position\":1,\"name\":\"Accueil\",\"item\":\"https:\\\/\\\/toutesnosenergies.fr\\\/\"},{\"@type\":\"ListItem\",\"position\":2,\"name\":\"L&#8217;atelier 2 : choix \u00e9nerg\u00e9tiques et alternatives sociales\"}]},{\"@type\":\"WebSite\",\"@id\":\"https:\\\/\\\/toutesnosenergies.fr\\\/#website\",\"url\":\"https:\\\/\\\/toutesnosenergies.fr\\\/\",\"name\":\"Toutes Nos \u00c9nergies \u2013 Occitanie Environnement\",\"description\":\"Pour une \u00e9nergie respectueuse du vivant et des territoires ruraux en Occitanie\",\"publisher\":{\"@id\":\"https:\\\/\\\/toutesnosenergies.fr\\\/#organization\"},\"potentialAction\":[{\"@type\":\"SearchAction\",\"target\":{\"@type\":\"EntryPoint\",\"urlTemplate\":\"https:\\\/\\\/toutesnosenergies.fr\\\/?s={search_term_string}\"},\"query-input\":{\"@type\":\"PropertyValueSpecification\",\"valueRequired\":true,\"valueName\":\"search_term_string\"}}],\"inLanguage\":\"fr-FR\"},{\"@type\":\"Organization\",\"@id\":\"https:\\\/\\\/toutesnosenergies.fr\\\/#organization\",\"name\":\"Toutes Nos \u00c9nergies \u2013 Occitanie Environnement\",\"url\":\"https:\\\/\\\/toutesnosenergies.fr\\\/\",\"logo\":{\"@type\":\"ImageObject\",\"inLanguage\":\"fr-FR\",\"@id\":\"https:\\\/\\\/toutesnosenergies.fr\\\/#\\\/schema\\\/logo\\\/image\\\/\",\"url\":\"https:\\\/\\\/toutesnosenergies.fr\\\/wp-content\\\/uploads\\\/2023\\\/01\\\/Petit-logo.png\",\"contentUrl\":\"https:\\\/\\\/toutesnosenergies.fr\\\/wp-content\\\/uploads\\\/2023\\\/01\\\/Petit-logo.png\",\"width\":360,\"height\":102,\"caption\":\"Toutes Nos \u00c9nergies \u2013 Occitanie Environnement\"},\"image\":{\"@id\":\"https:\\\/\\\/toutesnosenergies.fr\\\/#\\\/schema\\\/logo\\\/image\\\/\"},\"sameAs\":[\"https:\\\/\\\/www.facebook.com\\\/TNEtoutesnosenergiesOccitanieEnvironnement\"]}]}<\/script>\n<!-- \/ Yoast SEO plugin. -->","yoast_head_json":{"title":"L'atelier 2 : choix \u00e9nerg\u00e9tiques et alternatives sociales - Toutes Nos \u00c9nergies \u2013 Occitanie Environnement","robots":{"index":"index","follow":"follow","max-snippet":"max-snippet:-1","max-image-preview":"max-image-preview:large","max-video-preview":"max-video-preview:-1"},"canonical":"https:\/\/toutesnosenergies.fr\/index.php\/latelier-2-explorer-les-diverses-sources-denergie\/","og_locale":"fr_FR","og_type":"article","og_title":"L'atelier 2 : choix \u00e9nerg\u00e9tiques et alternatives sociales - Toutes Nos \u00c9nergies \u2013 Occitanie Environnement","og_description":"L&rsquo;atelier 2 &#8211; anim\u00e9 par Bruno Ladsous et Emmanuel Forichon &#8211; avec la participation de Jacqueline Balvet (ATTAC) \u00a0a explor\u00e9 les liens entre les choix \u00e9nerg\u00e9tiques et les alternatives sociales. Nous publierons la synth\u00e8se de cet atelier, mais nous vous proposons les fiches techniques pr\u00e9sentant les diff\u00e9rentes sources d&rsquo;\u00e9nergie. FT 1 : la petite hydraulique. ... Lire plus","og_url":"https:\/\/toutesnosenergies.fr\/index.php\/latelier-2-explorer-les-diverses-sources-denergie\/","og_site_name":"Toutes Nos \u00c9nergies \u2013 Occitanie Environnement","article_publisher":"https:\/\/www.facebook.com\/TNEtoutesnosenergiesOccitanieEnvironnement","article_modified_time":"2018-06-06T07:23:14+00:00","twitter_card":"summary_large_image","twitter_misc":{"Dur\u00e9e de lecture estim\u00e9e":"1 minute"},"schema":{"@context":"https:\/\/schema.org","@graph":[{"@type":"WebPage","@id":"https:\/\/toutesnosenergies.fr\/index.php\/latelier-2-explorer-les-diverses-sources-denergie\/","url":"https:\/\/toutesnosenergies.fr\/index.php\/latelier-2-explorer-les-diverses-sources-denergie\/","name":"L'atelier 2 : choix \u00e9nerg\u00e9tiques et alternatives sociales - Toutes Nos \u00c9nergies \u2013 Occitanie Environnement","isPartOf":{"@id":"https:\/\/toutesnosenergies.fr\/#website"},"datePublished":"2018-06-04T18:18:28+00:00","dateModified":"2018-06-06T07:23:14+00:00","breadcrumb":{"@id":"https:\/\/toutesnosenergies.fr\/index.php\/latelier-2-explorer-les-diverses-sources-denergie\/#breadcrumb"},"inLanguage":"fr-FR","potentialAction":[{"@type":"ReadAction","target":["https:\/\/toutesnosenergies.fr\/index.php\/latelier-2-explorer-les-diverses-sources-denergie\/"]}]},{"@type":"BreadcrumbList","@id":"https:\/\/toutesnosenergies.fr\/index.php\/latelier-2-explorer-les-diverses-sources-denergie\/#breadcrumb","itemListElement":[{"@type":"ListItem","position":1,"name":"Accueil","item":"https:\/\/toutesnosenergies.fr\/"},{"@type":"ListItem","position":2,"name":"L&#8217;atelier 2 : choix \u00e9nerg\u00e9tiques et alternatives sociales"}]},{"@type":"WebSite","@id":"https:\/\/toutesnosenergies.fr\/#website","url":"https:\/\/toutesnosenergies.fr\/","name":"Toutes Nos \u00c9nergies \u2013 Occitanie Environnement","description":"Pour une \u00e9nergie respectueuse du vivant et des territoires ruraux en Occitanie","publisher":{"@id":"https:\/\/toutesnosenergies.fr\/#organization"},"potentialAction":[{"@type":"SearchAction","target":{"@type":"EntryPoint","urlTemplate":"https:\/\/toutesnosenergies.fr\/?s={search_term_string}"},"query-input":{"@type":"PropertyValueSpecification","valueRequired":true,"valueName":"search_term_string"}}],"inLanguage":"fr-FR"},{"@type":"Organization","@id":"https:\/\/toutesnosenergies.fr\/#organization","name":"Toutes Nos \u00c9nergies \u2013 Occitanie Environnement","url":"https:\/\/toutesnosenergies.fr\/","logo":{"@type":"ImageObject","inLanguage":"fr-FR","@id":"https:\/\/toutesnosenergies.fr\/#\/schema\/logo\/image\/","url":"https:\/\/toutesnosenergies.fr\/wp-content\/uploads\/2023\/01\/Petit-logo.png","contentUrl":"https:\/\/toutesnosenergies.fr\/wp-content\/uploads\/2023\/01\/Petit-logo.png","width":360,"height":102,"caption":"Toutes Nos \u00c9nergies \u2013 Occitanie Environnement"},"image":{"@id":"https:\/\/toutesnosenergies.fr\/#\/schema\/logo\/image\/"},"sameAs":["https:\/\/www.facebook.com\/TNEtoutesnosenergiesOccitanieEnvironnement"]}]}},"_links":{"self":[{"href":"https:\/\/toutesnosenergies.fr\/index.php\/wp-json\/wp\/v2\/pages\/1457","targetHints":{"allow":["GET"]}}],"collection":[{"href":"https:\/\/toutesnosenergies.fr\/index.php\/wp-json\/wp\/v2\/pages"}],"about":[{"href":"https:\/\/toutesnosenergies.fr\/index.php\/wp-json\/wp\/v2\/types\/page"}],"author":[{"embeddable":true,"href":"https:\/\/toutesnosenergies.fr\/index.php\/wp-json\/wp\/v2\/users\/3"}],"replies":[{"embeddable":true,"href":"https:\/\/toutesnosenergies.fr\/index.php\/wp-json\/wp\/v2\/comments?post=1457"}],"version-history":[{"count":17,"href":"https:\/\/toutesnosenergies.fr\/index.php\/wp-json\/wp\/v2\/pages\/1457\/revisions"}],"predecessor-version":[{"id":1478,"href":"https:\/\/toutesnosenergies.fr\/index.php\/wp-json\/wp\/v2\/pages\/1457\/revisions\/1478"}],"wp:attachment":[{"href":"https:\/\/toutesnosenergies.fr\/index.php\/wp-json\/wp\/v2\/media?parent=1457"}],"curies":[{"name":"wp","href":"https:\/\/api.w.org\/{rel}","templated":true}]}}