{"id":1628,"date":"2018-09-26T20:04:56","date_gmt":"2018-09-26T18:04:56","guid":{"rendered":"http:\/\/toutesnosenergies.fr\/?page_id=1628"},"modified":"2018-11-22T16:14:48","modified_gmt":"2018-11-22T15:14:48","slug":"que-defendons-nous","status":"publish","type":"page","link":"https:\/\/toutesnosenergies.fr\/index.php\/que-defendons-nous\/","title":{"rendered":"Que propose le collectif r\u00e9gional  \u00ab Toutes Nos Energies &#8211; Occitanie Environnement \u00bb ?"},"content":{"rendered":"<h3><strong>Quelle transition\u00a0?<\/strong><\/h3>\n<p>Les bouleversements climatiques, g\u00e9opolitiques et l\u2019effondrement de nombreux \u00e9cosyst\u00e8mes ont d\u00e9j\u00e0, et auront de plus en plus, des cons\u00e9quences s\u00e9rieuses sur nos vies\u00a0: il est n\u00e9cessaire et urgent de rompre avec la facilit\u00e9 des Trente glorieuses et\u00a0 de d\u00e9cennies de gaspillage. Dans ce contexte, il n\u2019est plus possible de se satisfaire de d\u00e9cisions inappropri\u00e9es, prises dans \u00a0l\u2019<em>entre-soi\u00a0<\/em>des \u00e9lus et des administrations sous l\u2019influence de lobbys financ\u00e9s par les op\u00e9rateurs priv\u00e9s.<\/p>\n<p>La transition ne sera \u00ab\u202f\u00e9cologique\u202f\u00bb que si les citoyens y participent pleinement.\u00a0 Il s\u2019agit donc de mettre en place localement, avec l\u2019aide des pouvoirs publics, des solutions fond\u00e9es sur une vision positive de l\u2019avenir :<\/p>\n<ul>\n<li><strong>r\u00e9duire notre consommation d\u2019\u00e9nergie et nos \u00e9missions de CO2<\/strong>.<\/li>\n<li>renforcer la capacit\u00e9 \u00e9conomique de nos territoires (\u00e9nergie, alimentation\u2026) et sauvegarder la biodiversit\u00e9 promue grande cause nationale.<\/li>\n<li><strong>renforcer les solidarit\u00e9s et la coop\u00e9ration entre les acteurs du territoire\u00a0<\/strong>et acqu\u00e9rir les comp\u00e9tences n\u00e9cessaires pour renforcer notre autonomie (\u00e9nerg\u00e9tique, alimentaire\u2026)<\/li>\n<li>pour cela d\u00e9finir ou penser des territoires pertinents pour agir en fonction de leur taille, des solidarit\u00e9s qui y existent et du cadre de vie souhait\u00e9 par leurs habitants.<\/li>\n<\/ul>\n<ul>\n<li>\n<h3><strong>Quel progr\u00e8s\u00a0?<\/strong><\/h3>\n<\/li>\n<\/ul>\n<p>La croissance \u00e9conomique qui repose sur l\u2019\u00e9puisement des ressources de la plan\u00e8te et\u00a0 sur la concentration des richesses et des pouvoirs montre chaque jour davantage ses limites et ses dangers.<\/p>\n<p>La transition \u00e9nerg\u00e9tique telle qu\u2019elle est conduite depuis quelques d\u00e9cennies sous la pression de lobbys industriels et financiers \u00e0 la recherche de profits imm\u00e9diats, conduit \u00e0 toute sorte d\u2019abus \u00e9conomiques et sociaux et de d\u00e9gradations environnementales.<\/p>\n<p>A titre d\u2019exemple, le d\u00e9veloppement de l\u2019\u00e9olien industriel\u00a0 \u00e9chappe de fait au contr\u00f4le des pouvoirs publics, porte atteinte \u00e0 la sant\u00e9 humaine et aux \u00e9cosyst\u00e8mes, sans contribuer significativement \u00e0 r\u00e9duire les \u00e9missions de CO2 ni\u00a0 l\u2019extraction des ressources naturelles.<\/p>\n<p>Nous sommes les porteurs d\u2019une alternative de progr\u00e8s, face \u00e0 ceux dont le mod\u00e8le de pens\u00e9e se r\u00e9sume \u00e0 faire produire de l\u2019\u00e9nergie dans les campagnes au b\u00e9n\u00e9fice des m\u00e9tropoles urbaines.<\/p>\n<ul>\n<li>\n<h3><strong>Quelle politique territoriale\u00a0?<\/strong><\/h3>\n<\/li>\n<\/ul>\n<p>En d\u00e9non\u00e7ant la mise en \u0153uvre de politiques \u00e9nerg\u00e9tiques non concert\u00e9es, irrespectueuses des territoires et de leurs habitants, nous nous r\u00e9f\u00e9rons\u00a0:<\/p>\n<ul>\n<li>\u00e0 la d\u00e9finition de l\u2019Organisation mondiale de la sant\u00e9\u00a0: la <strong>sant\u00e9 humaine\u00a0<\/strong>est un \u00e9tat de complet bien-\u00eatre physique, mental et social, et ne consiste pas seulement en une absence de maladie ou d&rsquo;infirmit\u00e9,<\/li>\n<li>\u00e0 la Convention europ\u00e9enne du paysage, ratifi\u00e9e par la France le 17 mars 2006, qui stipule que <strong>le paysage\u00a0<\/strong>constitue un \u00e9l\u00e9ment essentiel du bien-\u00eatre individuel et social,<\/li>\n<li>\u00e0 la loi pour la reconqu\u00eate de <strong>la biodiversit\u00e9<\/strong>, de la nature et des paysages du 8 ao\u00fbt 2016 ainsi que sur les diverses directives europ\u00e9ennes visant \u00e0 la pr\u00e9servation des \u00e9cosyst\u00e8mes.<\/li>\n<\/ul>\n<p>Nous demandons que les plans climat \u00e9nergie territoriaux (<em>PCAET<\/em>), ayant pour finalit\u00e9 la lutte contre le changement climatique, soient \u00e9labor\u00e9s avec la participation effective des habitants des territoires et prennent en compte les vrais enjeux.<\/p>\n<p>Nous demandons que le sch\u00e9ma r\u00e9gional d&rsquo;am\u00e9nagement, de d\u00e9veloppement durable et d\u2019\u00e9galit\u00e9 des territoires (SRADDET), nouveau cadre de la planification r\u00e9gionale en mati\u00e8re d&rsquo;am\u00e9nagement du territoire, fasse l\u2019objet d\u2019une concertation sinc\u00e8re et r\u00e9ponde aux imp\u00e9ratifs sociaux et environnementaux \u00e0 moyen et long terme et non aux exigences des lobbys industriels et financiers.<\/p>\n<ul>\n<li>\n<h3><strong>Quelle participation des citoyens ?<\/strong><\/h3>\n<\/li>\n<\/ul>\n<p>Depuis 2 ans, nos 160 associations locales et collectifs d\u00e9partementaux r\u00e9unis dans Toutes Nos Energies \u2013 Occitanie Environnement\u00a0 constituent une force d\u2019alerte, de r\u00e9flexion et de proposition en r\u00e9gion Occitanie. Nous nous effor\u00e7ons de participer aux concertations et actions locales et r\u00e9gionales, d\u2019\u00eatre pr\u00e9sents dans les diff\u00e9rents endroits o\u00f9 se pr\u00e9parent les d\u00e9cisions, de faire conna\u00eetre nos d\u00e9saccords et notre d\u00e9marche.<\/p>\n<p>Les pouvoirs publics ont r\u00e9duit la port\u00e9e de l\u2019article 7 de la Charte constitutionnelle qui devait favoriser l\u2019acc\u00e8s des citoyens aux informations relatives \u00e0 l\u2019environnement et nous permettre de participer \u00e0 l\u2019\u00e9laboration des d\u00e9cisions publiques ayant une incidence sur l\u2019environnement (Convention d\u2019Aarhus).<\/p>\n<p>Nous demandons que soient cr\u00e9\u00e9es les conditions d\u2019une v\u00e9ritable participation citoyenne pour renouveler nos fa\u00e7ons de consommer, de produire, de travailler, de vivre ensemble et, ainsi, r\u00e9pondre aux grands enjeux actuels.<\/p>\n<p>Au plan national, nous nous appuyons sur des f\u00e9d\u00e9rations tr\u00e8s actives et au plan europ\u00e9en, sur un certain nombre d\u2019engagements auxquels la France a souscrit, ainsi que sur la possibilit\u00e9 de recours juridiques.<\/p>\n<ul>\n<li>\n<h3><strong>Qu\u2019est-ce que Rep\u00f2sta\u00a0?<\/strong><\/h3>\n<\/li>\n<\/ul>\n<p>Les solutions que nous proposons, au-del\u00e0 de leur dimension technique, ont une port\u00e9e globale, nettement plus large que le sc\u00e9nario \u00ab\u00a0R\u00e9gion \u00e0 \u00e9nergie positive\u00a0\u00bb (Repos) du Conseil r\u00e9gional. Rep\u00f2sta (r\u00e9plique en occitan) est une d\u00e9marche\u00a0:<\/p>\n<ul>\n<li><strong>alternative\u00a0<\/strong>: un projet pour notre temps, destin\u00e9 \u00e0 permettre d\u2019\u00e9conomiser les ressources rares\u00a0en veillant \u00e0 conserver leur qualit\u00e9 : l\u2019\u00e9nergie, tant \u00e9lectrique que non \u00e9lectrique, les m\u00e9taux et les mat\u00e9riaux de construction, le sol, l\u2019eau, l\u2019air, la sant\u00e9 et le bien-\u00eatre\u00a0;<\/li>\n<\/ul>\n<ul>\n<li><strong>sociale\u00a0: <\/strong>un projet privil\u00e9giant les mod\u00e8les les plus sobres et les plus r\u00e9alistes au plan \u00e9conomique, attentif aux risques de pr\u00e9carit\u00e9 \u00e9nerg\u00e9tique\u00a0;<\/li>\n<\/ul>\n<ul>\n<li><strong>participative :<\/strong>\u00a0un projet permettant aux citoyens d\u2019\u00eatre partie prenante de la transition\u00a0; leur participation ne saurait se limiter \u00e0 des consultations factices ni s\u2019acheter\u00a0par des incitations financi\u00e8res renfor\u00e7ant le pouvoir de l\u2019argent, aux antipodes d\u2019une adh\u00e9sion libre et \u00e9clair\u00e9e.<\/li>\n<\/ul>\n<p>&nbsp;<\/p>\n<ul>\n<li><strong>territorialis\u00e9e :\u00a0<\/strong>un projet valorisant les ressources propres de chaque territoire, respectant ses sp\u00e9cificit\u00e9s et son attractivit\u00e9 (qualit\u00e9 de vie, paysages, biodiversit\u00e9) et b\u00e9n\u00e9ficiant \u00e0 ses habitants (autoconsommation, relocalisation d\u2019activit\u00e9s).<\/li>\n<\/ul>\n<p>Au plan technique, nous nous appuyons sur\u00a0deux axes\u00a0:<\/p>\n<ul>\n<li>une priorit\u00e9\u00a0: r\u00e9duire la consommation totale d\u2019\u00e9nergies, en accompagnant les efforts des citoyens et des entreprises.<\/li>\n<li>pour les solutions de production, un cahier des charges\u00a0: efficacit\u00e9 technique, efficacit\u00e9 \u00e9conomique, efficacit\u00e9 environnementale, acceptation sociale. Et un chiffrage.<\/li>\n<\/ul>\n<p><a href=\"http:\/\/toutesnosenergies.fr\/index.php\/transition-energetique\/\">http:\/\/toutesnosenergies.fr\/index.php\/transition-energetique\/<\/a><\/p>\n<p>C\u2019est pour proposer cette d\u00e9marche que, depuis des mois, nous recherchons le dialogue avec la R\u00e9gion. Il semble enfin amorc\u00e9. Nous esp\u00e9rons qu\u2019il aboutira.<\/p>\n<p style=\"text-align: right;\">Septembre 2018<\/p>\n","protected":false},"excerpt":{"rendered":"<p>Quelle transition\u00a0? Les bouleversements climatiques, g\u00e9opolitiques et l\u2019effondrement de nombreux \u00e9cosyst\u00e8mes ont d\u00e9j\u00e0, et auront de plus en plus, des cons\u00e9quences s\u00e9rieuses sur nos vies\u00a0: il est n\u00e9cessaire et urgent de rompre avec la facilit\u00e9 des Trente glorieuses et\u00a0 de d\u00e9cennies de gaspillage. Dans ce contexte, il n\u2019est plus possible de se satisfaire de d\u00e9cisions &#8230; <a title=\"Que propose le collectif r\u00e9gional  \u00ab Toutes Nos Energies &#8211; Occitanie Environnement \u00bb ?\" class=\"read-more\" href=\"https:\/\/toutesnosenergies.fr\/index.php\/que-defendons-nous\/\" aria-label=\"Plus sur Que propose le collectif r\u00e9gional  \u00ab Toutes Nos Energies &#8211; Occitanie Environnement \u00bb ?\">Lire plus<\/a><\/p>\n","protected":false},"author":3,"featured_media":0,"parent":0,"menu_order":0,"comment_status":"closed","ping_status":"closed","template":"","meta":{"_cbd_carousel_blocks":"[]","sfsi_plus_gutenberg_text_before_share":"","sfsi_plus_gutenberg_show_text_before_share":"","sfsi_plus_gutenberg_icon_type":"","sfsi_plus_gutenberg_icon_alignemt":"","sfsi_plus_gutenburg_max_per_row":"","footnotes":""},"class_list":["post-1628","page","type-page","status-publish"],"yoast_head":"<!-- This site is optimized with the Yoast SEO plugin v27.3 - https:\/\/yoast.com\/product\/yoast-seo-wordpress\/ -->\n<title>Que propose le collectif r\u00e9gional \u00ab Toutes Nos Energies - Occitanie Environnement \u00bb ? - Toutes Nos \u00c9nergies \u2013 Occitanie Environnement<\/title>\n<meta name=\"robots\" content=\"index, follow, max-snippet:-1, max-image-preview:large, max-video-preview:-1\" \/>\n<link rel=\"canonical\" href=\"https:\/\/toutesnosenergies.fr\/index.php\/que-defendons-nous\/\" \/>\n<meta property=\"og:locale\" content=\"fr_FR\" \/>\n<meta property=\"og:type\" content=\"article\" \/>\n<meta property=\"og:title\" content=\"Que propose le collectif r\u00e9gional \u00ab Toutes Nos Energies - Occitanie Environnement \u00bb ? - Toutes Nos \u00c9nergies \u2013 Occitanie Environnement\" \/>\n<meta property=\"og:description\" content=\"Quelle transition\u00a0? Les bouleversements climatiques, g\u00e9opolitiques et l\u2019effondrement de nombreux \u00e9cosyst\u00e8mes ont d\u00e9j\u00e0, et auront de plus en plus, des cons\u00e9quences s\u00e9rieuses sur nos vies\u00a0: il est n\u00e9cessaire et urgent de rompre avec la facilit\u00e9 des Trente glorieuses et\u00a0 de d\u00e9cennies de gaspillage. Dans ce contexte, il n\u2019est plus possible de se satisfaire de d\u00e9cisions ... Lire plus\" \/>\n<meta property=\"og:url\" content=\"https:\/\/toutesnosenergies.fr\/index.php\/que-defendons-nous\/\" \/>\n<meta property=\"og:site_name\" content=\"Toutes Nos \u00c9nergies \u2013 Occitanie Environnement\" \/>\n<meta property=\"article:publisher\" content=\"https:\/\/www.facebook.com\/TNEtoutesnosenergiesOccitanieEnvironnement\" \/>\n<meta property=\"article:modified_time\" content=\"2018-11-22T15:14:48+00:00\" \/>\n<meta name=\"twitter:card\" content=\"summary_large_image\" \/>\n<meta name=\"twitter:label1\" content=\"Dur\u00e9e de lecture estim\u00e9e\" \/>\n\t<meta name=\"twitter:data1\" content=\"5 minutes\" \/>\n<script type=\"application\/ld+json\" class=\"yoast-schema-graph\">{\"@context\":\"https:\\\/\\\/schema.org\",\"@graph\":[{\"@type\":\"WebPage\",\"@id\":\"https:\\\/\\\/toutesnosenergies.fr\\\/index.php\\\/que-defendons-nous\\\/\",\"url\":\"https:\\\/\\\/toutesnosenergies.fr\\\/index.php\\\/que-defendons-nous\\\/\",\"name\":\"Que propose le collectif r\u00e9gional \u00ab Toutes Nos Energies - Occitanie Environnement \u00bb ? - Toutes Nos \u00c9nergies \u2013 Occitanie Environnement\",\"isPartOf\":{\"@id\":\"https:\\\/\\\/toutesnosenergies.fr\\\/#website\"},\"datePublished\":\"2018-09-26T18:04:56+00:00\",\"dateModified\":\"2018-11-22T15:14:48+00:00\",\"breadcrumb\":{\"@id\":\"https:\\\/\\\/toutesnosenergies.fr\\\/index.php\\\/que-defendons-nous\\\/#breadcrumb\"},\"inLanguage\":\"fr-FR\",\"potentialAction\":[{\"@type\":\"ReadAction\",\"target\":[\"https:\\\/\\\/toutesnosenergies.fr\\\/index.php\\\/que-defendons-nous\\\/\"]}]},{\"@type\":\"BreadcrumbList\",\"@id\":\"https:\\\/\\\/toutesnosenergies.fr\\\/index.php\\\/que-defendons-nous\\\/#breadcrumb\",\"itemListElement\":[{\"@type\":\"ListItem\",\"position\":1,\"name\":\"Accueil\",\"item\":\"https:\\\/\\\/toutesnosenergies.fr\\\/\"},{\"@type\":\"ListItem\",\"position\":2,\"name\":\"Que propose le collectif r\u00e9gional \u00ab Toutes Nos Energies &#8211; Occitanie Environnement \u00bb ?\"}]},{\"@type\":\"WebSite\",\"@id\":\"https:\\\/\\\/toutesnosenergies.fr\\\/#website\",\"url\":\"https:\\\/\\\/toutesnosenergies.fr\\\/\",\"name\":\"Toutes Nos \u00c9nergies \u2013 Occitanie Environnement\",\"description\":\"Pour une \u00e9nergie respectueuse du vivant et des territoires ruraux en Occitanie\",\"publisher\":{\"@id\":\"https:\\\/\\\/toutesnosenergies.fr\\\/#organization\"},\"potentialAction\":[{\"@type\":\"SearchAction\",\"target\":{\"@type\":\"EntryPoint\",\"urlTemplate\":\"https:\\\/\\\/toutesnosenergies.fr\\\/?s={search_term_string}\"},\"query-input\":{\"@type\":\"PropertyValueSpecification\",\"valueRequired\":true,\"valueName\":\"search_term_string\"}}],\"inLanguage\":\"fr-FR\"},{\"@type\":\"Organization\",\"@id\":\"https:\\\/\\\/toutesnosenergies.fr\\\/#organization\",\"name\":\"Toutes Nos \u00c9nergies \u2013 Occitanie Environnement\",\"url\":\"https:\\\/\\\/toutesnosenergies.fr\\\/\",\"logo\":{\"@type\":\"ImageObject\",\"inLanguage\":\"fr-FR\",\"@id\":\"https:\\\/\\\/toutesnosenergies.fr\\\/#\\\/schema\\\/logo\\\/image\\\/\",\"url\":\"https:\\\/\\\/toutesnosenergies.fr\\\/wp-content\\\/uploads\\\/2023\\\/01\\\/Petit-logo.png\",\"contentUrl\":\"https:\\\/\\\/toutesnosenergies.fr\\\/wp-content\\\/uploads\\\/2023\\\/01\\\/Petit-logo.png\",\"width\":360,\"height\":102,\"caption\":\"Toutes Nos \u00c9nergies \u2013 Occitanie Environnement\"},\"image\":{\"@id\":\"https:\\\/\\\/toutesnosenergies.fr\\\/#\\\/schema\\\/logo\\\/image\\\/\"},\"sameAs\":[\"https:\\\/\\\/www.facebook.com\\\/TNEtoutesnosenergiesOccitanieEnvironnement\"]}]}<\/script>\n<!-- \/ Yoast SEO plugin. -->","yoast_head_json":{"title":"Que propose le collectif r\u00e9gional \u00ab Toutes Nos Energies - Occitanie Environnement \u00bb ? - Toutes Nos \u00c9nergies \u2013 Occitanie Environnement","robots":{"index":"index","follow":"follow","max-snippet":"max-snippet:-1","max-image-preview":"max-image-preview:large","max-video-preview":"max-video-preview:-1"},"canonical":"https:\/\/toutesnosenergies.fr\/index.php\/que-defendons-nous\/","og_locale":"fr_FR","og_type":"article","og_title":"Que propose le collectif r\u00e9gional \u00ab Toutes Nos Energies - Occitanie Environnement \u00bb ? - Toutes Nos \u00c9nergies \u2013 Occitanie Environnement","og_description":"Quelle transition\u00a0? Les bouleversements climatiques, g\u00e9opolitiques et l\u2019effondrement de nombreux \u00e9cosyst\u00e8mes ont d\u00e9j\u00e0, et auront de plus en plus, des cons\u00e9quences s\u00e9rieuses sur nos vies\u00a0: il est n\u00e9cessaire et urgent de rompre avec la facilit\u00e9 des Trente glorieuses et\u00a0 de d\u00e9cennies de gaspillage. Dans ce contexte, il n\u2019est plus possible de se satisfaire de d\u00e9cisions ... Lire plus","og_url":"https:\/\/toutesnosenergies.fr\/index.php\/que-defendons-nous\/","og_site_name":"Toutes Nos \u00c9nergies \u2013 Occitanie Environnement","article_publisher":"https:\/\/www.facebook.com\/TNEtoutesnosenergiesOccitanieEnvironnement","article_modified_time":"2018-11-22T15:14:48+00:00","twitter_card":"summary_large_image","twitter_misc":{"Dur\u00e9e de lecture estim\u00e9e":"5 minutes"},"schema":{"@context":"https:\/\/schema.org","@graph":[{"@type":"WebPage","@id":"https:\/\/toutesnosenergies.fr\/index.php\/que-defendons-nous\/","url":"https:\/\/toutesnosenergies.fr\/index.php\/que-defendons-nous\/","name":"Que propose le collectif r\u00e9gional \u00ab Toutes Nos Energies - Occitanie Environnement \u00bb ? - Toutes Nos \u00c9nergies \u2013 Occitanie Environnement","isPartOf":{"@id":"https:\/\/toutesnosenergies.fr\/#website"},"datePublished":"2018-09-26T18:04:56+00:00","dateModified":"2018-11-22T15:14:48+00:00","breadcrumb":{"@id":"https:\/\/toutesnosenergies.fr\/index.php\/que-defendons-nous\/#breadcrumb"},"inLanguage":"fr-FR","potentialAction":[{"@type":"ReadAction","target":["https:\/\/toutesnosenergies.fr\/index.php\/que-defendons-nous\/"]}]},{"@type":"BreadcrumbList","@id":"https:\/\/toutesnosenergies.fr\/index.php\/que-defendons-nous\/#breadcrumb","itemListElement":[{"@type":"ListItem","position":1,"name":"Accueil","item":"https:\/\/toutesnosenergies.fr\/"},{"@type":"ListItem","position":2,"name":"Que propose le collectif r\u00e9gional \u00ab Toutes Nos Energies &#8211; Occitanie Environnement \u00bb ?"}]},{"@type":"WebSite","@id":"https:\/\/toutesnosenergies.fr\/#website","url":"https:\/\/toutesnosenergies.fr\/","name":"Toutes Nos \u00c9nergies \u2013 Occitanie Environnement","description":"Pour une \u00e9nergie respectueuse du vivant et des territoires ruraux en Occitanie","publisher":{"@id":"https:\/\/toutesnosenergies.fr\/#organization"},"potentialAction":[{"@type":"SearchAction","target":{"@type":"EntryPoint","urlTemplate":"https:\/\/toutesnosenergies.fr\/?s={search_term_string}"},"query-input":{"@type":"PropertyValueSpecification","valueRequired":true,"valueName":"search_term_string"}}],"inLanguage":"fr-FR"},{"@type":"Organization","@id":"https:\/\/toutesnosenergies.fr\/#organization","name":"Toutes Nos \u00c9nergies \u2013 Occitanie Environnement","url":"https:\/\/toutesnosenergies.fr\/","logo":{"@type":"ImageObject","inLanguage":"fr-FR","@id":"https:\/\/toutesnosenergies.fr\/#\/schema\/logo\/image\/","url":"https:\/\/toutesnosenergies.fr\/wp-content\/uploads\/2023\/01\/Petit-logo.png","contentUrl":"https:\/\/toutesnosenergies.fr\/wp-content\/uploads\/2023\/01\/Petit-logo.png","width":360,"height":102,"caption":"Toutes Nos \u00c9nergies \u2013 Occitanie Environnement"},"image":{"@id":"https:\/\/toutesnosenergies.fr\/#\/schema\/logo\/image\/"},"sameAs":["https:\/\/www.facebook.com\/TNEtoutesnosenergiesOccitanieEnvironnement"]}]}},"_links":{"self":[{"href":"https:\/\/toutesnosenergies.fr\/index.php\/wp-json\/wp\/v2\/pages\/1628","targetHints":{"allow":["GET"]}}],"collection":[{"href":"https:\/\/toutesnosenergies.fr\/index.php\/wp-json\/wp\/v2\/pages"}],"about":[{"href":"https:\/\/toutesnosenergies.fr\/index.php\/wp-json\/wp\/v2\/types\/page"}],"author":[{"embeddable":true,"href":"https:\/\/toutesnosenergies.fr\/index.php\/wp-json\/wp\/v2\/users\/3"}],"replies":[{"embeddable":true,"href":"https:\/\/toutesnosenergies.fr\/index.php\/wp-json\/wp\/v2\/comments?post=1628"}],"version-history":[{"count":4,"href":"https:\/\/toutesnosenergies.fr\/index.php\/wp-json\/wp\/v2\/pages\/1628\/revisions"}],"predecessor-version":[{"id":1784,"href":"https:\/\/toutesnosenergies.fr\/index.php\/wp-json\/wp\/v2\/pages\/1628\/revisions\/1784"}],"wp:attachment":[{"href":"https:\/\/toutesnosenergies.fr\/index.php\/wp-json\/wp\/v2\/media?parent=1628"}],"curies":[{"name":"wp","href":"https:\/\/api.w.org\/{rel}","templated":true}]}}