{"id":194,"date":"2017-05-25T22:04:22","date_gmt":"2017-05-25T20:04:22","guid":{"rendered":"http:\/\/toutesnosenergies.fr\/?page_id=194"},"modified":"2023-02-03T23:37:24","modified_gmt":"2023-02-03T22:37:24","slug":"economie","status":"publish","type":"page","link":"https:\/\/toutesnosenergies.fr\/index.php\/economie\/","title":{"rendered":"Impacts sociaux et \u00e9conomiques"},"content":{"rendered":"<p>Pour aborder les impacts sociaux et \u00e9conomiques de l\u2019implantation des \u00e9oliennes industrielles, il faut comprendre pourquoi et comment elles ont \u00e9t\u00e9 introduites en France et dans le monde.<\/p>\n<p>Nous examinons en quoi les \u00e9nergies renouvelables peuvent ou non constituer une r\u00e9ponse globalement adapt\u00e9e. Et nous regardons plus particuli\u00e8rement la situation de l\u2019\u00e9olien aux plans techniques, \u00e9conomiques et sociaux.<\/p>\n<p>Nous soulignons ainsi que les ambitions initiales de l\u2019\u00e9olien (\u00e9nergie verte, \u00e9nergie moderne) ont \u00e9t\u00e9 perverties par une m\u00e9connaissance profonde des m\u00e9canismes \u00e9conomiques sp\u00e9cifiques au secteur de l\u2019\u00e9conomie.<\/p>\n<p><strong>Ce <a href=\"http:\/\/toutesnosenergies.fr\/wp-content\/uploads\/2018\/01\/GT-TNE-impacts-sociaux-et-\u00e9conomiques-de-l\u00e9olien.pdf\" target=\"_blank\" rel=\"noopener\">document est issu d\u2019un groupe de travail<\/a> mis en place par le collectif. Il sera r\u00e9actualis\u00e9 en fonction de nos rencontres avec l\u2019ensemble de nos interlocuteurs et de nos propres recherches.<\/strong><\/p>\n<p>Vos remarques et commentaires seront les bienvenus.<\/p>\n","protected":false},"excerpt":{"rendered":"<p>Pour aborder les impacts sociaux et \u00e9conomiques de l\u2019implantation des \u00e9oliennes industrielles, il faut comprendre pourquoi et comment elles ont \u00e9t\u00e9 introduites en France et dans le monde. Nous examinons en quoi les \u00e9nergies renouvelables peuvent ou non constituer une r\u00e9ponse globalement adapt\u00e9e. Et nous regardons plus particuli\u00e8rement la situation de l\u2019\u00e9olien aux plans techniques, &#8230; <a title=\"Impacts sociaux et \u00e9conomiques\" class=\"read-more\" href=\"https:\/\/toutesnosenergies.fr\/index.php\/economie\/\" aria-label=\"Plus sur Impacts sociaux et \u00e9conomiques\">Lire plus<\/a><\/p>\n","protected":false},"author":1,"featured_media":0,"parent":0,"menu_order":0,"comment_status":"closed","ping_status":"closed","template":"","meta":{"_cbd_carousel_blocks":"[]","sfsi_plus_gutenberg_text_before_share":"","sfsi_plus_gutenberg_show_text_before_share":"","sfsi_plus_gutenberg_icon_type":"","sfsi_plus_gutenberg_icon_alignemt":"","sfsi_plus_gutenburg_max_per_row":"","footnotes":""},"class_list":["post-194","page","type-page","status-publish"],"yoast_head":"<!-- This site is optimized with the Yoast SEO plugin v27.4 - https:\/\/yoast.com\/product\/yoast-seo-wordpress\/ -->\n<title>Impacts sociaux et \u00e9conomiques - Toutes Nos \u00c9nergies \u2013 Occitanie Environnement<\/title>\n<meta name=\"robots\" content=\"index, follow, max-snippet:-1, max-image-preview:large, max-video-preview:-1\" \/>\n<link rel=\"canonical\" href=\"https:\/\/toutesnosenergies.fr\/index.php\/economie\/\" \/>\n<meta property=\"og:locale\" content=\"fr_FR\" \/>\n<meta property=\"og:type\" content=\"article\" \/>\n<meta property=\"og:title\" content=\"Impacts sociaux et \u00e9conomiques - Toutes Nos \u00c9nergies \u2013 Occitanie Environnement\" \/>\n<meta property=\"og:description\" content=\"Pour aborder les impacts sociaux et \u00e9conomiques de l\u2019implantation des \u00e9oliennes industrielles, il faut comprendre pourquoi et comment elles ont \u00e9t\u00e9 introduites en France et dans le monde. Nous examinons en quoi les \u00e9nergies renouvelables peuvent ou non constituer une r\u00e9ponse globalement adapt\u00e9e. Et nous regardons plus particuli\u00e8rement la situation de l\u2019\u00e9olien aux plans techniques, ... Lire plus\" \/>\n<meta property=\"og:url\" content=\"https:\/\/toutesnosenergies.fr\/index.php\/economie\/\" \/>\n<meta property=\"og:site_name\" content=\"Toutes Nos \u00c9nergies \u2013 Occitanie Environnement\" \/>\n<meta property=\"article:publisher\" content=\"https:\/\/www.facebook.com\/TNEtoutesnosenergiesOccitanieEnvironnement\" \/>\n<meta property=\"article:modified_time\" content=\"2023-02-03T22:37:24+00:00\" \/>\n<meta name=\"twitter:card\" content=\"summary_large_image\" \/>\n<meta name=\"twitter:label1\" content=\"Dur\u00e9e de lecture estim\u00e9e\" \/>\n\t<meta name=\"twitter:data1\" content=\"1 minute\" \/>\n<script type=\"application\/ld+json\" class=\"yoast-schema-graph\">{\"@context\":\"https:\\\/\\\/schema.org\",\"@graph\":[{\"@type\":\"WebPage\",\"@id\":\"https:\\\/\\\/toutesnosenergies.fr\\\/index.php\\\/economie\\\/\",\"url\":\"https:\\\/\\\/toutesnosenergies.fr\\\/index.php\\\/economie\\\/\",\"name\":\"Impacts sociaux et \u00e9conomiques - Toutes Nos \u00c9nergies \u2013 Occitanie Environnement\",\"isPartOf\":{\"@id\":\"https:\\\/\\\/toutesnosenergies.fr\\\/#website\"},\"datePublished\":\"2017-05-25T20:04:22+00:00\",\"dateModified\":\"2023-02-03T22:37:24+00:00\",\"breadcrumb\":{\"@id\":\"https:\\\/\\\/toutesnosenergies.fr\\\/index.php\\\/economie\\\/#breadcrumb\"},\"inLanguage\":\"fr-FR\",\"potentialAction\":[{\"@type\":\"ReadAction\",\"target\":[\"https:\\\/\\\/toutesnosenergies.fr\\\/index.php\\\/economie\\\/\"]}]},{\"@type\":\"BreadcrumbList\",\"@id\":\"https:\\\/\\\/toutesnosenergies.fr\\\/index.php\\\/economie\\\/#breadcrumb\",\"itemListElement\":[{\"@type\":\"ListItem\",\"position\":1,\"name\":\"Accueil\",\"item\":\"https:\\\/\\\/toutesnosenergies.fr\\\/\"},{\"@type\":\"ListItem\",\"position\":2,\"name\":\"Impacts sociaux et \u00e9conomiques\"}]},{\"@type\":\"WebSite\",\"@id\":\"https:\\\/\\\/toutesnosenergies.fr\\\/#website\",\"url\":\"https:\\\/\\\/toutesnosenergies.fr\\\/\",\"name\":\"Toutes Nos \u00c9nergies \u2013 Occitanie Environnement\",\"description\":\"Pour une \u00e9nergie respectueuse du vivant et des territoires ruraux en Occitanie\",\"publisher\":{\"@id\":\"https:\\\/\\\/toutesnosenergies.fr\\\/#organization\"},\"potentialAction\":[{\"@type\":\"SearchAction\",\"target\":{\"@type\":\"EntryPoint\",\"urlTemplate\":\"https:\\\/\\\/toutesnosenergies.fr\\\/?s={search_term_string}\"},\"query-input\":{\"@type\":\"PropertyValueSpecification\",\"valueRequired\":true,\"valueName\":\"search_term_string\"}}],\"inLanguage\":\"fr-FR\"},{\"@type\":\"Organization\",\"@id\":\"https:\\\/\\\/toutesnosenergies.fr\\\/#organization\",\"name\":\"Toutes Nos \u00c9nergies \u2013 Occitanie Environnement\",\"url\":\"https:\\\/\\\/toutesnosenergies.fr\\\/\",\"logo\":{\"@type\":\"ImageObject\",\"inLanguage\":\"fr-FR\",\"@id\":\"https:\\\/\\\/toutesnosenergies.fr\\\/#\\\/schema\\\/logo\\\/image\\\/\",\"url\":\"https:\\\/\\\/toutesnosenergies.fr\\\/wp-content\\\/uploads\\\/2023\\\/01\\\/Petit-logo.png\",\"contentUrl\":\"https:\\\/\\\/toutesnosenergies.fr\\\/wp-content\\\/uploads\\\/2023\\\/01\\\/Petit-logo.png\",\"width\":360,\"height\":102,\"caption\":\"Toutes Nos \u00c9nergies \u2013 Occitanie Environnement\"},\"image\":{\"@id\":\"https:\\\/\\\/toutesnosenergies.fr\\\/#\\\/schema\\\/logo\\\/image\\\/\"},\"sameAs\":[\"https:\\\/\\\/www.facebook.com\\\/TNEtoutesnosenergiesOccitanieEnvironnement\"]}]}<\/script>\n<!-- \/ Yoast SEO plugin. -->","yoast_head_json":{"title":"Impacts sociaux et \u00e9conomiques - Toutes Nos \u00c9nergies \u2013 Occitanie Environnement","robots":{"index":"index","follow":"follow","max-snippet":"max-snippet:-1","max-image-preview":"max-image-preview:large","max-video-preview":"max-video-preview:-1"},"canonical":"https:\/\/toutesnosenergies.fr\/index.php\/economie\/","og_locale":"fr_FR","og_type":"article","og_title":"Impacts sociaux et \u00e9conomiques - Toutes Nos \u00c9nergies \u2013 Occitanie Environnement","og_description":"Pour aborder les impacts sociaux et \u00e9conomiques de l\u2019implantation des \u00e9oliennes industrielles, il faut comprendre pourquoi et comment elles ont \u00e9t\u00e9 introduites en France et dans le monde. Nous examinons en quoi les \u00e9nergies renouvelables peuvent ou non constituer une r\u00e9ponse globalement adapt\u00e9e. Et nous regardons plus particuli\u00e8rement la situation de l\u2019\u00e9olien aux plans techniques, ... Lire plus","og_url":"https:\/\/toutesnosenergies.fr\/index.php\/economie\/","og_site_name":"Toutes Nos \u00c9nergies \u2013 Occitanie Environnement","article_publisher":"https:\/\/www.facebook.com\/TNEtoutesnosenergiesOccitanieEnvironnement","article_modified_time":"2023-02-03T22:37:24+00:00","twitter_card":"summary_large_image","twitter_misc":{"Dur\u00e9e de lecture estim\u00e9e":"1 minute"},"schema":{"@context":"https:\/\/schema.org","@graph":[{"@type":"WebPage","@id":"https:\/\/toutesnosenergies.fr\/index.php\/economie\/","url":"https:\/\/toutesnosenergies.fr\/index.php\/economie\/","name":"Impacts sociaux et \u00e9conomiques - Toutes Nos \u00c9nergies \u2013 Occitanie Environnement","isPartOf":{"@id":"https:\/\/toutesnosenergies.fr\/#website"},"datePublished":"2017-05-25T20:04:22+00:00","dateModified":"2023-02-03T22:37:24+00:00","breadcrumb":{"@id":"https:\/\/toutesnosenergies.fr\/index.php\/economie\/#breadcrumb"},"inLanguage":"fr-FR","potentialAction":[{"@type":"ReadAction","target":["https:\/\/toutesnosenergies.fr\/index.php\/economie\/"]}]},{"@type":"BreadcrumbList","@id":"https:\/\/toutesnosenergies.fr\/index.php\/economie\/#breadcrumb","itemListElement":[{"@type":"ListItem","position":1,"name":"Accueil","item":"https:\/\/toutesnosenergies.fr\/"},{"@type":"ListItem","position":2,"name":"Impacts sociaux et \u00e9conomiques"}]},{"@type":"WebSite","@id":"https:\/\/toutesnosenergies.fr\/#website","url":"https:\/\/toutesnosenergies.fr\/","name":"Toutes Nos \u00c9nergies \u2013 Occitanie Environnement","description":"Pour une \u00e9nergie respectueuse du vivant et des territoires ruraux en Occitanie","publisher":{"@id":"https:\/\/toutesnosenergies.fr\/#organization"},"potentialAction":[{"@type":"SearchAction","target":{"@type":"EntryPoint","urlTemplate":"https:\/\/toutesnosenergies.fr\/?s={search_term_string}"},"query-input":{"@type":"PropertyValueSpecification","valueRequired":true,"valueName":"search_term_string"}}],"inLanguage":"fr-FR"},{"@type":"Organization","@id":"https:\/\/toutesnosenergies.fr\/#organization","name":"Toutes Nos \u00c9nergies \u2013 Occitanie Environnement","url":"https:\/\/toutesnosenergies.fr\/","logo":{"@type":"ImageObject","inLanguage":"fr-FR","@id":"https:\/\/toutesnosenergies.fr\/#\/schema\/logo\/image\/","url":"https:\/\/toutesnosenergies.fr\/wp-content\/uploads\/2023\/01\/Petit-logo.png","contentUrl":"https:\/\/toutesnosenergies.fr\/wp-content\/uploads\/2023\/01\/Petit-logo.png","width":360,"height":102,"caption":"Toutes Nos \u00c9nergies \u2013 Occitanie Environnement"},"image":{"@id":"https:\/\/toutesnosenergies.fr\/#\/schema\/logo\/image\/"},"sameAs":["https:\/\/www.facebook.com\/TNEtoutesnosenergiesOccitanieEnvironnement"]}]}},"_links":{"self":[{"href":"https:\/\/toutesnosenergies.fr\/index.php\/wp-json\/wp\/v2\/pages\/194","targetHints":{"allow":["GET"]}}],"collection":[{"href":"https:\/\/toutesnosenergies.fr\/index.php\/wp-json\/wp\/v2\/pages"}],"about":[{"href":"https:\/\/toutesnosenergies.fr\/index.php\/wp-json\/wp\/v2\/types\/page"}],"author":[{"embeddable":true,"href":"https:\/\/toutesnosenergies.fr\/index.php\/wp-json\/wp\/v2\/users\/1"}],"replies":[{"embeddable":true,"href":"https:\/\/toutesnosenergies.fr\/index.php\/wp-json\/wp\/v2\/comments?post=194"}],"version-history":[{"count":8,"href":"https:\/\/toutesnosenergies.fr\/index.php\/wp-json\/wp\/v2\/pages\/194\/revisions"}],"predecessor-version":[{"id":9356,"href":"https:\/\/toutesnosenergies.fr\/index.php\/wp-json\/wp\/v2\/pages\/194\/revisions\/9356"}],"wp:attachment":[{"href":"https:\/\/toutesnosenergies.fr\/index.php\/wp-json\/wp\/v2\/media?parent=194"}],"curies":[{"name":"wp","href":"https:\/\/api.w.org\/{rel}","templated":true}]}}