{"id":200,"date":"2017-05-25T22:07:45","date_gmt":"2017-05-25T20:07:45","guid":{"rendered":"http:\/\/toutesnosenergies.fr\/?page_id=200"},"modified":"2019-03-18T15:04:17","modified_gmt":"2019-03-18T14:04:17","slug":"juridique","status":"publish","type":"page","link":"https:\/\/toutesnosenergies.fr\/index.php\/juridique\/","title":{"rendered":"Conseils modes d&#8217;emploi"},"content":{"rendered":"<h1 style=\"text-align: left;\">La d\u00e9pr\u00e9ciation des biens immobiliers li\u00e9e aux parcs \u00e9oliens<\/h1>\n<p><a href=\"http:\/\/toutesnosenergies.fr\/9303c805-c3e9-4822-94e1-9c52e6115321\/\"><img loading=\"lazy\" decoding=\"async\" class=\"alignleft size-medium wp-image-1774\" src=\"http:\/\/toutesnosenergies.fr\/wp-content\/uploads\/2018\/11\/9303C805-C3E9-4822-94E1-9C52E6115321-195x300.png\" alt=\"\" width=\"195\" height=\"300\" srcset=\"https:\/\/toutesnosenergies.fr\/wp-content\/uploads\/2018\/11\/9303C805-C3E9-4822-94E1-9C52E6115321-195x300.png 195w, https:\/\/toutesnosenergies.fr\/wp-content\/uploads\/2018\/11\/9303C805-C3E9-4822-94E1-9C52E6115321.png 224w\" sizes=\"auto, (max-width: 195px) 100vw, 195px\" \/><\/a>La FED (F\u00e9d\u00e9ration de l\u2019Environnement Durable) nous signale dans sa lettre du 15 novembre un <a href=\"https:\/\/environnementdurable.net\/documents\/depreciation-immo-couv-annexes-def.pdf\">dossier \u00a0<\/a>r\u00e9dig\u00e9 par Andr\u00e8 Prosokhow, un de ses administrateurs.<\/p>\n<p>Il s\u2019agit \u00ab d\u2019un recueil concret d\u2019arguments utiles dans le cadre de cette probl\u00e9matique mis \u00e0 la disposition des associations qui pourront y puiser \u00e0 leur guise pour mener leur combat contre la pr\u00e9dation \u00e9olienne. \u00bb<\/p>\n<hr \/>\n<h2>D\u00c9MARCHES POUR DEMANDER LE B\u00c9N\u00c9FICE DU RESCRIT FISCAL (pour les associations)<\/h2>\n<p>Les associations ont besoin de ressources pour fonctionner, se faire conna\u00eetre, poursuivre en justice&#8230; Les cotisations des adh\u00e9rents n&rsquo;y suffisent pas.<\/p>\n<p>Mais il est possible d&rsquo;obtenir, au titre de sa mission d\u2019int\u00e9r\u00eat g\u00e9n\u00e9ral, des dons ouvrant droit au b\u00e9n\u00e9fice de la r\u00e9duction d\u2019imp\u00f4t au revenu des personnes physiques (IRPP) pr\u00e9vue \u00e0 l\u2019article 200 du Code G\u00e9n\u00e9ral des Imp\u00f4ts (r\u00e9duction 66% dans la limite totale de 20% du revenu imposable annuel).<\/p>\n<p>Voici quelques <a href=\"http:\/\/toutesnosenergies.fr\/wp-content\/uploads\/2018\/04\/Demande-de-rescrit-fiscal-180407.pdf\">conseils pour obtenir le b\u00e9n\u00e9fice du rescrit fiscal<\/a> et un exemple du <a href=\"http:\/\/toutesnosenergies.fr\/wp-content\/uploads\/2018\/04\/Questionnaire-rescrit-fiscal.pdf\">questionnaire<\/a> que vous serez amen\u00e9s \u00e0 remplir.<\/p>\n<hr \/>\n<h2>MODE D&rsquo;EMPLOI \u00a0des PCAET et PLUi (pour les \u00e9lu.e.s)<\/h2>\n<p>Les \u00e9lu.e.s des communes et des intercommunalit\u00e9s sont confront\u00e9s \u00e0 l\u2019\u00e9laboration de projets de d\u00e9veloppement \u00e0 l\u2019\u00e9chelle de leur territoire. Dans le cadre de ces r\u00e9flexions la place des \u00e9nergies renouvelables (et en particulier celui de l\u2019\u00e9nergie \u00e9olienne) est un enjeu particulier.<\/p>\n<p>Le<strong> Plan local d\u2019urbanisme intercommunal<\/strong> (PLUi) vise \u00e0 porter \u00e0 une \u00e9chelle intercommunale les probl\u00e9matiques d\u2019urbanisme, d\u2019habitat et de d\u00e9placements sur la base d\u2019un projet de territoire partag\u00e9 par les communes et l\u2019intercommunalit\u00e9.<\/p>\n<p>Le <strong>Plan Climat Air-\u00c9nergie Territorial<\/strong> (PCAET) est un outil de planification qui a pour but d&rsquo;att\u00e9nuer le changement climatique, de d\u00e9velopper les \u00e9nergies renouvelables et\u00a0ma\u00eetriser la consommation d&rsquo;\u00e9nergie.<\/p>\n<p>Pour permettre aux \u00e9lu.e.s de traduire les enjeux \u00e9nerg\u00e9tiques et climatiques dans les diff\u00e9rents documents d\u2019urbanisme, de maitriser les diff\u00e9rents niveaux de planification, jusqu\u2019au sch\u00e9ma r\u00e9gional d&rsquo;am\u00e9nagement, de d\u00e9veloppement durable et d&rsquo;\u00e9galit\u00e9 des territoires (SRADDET) nous vous proposons \u2013 sous forme d\u2019un diaporama \u2013 un <a href=\"http:\/\/toutesnosenergies.fr\/wp-content\/uploads\/2018\/02\/Mode-demploi-PCAET-et-PLUi.pdf\">mode d\u2019emploi PCAET et PLUi.<\/a><\/p>\n<hr \/>\n<h2>DES EXEMPLES DE LETTRES<\/h2>\n<p><a href=\"http:\/\/toutesnosenergies.fr\/wp-content\/uploads\/2018\/02\/Mod\u00e8le-lettre-bailleur-janvier-2018-.docx\">Lettres aux bailleurs.<\/a><\/p>\n<p><a href=\"http:\/\/toutesnosenergies.fr\/wp-content\/uploads\/2018\/02\/Mod\u00e8le-lettre-agriculteurs-janvier-2018.docx\">Lettres aux agriculteurs<\/a>.<\/p>\n<hr \/>\n<h2>PERSPECTIVES SUR LA MOBILIT\u00c9<\/h2>\n<p>Une proposition de TNE concernant la mobilit\u00e9 fournit des pistes de compr\u00e9hension des enjeux et des conseils d\u2019arbitrages individuels et collectifs. \u00a0<a href=\"http:\/\/toutesnosenergies.fr\/wp-content\/uploads\/2018\/11\/TNE-mobilit\u00e9-.pdf\">TNE mobilit\u00e9\u00a0\u00a0<\/a><\/p>\n","protected":false},"excerpt":{"rendered":"<p>La d\u00e9pr\u00e9ciation des biens immobiliers li\u00e9e aux parcs \u00e9oliens La FED (F\u00e9d\u00e9ration de l\u2019Environnement Durable) nous signale dans sa lettre du 15 novembre un dossier \u00a0r\u00e9dig\u00e9 par Andr\u00e8 Prosokhow, un de ses administrateurs. Il s\u2019agit \u00ab d\u2019un recueil concret d\u2019arguments utiles dans le cadre de cette probl\u00e9matique mis \u00e0 la disposition des associations qui pourront &#8230; <a title=\"Conseils modes d&#8217;emploi\" class=\"read-more\" href=\"https:\/\/toutesnosenergies.fr\/index.php\/juridique\/\" aria-label=\"Plus sur Conseils modes d&#8217;emploi\">Lire plus<\/a><\/p>\n","protected":false},"author":1,"featured_media":0,"parent":0,"menu_order":0,"comment_status":"closed","ping_status":"closed","template":"","meta":{"_cbd_carousel_blocks":"[]","sfsi_plus_gutenberg_text_before_share":"","sfsi_plus_gutenberg_show_text_before_share":"","sfsi_plus_gutenberg_icon_type":"","sfsi_plus_gutenberg_icon_alignemt":"","sfsi_plus_gutenburg_max_per_row":"","footnotes":""},"class_list":["post-200","page","type-page","status-publish"],"yoast_head":"<!-- This site is optimized with the Yoast SEO plugin v27.3 - https:\/\/yoast.com\/product\/yoast-seo-wordpress\/ -->\n<title>Conseils modes d&#039;emploi - Toutes Nos \u00c9nergies \u2013 Occitanie Environnement<\/title>\n<meta name=\"robots\" content=\"index, follow, max-snippet:-1, max-image-preview:large, max-video-preview:-1\" \/>\n<link rel=\"canonical\" href=\"https:\/\/toutesnosenergies.fr\/index.php\/juridique\/\" \/>\n<meta property=\"og:locale\" content=\"fr_FR\" \/>\n<meta property=\"og:type\" content=\"article\" \/>\n<meta property=\"og:title\" content=\"Conseils modes d&#039;emploi - Toutes Nos \u00c9nergies \u2013 Occitanie Environnement\" \/>\n<meta property=\"og:description\" content=\"La d\u00e9pr\u00e9ciation des biens immobiliers li\u00e9e aux parcs \u00e9oliens La FED (F\u00e9d\u00e9ration de l\u2019Environnement Durable) nous signale dans sa lettre du 15 novembre un dossier \u00a0r\u00e9dig\u00e9 par Andr\u00e8 Prosokhow, un de ses administrateurs. Il s\u2019agit \u00ab d\u2019un recueil concret d\u2019arguments utiles dans le cadre de cette probl\u00e9matique mis \u00e0 la disposition des associations qui pourront ... Lire plus\" \/>\n<meta property=\"og:url\" content=\"https:\/\/toutesnosenergies.fr\/index.php\/juridique\/\" \/>\n<meta property=\"og:site_name\" content=\"Toutes Nos \u00c9nergies \u2013 Occitanie Environnement\" \/>\n<meta property=\"article:publisher\" content=\"https:\/\/www.facebook.com\/TNEtoutesnosenergiesOccitanieEnvironnement\" \/>\n<meta property=\"article:modified_time\" content=\"2019-03-18T14:04:17+00:00\" \/>\n<meta property=\"og:image\" content=\"http:\/\/toutesnosenergies.fr\/wp-content\/uploads\/2018\/11\/9303C805-C3E9-4822-94E1-9C52E6115321-195x300.png\" \/>\n<meta name=\"twitter:card\" content=\"summary_large_image\" \/>\n<meta name=\"twitter:label1\" content=\"Dur\u00e9e de lecture estim\u00e9e\" \/>\n\t<meta name=\"twitter:data1\" content=\"2 minutes\" \/>\n<script type=\"application\/ld+json\" class=\"yoast-schema-graph\">{\"@context\":\"https:\\\/\\\/schema.org\",\"@graph\":[{\"@type\":\"WebPage\",\"@id\":\"https:\\\/\\\/toutesnosenergies.fr\\\/index.php\\\/juridique\\\/\",\"url\":\"https:\\\/\\\/toutesnosenergies.fr\\\/index.php\\\/juridique\\\/\",\"name\":\"Conseils modes d'emploi - Toutes Nos \u00c9nergies \u2013 Occitanie Environnement\",\"isPartOf\":{\"@id\":\"https:\\\/\\\/toutesnosenergies.fr\\\/#website\"},\"primaryImageOfPage\":{\"@id\":\"https:\\\/\\\/toutesnosenergies.fr\\\/index.php\\\/juridique\\\/#primaryimage\"},\"image\":{\"@id\":\"https:\\\/\\\/toutesnosenergies.fr\\\/index.php\\\/juridique\\\/#primaryimage\"},\"thumbnailUrl\":\"http:\\\/\\\/toutesnosenergies.fr\\\/wp-content\\\/uploads\\\/2018\\\/11\\\/9303C805-C3E9-4822-94E1-9C52E6115321-195x300.png\",\"datePublished\":\"2017-05-25T20:07:45+00:00\",\"dateModified\":\"2019-03-18T14:04:17+00:00\",\"breadcrumb\":{\"@id\":\"https:\\\/\\\/toutesnosenergies.fr\\\/index.php\\\/juridique\\\/#breadcrumb\"},\"inLanguage\":\"fr-FR\",\"potentialAction\":[{\"@type\":\"ReadAction\",\"target\":[\"https:\\\/\\\/toutesnosenergies.fr\\\/index.php\\\/juridique\\\/\"]}]},{\"@type\":\"ImageObject\",\"inLanguage\":\"fr-FR\",\"@id\":\"https:\\\/\\\/toutesnosenergies.fr\\\/index.php\\\/juridique\\\/#primaryimage\",\"url\":\"https:\\\/\\\/toutesnosenergies.fr\\\/wp-content\\\/uploads\\\/2018\\\/11\\\/9303C805-C3E9-4822-94E1-9C52E6115321.png\",\"contentUrl\":\"https:\\\/\\\/toutesnosenergies.fr\\\/wp-content\\\/uploads\\\/2018\\\/11\\\/9303C805-C3E9-4822-94E1-9C52E6115321.png\",\"width\":224,\"height\":344},{\"@type\":\"BreadcrumbList\",\"@id\":\"https:\\\/\\\/toutesnosenergies.fr\\\/index.php\\\/juridique\\\/#breadcrumb\",\"itemListElement\":[{\"@type\":\"ListItem\",\"position\":1,\"name\":\"Accueil\",\"item\":\"https:\\\/\\\/toutesnosenergies.fr\\\/\"},{\"@type\":\"ListItem\",\"position\":2,\"name\":\"Conseils modes d&#8217;emploi\"}]},{\"@type\":\"WebSite\",\"@id\":\"https:\\\/\\\/toutesnosenergies.fr\\\/#website\",\"url\":\"https:\\\/\\\/toutesnosenergies.fr\\\/\",\"name\":\"Toutes Nos \u00c9nergies \u2013 Occitanie Environnement\",\"description\":\"Pour une \u00e9nergie respectueuse du vivant et des territoires ruraux en Occitanie\",\"publisher\":{\"@id\":\"https:\\\/\\\/toutesnosenergies.fr\\\/#organization\"},\"potentialAction\":[{\"@type\":\"SearchAction\",\"target\":{\"@type\":\"EntryPoint\",\"urlTemplate\":\"https:\\\/\\\/toutesnosenergies.fr\\\/?s={search_term_string}\"},\"query-input\":{\"@type\":\"PropertyValueSpecification\",\"valueRequired\":true,\"valueName\":\"search_term_string\"}}],\"inLanguage\":\"fr-FR\"},{\"@type\":\"Organization\",\"@id\":\"https:\\\/\\\/toutesnosenergies.fr\\\/#organization\",\"name\":\"Toutes Nos \u00c9nergies \u2013 Occitanie Environnement\",\"url\":\"https:\\\/\\\/toutesnosenergies.fr\\\/\",\"logo\":{\"@type\":\"ImageObject\",\"inLanguage\":\"fr-FR\",\"@id\":\"https:\\\/\\\/toutesnosenergies.fr\\\/#\\\/schema\\\/logo\\\/image\\\/\",\"url\":\"https:\\\/\\\/toutesnosenergies.fr\\\/wp-content\\\/uploads\\\/2023\\\/01\\\/Petit-logo.png\",\"contentUrl\":\"https:\\\/\\\/toutesnosenergies.fr\\\/wp-content\\\/uploads\\\/2023\\\/01\\\/Petit-logo.png\",\"width\":360,\"height\":102,\"caption\":\"Toutes Nos \u00c9nergies \u2013 Occitanie Environnement\"},\"image\":{\"@id\":\"https:\\\/\\\/toutesnosenergies.fr\\\/#\\\/schema\\\/logo\\\/image\\\/\"},\"sameAs\":[\"https:\\\/\\\/www.facebook.com\\\/TNEtoutesnosenergiesOccitanieEnvironnement\"]}]}<\/script>\n<!-- \/ Yoast SEO plugin. -->","yoast_head_json":{"title":"Conseils modes d'emploi - Toutes Nos \u00c9nergies \u2013 Occitanie Environnement","robots":{"index":"index","follow":"follow","max-snippet":"max-snippet:-1","max-image-preview":"max-image-preview:large","max-video-preview":"max-video-preview:-1"},"canonical":"https:\/\/toutesnosenergies.fr\/index.php\/juridique\/","og_locale":"fr_FR","og_type":"article","og_title":"Conseils modes d'emploi - Toutes Nos \u00c9nergies \u2013 Occitanie Environnement","og_description":"La d\u00e9pr\u00e9ciation des biens immobiliers li\u00e9e aux parcs \u00e9oliens La FED (F\u00e9d\u00e9ration de l\u2019Environnement Durable) nous signale dans sa lettre du 15 novembre un dossier \u00a0r\u00e9dig\u00e9 par Andr\u00e8 Prosokhow, un de ses administrateurs. Il s\u2019agit \u00ab d\u2019un recueil concret d\u2019arguments utiles dans le cadre de cette probl\u00e9matique mis \u00e0 la disposition des associations qui pourront ... Lire plus","og_url":"https:\/\/toutesnosenergies.fr\/index.php\/juridique\/","og_site_name":"Toutes Nos \u00c9nergies \u2013 Occitanie Environnement","article_publisher":"https:\/\/www.facebook.com\/TNEtoutesnosenergiesOccitanieEnvironnement","article_modified_time":"2019-03-18T14:04:17+00:00","og_image":[{"url":"http:\/\/toutesnosenergies.fr\/wp-content\/uploads\/2018\/11\/9303C805-C3E9-4822-94E1-9C52E6115321-195x300.png","type":"","width":"","height":""}],"twitter_card":"summary_large_image","twitter_misc":{"Dur\u00e9e de lecture estim\u00e9e":"2 minutes"},"schema":{"@context":"https:\/\/schema.org","@graph":[{"@type":"WebPage","@id":"https:\/\/toutesnosenergies.fr\/index.php\/juridique\/","url":"https:\/\/toutesnosenergies.fr\/index.php\/juridique\/","name":"Conseils modes d'emploi - Toutes Nos \u00c9nergies \u2013 Occitanie Environnement","isPartOf":{"@id":"https:\/\/toutesnosenergies.fr\/#website"},"primaryImageOfPage":{"@id":"https:\/\/toutesnosenergies.fr\/index.php\/juridique\/#primaryimage"},"image":{"@id":"https:\/\/toutesnosenergies.fr\/index.php\/juridique\/#primaryimage"},"thumbnailUrl":"http:\/\/toutesnosenergies.fr\/wp-content\/uploads\/2018\/11\/9303C805-C3E9-4822-94E1-9C52E6115321-195x300.png","datePublished":"2017-05-25T20:07:45+00:00","dateModified":"2019-03-18T14:04:17+00:00","breadcrumb":{"@id":"https:\/\/toutesnosenergies.fr\/index.php\/juridique\/#breadcrumb"},"inLanguage":"fr-FR","potentialAction":[{"@type":"ReadAction","target":["https:\/\/toutesnosenergies.fr\/index.php\/juridique\/"]}]},{"@type":"ImageObject","inLanguage":"fr-FR","@id":"https:\/\/toutesnosenergies.fr\/index.php\/juridique\/#primaryimage","url":"https:\/\/toutesnosenergies.fr\/wp-content\/uploads\/2018\/11\/9303C805-C3E9-4822-94E1-9C52E6115321.png","contentUrl":"https:\/\/toutesnosenergies.fr\/wp-content\/uploads\/2018\/11\/9303C805-C3E9-4822-94E1-9C52E6115321.png","width":224,"height":344},{"@type":"BreadcrumbList","@id":"https:\/\/toutesnosenergies.fr\/index.php\/juridique\/#breadcrumb","itemListElement":[{"@type":"ListItem","position":1,"name":"Accueil","item":"https:\/\/toutesnosenergies.fr\/"},{"@type":"ListItem","position":2,"name":"Conseils modes d&#8217;emploi"}]},{"@type":"WebSite","@id":"https:\/\/toutesnosenergies.fr\/#website","url":"https:\/\/toutesnosenergies.fr\/","name":"Toutes Nos \u00c9nergies \u2013 Occitanie Environnement","description":"Pour une \u00e9nergie respectueuse du vivant et des territoires ruraux en Occitanie","publisher":{"@id":"https:\/\/toutesnosenergies.fr\/#organization"},"potentialAction":[{"@type":"SearchAction","target":{"@type":"EntryPoint","urlTemplate":"https:\/\/toutesnosenergies.fr\/?s={search_term_string}"},"query-input":{"@type":"PropertyValueSpecification","valueRequired":true,"valueName":"search_term_string"}}],"inLanguage":"fr-FR"},{"@type":"Organization","@id":"https:\/\/toutesnosenergies.fr\/#organization","name":"Toutes Nos \u00c9nergies \u2013 Occitanie Environnement","url":"https:\/\/toutesnosenergies.fr\/","logo":{"@type":"ImageObject","inLanguage":"fr-FR","@id":"https:\/\/toutesnosenergies.fr\/#\/schema\/logo\/image\/","url":"https:\/\/toutesnosenergies.fr\/wp-content\/uploads\/2023\/01\/Petit-logo.png","contentUrl":"https:\/\/toutesnosenergies.fr\/wp-content\/uploads\/2023\/01\/Petit-logo.png","width":360,"height":102,"caption":"Toutes Nos \u00c9nergies \u2013 Occitanie Environnement"},"image":{"@id":"https:\/\/toutesnosenergies.fr\/#\/schema\/logo\/image\/"},"sameAs":["https:\/\/www.facebook.com\/TNEtoutesnosenergiesOccitanieEnvironnement"]}]}},"_links":{"self":[{"href":"https:\/\/toutesnosenergies.fr\/index.php\/wp-json\/wp\/v2\/pages\/200","targetHints":{"allow":["GET"]}}],"collection":[{"href":"https:\/\/toutesnosenergies.fr\/index.php\/wp-json\/wp\/v2\/pages"}],"about":[{"href":"https:\/\/toutesnosenergies.fr\/index.php\/wp-json\/wp\/v2\/types\/page"}],"author":[{"embeddable":true,"href":"https:\/\/toutesnosenergies.fr\/index.php\/wp-json\/wp\/v2\/users\/1"}],"replies":[{"embeddable":true,"href":"https:\/\/toutesnosenergies.fr\/index.php\/wp-json\/wp\/v2\/comments?post=200"}],"version-history":[{"count":38,"href":"https:\/\/toutesnosenergies.fr\/index.php\/wp-json\/wp\/v2\/pages\/200\/revisions"}],"predecessor-version":[{"id":2209,"href":"https:\/\/toutesnosenergies.fr\/index.php\/wp-json\/wp\/v2\/pages\/200\/revisions\/2209"}],"wp:attachment":[{"href":"https:\/\/toutesnosenergies.fr\/index.php\/wp-json\/wp\/v2\/media?parent=200"}],"curies":[{"name":"wp","href":"https:\/\/api.w.org\/{rel}","templated":true}]}}