{"id":218,"date":"2017-05-25T22:11:17","date_gmt":"2017-05-25T20:11:17","guid":{"rendered":"http:\/\/toutesnosenergies.fr\/?page_id=218"},"modified":"2019-10-10T11:54:39","modified_gmt":"2019-10-10T09:54:39","slug":"groupes-de-travail","status":"publish","type":"page","link":"https:\/\/toutesnosenergies.fr\/index.php\/groupes-de-travail\/","title":{"rendered":"Ce que propose TNE-OE"},"content":{"rendered":"<h2>Il existe au sein de TNE une commission \u00ab\u00a0\u00e9nergies\u00a0\u00bb<\/h2>\n<p>Vous souhaitez contribuer et rejoindre cette commission ? Vous souhaitez en savoir plus et faire part de vos suggestions ?<span style=\"font-size: 14pt;\">\u00a0<\/span><\/p>\n<p><strong style=\"font-size: 14pt;\">Utilisez la rubrique CONTACT !<\/strong><\/p>\n<hr \/>\n<h2 class=\"entry-title\">Choix \u00e9nerg\u00e9tiques et alternatives sociales<\/h2>\n<div class=\"entry-content\">\n<p>Lors de notre soir\u00e9e d\u00e9bat \u00e0 Mazamet le 30 mai 2018, un atelier \u00a0\u2013 anim\u00e9 par Bruno Ladsous et Emmanuel Forichon \u2013 avec la participation de Jacqueline Balvet (ATTAC) \u00a0a explor\u00e9 les liens entre les choix \u00e9nerg\u00e9tiques et les alternatives sociales.<\/p>\n<p>Nous \u00a0vous proposons les fiches techniques pr\u00e9sentant les diff\u00e9rentes sources d\u2019\u00e9nergie.<\/p>\n<p>FT 1 : la <a href=\"http:\/\/toutesnosenergies.fr\/wp-content\/uploads\/2018\/06\/Atelier-2-FT-1-Petite-hydraulique.pdf\">petite hydraulique<\/a>.<\/p>\n<p>FT 2 : la <a href=\"http:\/\/toutesnosenergies.fr\/wp-content\/uploads\/2018\/06\/Atelier-2-FT-2-G\u00e9othermie.pdf\">g\u00e9othermie<\/a><\/p>\n<p>FT 3 : l\u2019<a href=\"http:\/\/toutesnosenergies.fr\/wp-content\/uploads\/2018\/06\/Atelier-2-FT-3-Autoproduction-Autoconsommation.pdf\">autoproduction et l\u2019autoconsommation<\/a><\/p>\n<p>FT 4 : le <a href=\"http:\/\/toutesnosenergies.fr\/wp-content\/uploads\/2018\/06\/Atelier-2-FT-4-Photovolta\u00efque.pdf\">photovolta\u00efque<\/a><\/p>\n<p>FT 5 : l\u2019<a href=\"http:\/\/toutesnosenergies.fr\/wp-content\/uploads\/2018\/06\/Atelier-2-FT-5-Eolien-terrestre.pdf\">\u00e9olien terrestre<\/a><\/p>\n<p>FT 6 : l\u2019<a href=\"http:\/\/toutesnosenergies.fr\/wp-content\/uploads\/2018\/06\/Atelier-2-FT-6-Eolien-flottant.pdf\">\u00e9olien flottant<\/a><\/p>\n<p>FT 7 : le <a href=\"http:\/\/toutesnosenergies.fr\/wp-content\/uploads\/2018\/06\/Atelier-2-FT-7-Biogaz-Valorisation-des-d\u00e9chets.pdf\">biogaz<\/a> et la valorisation des d\u00e9chets<\/p>\n<p>FT 8 : la <a href=\"http:\/\/toutesnosenergies.fr\/wp-content\/uploads\/2018\/06\/Atelier-2-FT-8-Biomasse.pdf\">biomasse<\/a><\/p>\n<p>FT 9 : l\u2019<a href=\"http:\/\/toutesnosenergies.fr\/wp-content\/uploads\/2018\/06\/Atelier-2-FT-9-Hydrolien.pdf\">hydrolien<\/a><\/p>\n<p>FT 10 : le<a href=\"http:\/\/toutesnosenergies.fr\/wp-content\/uploads\/2018\/06\/Atelier-2-FT-10-Nucl\u00e9aire.pdf\"> nucl\u00e9aire<\/a><\/p>\n<p>FT 11 : le sort des<a href=\"http:\/\/toutesnosenergies.fr\/wp-content\/uploads\/2018\/06\/Atelier-2-FT-11-Energies-fossiles.pdf\"> \u00e9nergies fossiles<\/a><\/p>\n<p>FT 12 : \u00a0le co\u00fbt r\u00e9el des<a href=\"http:\/\/toutesnosenergies.fr\/wp-content\/uploads\/2018\/06\/Atelier-2-FT-12-Co\u00fbt-des-d\u00e9mant\u00e8lements.pdf\"> d\u00e9mant\u00e8lements<\/a><\/p>\n<\/div>\n<hr \/>\n","protected":false},"excerpt":{"rendered":"<p>Il existe au sein de TNE une commission \u00ab\u00a0\u00e9nergies\u00a0\u00bb Vous souhaitez contribuer et rejoindre cette commission ? Vous souhaitez en savoir plus et faire part de vos suggestions ?\u00a0 Utilisez la rubrique CONTACT ! Choix \u00e9nerg\u00e9tiques et alternatives sociales Lors de notre soir\u00e9e d\u00e9bat \u00e0 Mazamet le 30 mai 2018, un atelier \u00a0\u2013 anim\u00e9 par &#8230; <a title=\"Ce que propose TNE-OE\" class=\"read-more\" href=\"https:\/\/toutesnosenergies.fr\/index.php\/groupes-de-travail\/\" aria-label=\"Plus sur Ce que propose TNE-OE\">Lire plus<\/a><\/p>\n","protected":false},"author":1,"featured_media":0,"parent":0,"menu_order":0,"comment_status":"closed","ping_status":"closed","template":"","meta":{"_cbd_carousel_blocks":"[]","sfsi_plus_gutenberg_text_before_share":"","sfsi_plus_gutenberg_show_text_before_share":"","sfsi_plus_gutenberg_icon_type":"","sfsi_plus_gutenberg_icon_alignemt":"","sfsi_plus_gutenburg_max_per_row":"","footnotes":""},"class_list":["post-218","page","type-page","status-publish"],"yoast_head":"<!-- This site is optimized with the Yoast SEO plugin v27.3 - https:\/\/yoast.com\/product\/yoast-seo-wordpress\/ -->\n<title>Ce que propose TNE-OE - Toutes Nos \u00c9nergies \u2013 Occitanie Environnement<\/title>\n<meta name=\"robots\" content=\"index, follow, max-snippet:-1, max-image-preview:large, max-video-preview:-1\" \/>\n<link rel=\"canonical\" href=\"https:\/\/toutesnosenergies.fr\/index.php\/groupes-de-travail\/\" \/>\n<meta property=\"og:locale\" content=\"fr_FR\" \/>\n<meta property=\"og:type\" content=\"article\" \/>\n<meta property=\"og:title\" content=\"Ce que propose TNE-OE - Toutes Nos \u00c9nergies \u2013 Occitanie Environnement\" \/>\n<meta property=\"og:description\" content=\"Il existe au sein de TNE une commission \u00ab\u00a0\u00e9nergies\u00a0\u00bb Vous souhaitez contribuer et rejoindre cette commission ? Vous souhaitez en savoir plus et faire part de vos suggestions ?\u00a0 Utilisez la rubrique CONTACT ! Choix \u00e9nerg\u00e9tiques et alternatives sociales Lors de notre soir\u00e9e d\u00e9bat \u00e0 Mazamet le 30 mai 2018, un atelier \u00a0\u2013 anim\u00e9 par ... Lire plus\" \/>\n<meta property=\"og:url\" content=\"https:\/\/toutesnosenergies.fr\/index.php\/groupes-de-travail\/\" \/>\n<meta property=\"og:site_name\" content=\"Toutes Nos \u00c9nergies \u2013 Occitanie Environnement\" \/>\n<meta property=\"article:publisher\" content=\"https:\/\/www.facebook.com\/TNEtoutesnosenergiesOccitanieEnvironnement\" \/>\n<meta property=\"article:modified_time\" content=\"2019-10-10T09:54:39+00:00\" \/>\n<meta name=\"twitter:card\" content=\"summary_large_image\" \/>\n<meta name=\"twitter:label1\" content=\"Dur\u00e9e de lecture estim\u00e9e\" \/>\n\t<meta name=\"twitter:data1\" content=\"1 minute\" \/>\n<script type=\"application\/ld+json\" class=\"yoast-schema-graph\">{\"@context\":\"https:\\\/\\\/schema.org\",\"@graph\":[{\"@type\":\"WebPage\",\"@id\":\"https:\\\/\\\/toutesnosenergies.fr\\\/index.php\\\/groupes-de-travail\\\/\",\"url\":\"https:\\\/\\\/toutesnosenergies.fr\\\/index.php\\\/groupes-de-travail\\\/\",\"name\":\"Ce que propose TNE-OE - Toutes Nos \u00c9nergies \u2013 Occitanie Environnement\",\"isPartOf\":{\"@id\":\"https:\\\/\\\/toutesnosenergies.fr\\\/#website\"},\"datePublished\":\"2017-05-25T20:11:17+00:00\",\"dateModified\":\"2019-10-10T09:54:39+00:00\",\"breadcrumb\":{\"@id\":\"https:\\\/\\\/toutesnosenergies.fr\\\/index.php\\\/groupes-de-travail\\\/#breadcrumb\"},\"inLanguage\":\"fr-FR\",\"potentialAction\":[{\"@type\":\"ReadAction\",\"target\":[\"https:\\\/\\\/toutesnosenergies.fr\\\/index.php\\\/groupes-de-travail\\\/\"]}]},{\"@type\":\"BreadcrumbList\",\"@id\":\"https:\\\/\\\/toutesnosenergies.fr\\\/index.php\\\/groupes-de-travail\\\/#breadcrumb\",\"itemListElement\":[{\"@type\":\"ListItem\",\"position\":1,\"name\":\"Accueil\",\"item\":\"https:\\\/\\\/toutesnosenergies.fr\\\/\"},{\"@type\":\"ListItem\",\"position\":2,\"name\":\"Ce que propose TNE-OE\"}]},{\"@type\":\"WebSite\",\"@id\":\"https:\\\/\\\/toutesnosenergies.fr\\\/#website\",\"url\":\"https:\\\/\\\/toutesnosenergies.fr\\\/\",\"name\":\"Toutes Nos \u00c9nergies \u2013 Occitanie Environnement\",\"description\":\"Pour une \u00e9nergie respectueuse du vivant et des territoires ruraux en Occitanie\",\"publisher\":{\"@id\":\"https:\\\/\\\/toutesnosenergies.fr\\\/#organization\"},\"potentialAction\":[{\"@type\":\"SearchAction\",\"target\":{\"@type\":\"EntryPoint\",\"urlTemplate\":\"https:\\\/\\\/toutesnosenergies.fr\\\/?s={search_term_string}\"},\"query-input\":{\"@type\":\"PropertyValueSpecification\",\"valueRequired\":true,\"valueName\":\"search_term_string\"}}],\"inLanguage\":\"fr-FR\"},{\"@type\":\"Organization\",\"@id\":\"https:\\\/\\\/toutesnosenergies.fr\\\/#organization\",\"name\":\"Toutes Nos \u00c9nergies \u2013 Occitanie Environnement\",\"url\":\"https:\\\/\\\/toutesnosenergies.fr\\\/\",\"logo\":{\"@type\":\"ImageObject\",\"inLanguage\":\"fr-FR\",\"@id\":\"https:\\\/\\\/toutesnosenergies.fr\\\/#\\\/schema\\\/logo\\\/image\\\/\",\"url\":\"https:\\\/\\\/toutesnosenergies.fr\\\/wp-content\\\/uploads\\\/2023\\\/01\\\/Petit-logo.png\",\"contentUrl\":\"https:\\\/\\\/toutesnosenergies.fr\\\/wp-content\\\/uploads\\\/2023\\\/01\\\/Petit-logo.png\",\"width\":360,\"height\":102,\"caption\":\"Toutes Nos \u00c9nergies \u2013 Occitanie Environnement\"},\"image\":{\"@id\":\"https:\\\/\\\/toutesnosenergies.fr\\\/#\\\/schema\\\/logo\\\/image\\\/\"},\"sameAs\":[\"https:\\\/\\\/www.facebook.com\\\/TNEtoutesnosenergiesOccitanieEnvironnement\"]}]}<\/script>\n<!-- \/ Yoast SEO plugin. -->","yoast_head_json":{"title":"Ce que propose TNE-OE - Toutes Nos \u00c9nergies \u2013 Occitanie Environnement","robots":{"index":"index","follow":"follow","max-snippet":"max-snippet:-1","max-image-preview":"max-image-preview:large","max-video-preview":"max-video-preview:-1"},"canonical":"https:\/\/toutesnosenergies.fr\/index.php\/groupes-de-travail\/","og_locale":"fr_FR","og_type":"article","og_title":"Ce que propose TNE-OE - Toutes Nos \u00c9nergies \u2013 Occitanie Environnement","og_description":"Il existe au sein de TNE une commission \u00ab\u00a0\u00e9nergies\u00a0\u00bb Vous souhaitez contribuer et rejoindre cette commission ? Vous souhaitez en savoir plus et faire part de vos suggestions ?\u00a0 Utilisez la rubrique CONTACT ! Choix \u00e9nerg\u00e9tiques et alternatives sociales Lors de notre soir\u00e9e d\u00e9bat \u00e0 Mazamet le 30 mai 2018, un atelier \u00a0\u2013 anim\u00e9 par ... Lire plus","og_url":"https:\/\/toutesnosenergies.fr\/index.php\/groupes-de-travail\/","og_site_name":"Toutes Nos \u00c9nergies \u2013 Occitanie Environnement","article_publisher":"https:\/\/www.facebook.com\/TNEtoutesnosenergiesOccitanieEnvironnement","article_modified_time":"2019-10-10T09:54:39+00:00","twitter_card":"summary_large_image","twitter_misc":{"Dur\u00e9e de lecture estim\u00e9e":"1 minute"},"schema":{"@context":"https:\/\/schema.org","@graph":[{"@type":"WebPage","@id":"https:\/\/toutesnosenergies.fr\/index.php\/groupes-de-travail\/","url":"https:\/\/toutesnosenergies.fr\/index.php\/groupes-de-travail\/","name":"Ce que propose TNE-OE - Toutes Nos \u00c9nergies \u2013 Occitanie Environnement","isPartOf":{"@id":"https:\/\/toutesnosenergies.fr\/#website"},"datePublished":"2017-05-25T20:11:17+00:00","dateModified":"2019-10-10T09:54:39+00:00","breadcrumb":{"@id":"https:\/\/toutesnosenergies.fr\/index.php\/groupes-de-travail\/#breadcrumb"},"inLanguage":"fr-FR","potentialAction":[{"@type":"ReadAction","target":["https:\/\/toutesnosenergies.fr\/index.php\/groupes-de-travail\/"]}]},{"@type":"BreadcrumbList","@id":"https:\/\/toutesnosenergies.fr\/index.php\/groupes-de-travail\/#breadcrumb","itemListElement":[{"@type":"ListItem","position":1,"name":"Accueil","item":"https:\/\/toutesnosenergies.fr\/"},{"@type":"ListItem","position":2,"name":"Ce que propose TNE-OE"}]},{"@type":"WebSite","@id":"https:\/\/toutesnosenergies.fr\/#website","url":"https:\/\/toutesnosenergies.fr\/","name":"Toutes Nos \u00c9nergies \u2013 Occitanie Environnement","description":"Pour une \u00e9nergie respectueuse du vivant et des territoires ruraux en Occitanie","publisher":{"@id":"https:\/\/toutesnosenergies.fr\/#organization"},"potentialAction":[{"@type":"SearchAction","target":{"@type":"EntryPoint","urlTemplate":"https:\/\/toutesnosenergies.fr\/?s={search_term_string}"},"query-input":{"@type":"PropertyValueSpecification","valueRequired":true,"valueName":"search_term_string"}}],"inLanguage":"fr-FR"},{"@type":"Organization","@id":"https:\/\/toutesnosenergies.fr\/#organization","name":"Toutes Nos \u00c9nergies \u2013 Occitanie Environnement","url":"https:\/\/toutesnosenergies.fr\/","logo":{"@type":"ImageObject","inLanguage":"fr-FR","@id":"https:\/\/toutesnosenergies.fr\/#\/schema\/logo\/image\/","url":"https:\/\/toutesnosenergies.fr\/wp-content\/uploads\/2023\/01\/Petit-logo.png","contentUrl":"https:\/\/toutesnosenergies.fr\/wp-content\/uploads\/2023\/01\/Petit-logo.png","width":360,"height":102,"caption":"Toutes Nos \u00c9nergies \u2013 Occitanie Environnement"},"image":{"@id":"https:\/\/toutesnosenergies.fr\/#\/schema\/logo\/image\/"},"sameAs":["https:\/\/www.facebook.com\/TNEtoutesnosenergiesOccitanieEnvironnement"]}]}},"_links":{"self":[{"href":"https:\/\/toutesnosenergies.fr\/index.php\/wp-json\/wp\/v2\/pages\/218","targetHints":{"allow":["GET"]}}],"collection":[{"href":"https:\/\/toutesnosenergies.fr\/index.php\/wp-json\/wp\/v2\/pages"}],"about":[{"href":"https:\/\/toutesnosenergies.fr\/index.php\/wp-json\/wp\/v2\/types\/page"}],"author":[{"embeddable":true,"href":"https:\/\/toutesnosenergies.fr\/index.php\/wp-json\/wp\/v2\/users\/1"}],"replies":[{"embeddable":true,"href":"https:\/\/toutesnosenergies.fr\/index.php\/wp-json\/wp\/v2\/comments?post=218"}],"version-history":[{"count":15,"href":"https:\/\/toutesnosenergies.fr\/index.php\/wp-json\/wp\/v2\/pages\/218\/revisions"}],"predecessor-version":[{"id":2960,"href":"https:\/\/toutesnosenergies.fr\/index.php\/wp-json\/wp\/v2\/pages\/218\/revisions\/2960"}],"wp:attachment":[{"href":"https:\/\/toutesnosenergies.fr\/index.php\/wp-json\/wp\/v2\/media?parent=218"}],"curies":[{"name":"wp","href":"https:\/\/api.w.org\/{rel}","templated":true}]}}