{"id":2186,"date":"2019-03-18T14:34:42","date_gmt":"2019-03-18T13:34:42","guid":{"rendered":"http:\/\/toutesnosenergies.fr\/?page_id=2186"},"modified":"2019-04-03T08:34:50","modified_gmt":"2019-04-03T06:34:50","slug":"commission-ruralites","status":"publish","type":"page","link":"https:\/\/toutesnosenergies.fr\/index.php\/commission-ruralites\/","title":{"rendered":"Commission ruralit\u00e9s"},"content":{"rendered":"<p><span style=\"-webkit-tap-highlight-color: rgba(0, 0, 0, 0);\">\u00a0\u00a0<\/span><\/p>\n<p>Pourquoi une commission \u00ab Ruralit\u00e9.s &#8211; Solidarit\u00e9.s \u00bb ?<\/p>\n<p>&#8211; pour \u00eatre une caisse de r\u00e9sonance des exp\u00e9riences, des actions, des r\u00e9flexions et des propositions qui se construisent ici et l\u00e0 dans notre monde rural, avec le souci qui doit \u00eatre le n\u00f4tre de pr\u00e9server la richesse de notre patrimoine naturel et culturel, contre les menaces d&rsquo;une industrialisation et d&rsquo;une \u00e9conomie pr\u00e9datrices.<\/p>\n<p>&#8211; pour faire \u00e9merger et reconna\u00eetre l\u2019image de ruralit\u00e9s autrement complexes, diverses et riches que ne le laisse entrevoir la pens\u00e9e dominante<\/p>\n<p>&#8211; pour plaider en faveur d\u2019une approche sp\u00e9cifique en milieu rural des questions de formation, information, participation, gouvernance, dans la perspective d&rsquo;une v\u00e9ritable d\u00e9mocratie locale environnementale.<\/p>\n<p>&#8211; pour alimenter les r\u00e9flexions et propositions des associations membres du collectif r\u00e9gional TNE-OE impliqu\u00e9es dans les luttes pour la sauvegarde des territoires et dans les processus de transition.<\/p>\n<p>La commission \u00ab Ruralit\u00e9.s &#8211; Solidarit\u00e9.s \u00bb a r\u00e9dig\u00e9 le <a href=\"http:\/\/toutesnosenergies.fr\/wp-content\/uploads\/2019\/04\/Ruralit\u00e9s-2.pdf\">document<\/a> suivant, \u00a0\u00e0 partir duquel chacune, chacun pourra r\u00e9agir, apporter t\u00e9moignages et contributions.<\/p>\n<p>Contact :<span class=\"Apple-converted-space\">\u00a0 <\/span>calelh@free.fr<\/p>\n","protected":false},"excerpt":{"rendered":"<p>\u00a0\u00a0 Pourquoi une commission \u00ab Ruralit\u00e9.s &#8211; Solidarit\u00e9.s \u00bb ? &#8211; pour \u00eatre une caisse de r\u00e9sonance des exp\u00e9riences, des actions, des r\u00e9flexions et des propositions qui se construisent ici et l\u00e0 dans notre monde rural, avec le souci qui doit \u00eatre le n\u00f4tre de pr\u00e9server la richesse de notre patrimoine naturel et culturel, contre &#8230; <a title=\"Commission ruralit\u00e9s\" class=\"read-more\" href=\"https:\/\/toutesnosenergies.fr\/index.php\/commission-ruralites\/\" aria-label=\"Plus sur Commission ruralit\u00e9s\">Lire plus<\/a><\/p>\n","protected":false},"author":3,"featured_media":0,"parent":0,"menu_order":0,"comment_status":"closed","ping_status":"closed","template":"","meta":{"_cbd_carousel_blocks":"[]","sfsi_plus_gutenberg_text_before_share":"","sfsi_plus_gutenberg_show_text_before_share":"","sfsi_plus_gutenberg_icon_type":"","sfsi_plus_gutenberg_icon_alignemt":"","sfsi_plus_gutenburg_max_per_row":"","footnotes":""},"class_list":["post-2186","page","type-page","status-publish"],"yoast_head":"<!-- This site is optimized with the Yoast SEO plugin v27.3 - https:\/\/yoast.com\/product\/yoast-seo-wordpress\/ -->\n<title>Commission ruralit\u00e9s - Toutes Nos \u00c9nergies \u2013 Occitanie Environnement<\/title>\n<meta name=\"robots\" content=\"index, follow, max-snippet:-1, max-image-preview:large, max-video-preview:-1\" \/>\n<link rel=\"canonical\" href=\"https:\/\/toutesnosenergies.fr\/index.php\/commission-ruralites\/\" \/>\n<meta property=\"og:locale\" content=\"fr_FR\" \/>\n<meta property=\"og:type\" content=\"article\" \/>\n<meta property=\"og:title\" content=\"Commission ruralit\u00e9s - Toutes Nos \u00c9nergies \u2013 Occitanie Environnement\" \/>\n<meta property=\"og:description\" content=\"\u00a0\u00a0 Pourquoi une commission \u00ab Ruralit\u00e9.s &#8211; Solidarit\u00e9.s \u00bb ? &#8211; pour \u00eatre une caisse de r\u00e9sonance des exp\u00e9riences, des actions, des r\u00e9flexions et des propositions qui se construisent ici et l\u00e0 dans notre monde rural, avec le souci qui doit \u00eatre le n\u00f4tre de pr\u00e9server la richesse de notre patrimoine naturel et culturel, contre ... Lire plus\" \/>\n<meta property=\"og:url\" content=\"https:\/\/toutesnosenergies.fr\/index.php\/commission-ruralites\/\" \/>\n<meta property=\"og:site_name\" content=\"Toutes Nos \u00c9nergies \u2013 Occitanie Environnement\" \/>\n<meta property=\"article:publisher\" content=\"https:\/\/www.facebook.com\/TNEtoutesnosenergiesOccitanieEnvironnement\" \/>\n<meta property=\"article:modified_time\" content=\"2019-04-03T06:34:50+00:00\" \/>\n<meta name=\"twitter:card\" content=\"summary_large_image\" \/>\n<meta name=\"twitter:label1\" content=\"Dur\u00e9e de lecture estim\u00e9e\" \/>\n\t<meta name=\"twitter:data1\" content=\"1 minute\" \/>\n<script type=\"application\/ld+json\" class=\"yoast-schema-graph\">{\"@context\":\"https:\\\/\\\/schema.org\",\"@graph\":[{\"@type\":\"WebPage\",\"@id\":\"https:\\\/\\\/toutesnosenergies.fr\\\/index.php\\\/commission-ruralites\\\/\",\"url\":\"https:\\\/\\\/toutesnosenergies.fr\\\/index.php\\\/commission-ruralites\\\/\",\"name\":\"Commission ruralit\u00e9s - Toutes Nos \u00c9nergies \u2013 Occitanie Environnement\",\"isPartOf\":{\"@id\":\"https:\\\/\\\/toutesnosenergies.fr\\\/#website\"},\"datePublished\":\"2019-03-18T13:34:42+00:00\",\"dateModified\":\"2019-04-03T06:34:50+00:00\",\"breadcrumb\":{\"@id\":\"https:\\\/\\\/toutesnosenergies.fr\\\/index.php\\\/commission-ruralites\\\/#breadcrumb\"},\"inLanguage\":\"fr-FR\",\"potentialAction\":[{\"@type\":\"ReadAction\",\"target\":[\"https:\\\/\\\/toutesnosenergies.fr\\\/index.php\\\/commission-ruralites\\\/\"]}]},{\"@type\":\"BreadcrumbList\",\"@id\":\"https:\\\/\\\/toutesnosenergies.fr\\\/index.php\\\/commission-ruralites\\\/#breadcrumb\",\"itemListElement\":[{\"@type\":\"ListItem\",\"position\":1,\"name\":\"Accueil\",\"item\":\"https:\\\/\\\/toutesnosenergies.fr\\\/\"},{\"@type\":\"ListItem\",\"position\":2,\"name\":\"Commission ruralit\u00e9s\"}]},{\"@type\":\"WebSite\",\"@id\":\"https:\\\/\\\/toutesnosenergies.fr\\\/#website\",\"url\":\"https:\\\/\\\/toutesnosenergies.fr\\\/\",\"name\":\"Toutes Nos \u00c9nergies \u2013 Occitanie Environnement\",\"description\":\"Pour une \u00e9nergie respectueuse du vivant et des territoires ruraux en Occitanie\",\"publisher\":{\"@id\":\"https:\\\/\\\/toutesnosenergies.fr\\\/#organization\"},\"potentialAction\":[{\"@type\":\"SearchAction\",\"target\":{\"@type\":\"EntryPoint\",\"urlTemplate\":\"https:\\\/\\\/toutesnosenergies.fr\\\/?s={search_term_string}\"},\"query-input\":{\"@type\":\"PropertyValueSpecification\",\"valueRequired\":true,\"valueName\":\"search_term_string\"}}],\"inLanguage\":\"fr-FR\"},{\"@type\":\"Organization\",\"@id\":\"https:\\\/\\\/toutesnosenergies.fr\\\/#organization\",\"name\":\"Toutes Nos \u00c9nergies \u2013 Occitanie Environnement\",\"url\":\"https:\\\/\\\/toutesnosenergies.fr\\\/\",\"logo\":{\"@type\":\"ImageObject\",\"inLanguage\":\"fr-FR\",\"@id\":\"https:\\\/\\\/toutesnosenergies.fr\\\/#\\\/schema\\\/logo\\\/image\\\/\",\"url\":\"https:\\\/\\\/toutesnosenergies.fr\\\/wp-content\\\/uploads\\\/2023\\\/01\\\/Petit-logo.png\",\"contentUrl\":\"https:\\\/\\\/toutesnosenergies.fr\\\/wp-content\\\/uploads\\\/2023\\\/01\\\/Petit-logo.png\",\"width\":360,\"height\":102,\"caption\":\"Toutes Nos \u00c9nergies \u2013 Occitanie Environnement\"},\"image\":{\"@id\":\"https:\\\/\\\/toutesnosenergies.fr\\\/#\\\/schema\\\/logo\\\/image\\\/\"},\"sameAs\":[\"https:\\\/\\\/www.facebook.com\\\/TNEtoutesnosenergiesOccitanieEnvironnement\"]}]}<\/script>\n<!-- \/ Yoast SEO plugin. -->","yoast_head_json":{"title":"Commission ruralit\u00e9s - Toutes Nos \u00c9nergies \u2013 Occitanie Environnement","robots":{"index":"index","follow":"follow","max-snippet":"max-snippet:-1","max-image-preview":"max-image-preview:large","max-video-preview":"max-video-preview:-1"},"canonical":"https:\/\/toutesnosenergies.fr\/index.php\/commission-ruralites\/","og_locale":"fr_FR","og_type":"article","og_title":"Commission ruralit\u00e9s - Toutes Nos \u00c9nergies \u2013 Occitanie Environnement","og_description":"\u00a0\u00a0 Pourquoi une commission \u00ab Ruralit\u00e9.s &#8211; Solidarit\u00e9.s \u00bb ? &#8211; pour \u00eatre une caisse de r\u00e9sonance des exp\u00e9riences, des actions, des r\u00e9flexions et des propositions qui se construisent ici et l\u00e0 dans notre monde rural, avec le souci qui doit \u00eatre le n\u00f4tre de pr\u00e9server la richesse de notre patrimoine naturel et culturel, contre ... Lire plus","og_url":"https:\/\/toutesnosenergies.fr\/index.php\/commission-ruralites\/","og_site_name":"Toutes Nos \u00c9nergies \u2013 Occitanie Environnement","article_publisher":"https:\/\/www.facebook.com\/TNEtoutesnosenergiesOccitanieEnvironnement","article_modified_time":"2019-04-03T06:34:50+00:00","twitter_card":"summary_large_image","twitter_misc":{"Dur\u00e9e de lecture estim\u00e9e":"1 minute"},"schema":{"@context":"https:\/\/schema.org","@graph":[{"@type":"WebPage","@id":"https:\/\/toutesnosenergies.fr\/index.php\/commission-ruralites\/","url":"https:\/\/toutesnosenergies.fr\/index.php\/commission-ruralites\/","name":"Commission ruralit\u00e9s - Toutes Nos \u00c9nergies \u2013 Occitanie Environnement","isPartOf":{"@id":"https:\/\/toutesnosenergies.fr\/#website"},"datePublished":"2019-03-18T13:34:42+00:00","dateModified":"2019-04-03T06:34:50+00:00","breadcrumb":{"@id":"https:\/\/toutesnosenergies.fr\/index.php\/commission-ruralites\/#breadcrumb"},"inLanguage":"fr-FR","potentialAction":[{"@type":"ReadAction","target":["https:\/\/toutesnosenergies.fr\/index.php\/commission-ruralites\/"]}]},{"@type":"BreadcrumbList","@id":"https:\/\/toutesnosenergies.fr\/index.php\/commission-ruralites\/#breadcrumb","itemListElement":[{"@type":"ListItem","position":1,"name":"Accueil","item":"https:\/\/toutesnosenergies.fr\/"},{"@type":"ListItem","position":2,"name":"Commission ruralit\u00e9s"}]},{"@type":"WebSite","@id":"https:\/\/toutesnosenergies.fr\/#website","url":"https:\/\/toutesnosenergies.fr\/","name":"Toutes Nos \u00c9nergies \u2013 Occitanie Environnement","description":"Pour une \u00e9nergie respectueuse du vivant et des territoires ruraux en Occitanie","publisher":{"@id":"https:\/\/toutesnosenergies.fr\/#organization"},"potentialAction":[{"@type":"SearchAction","target":{"@type":"EntryPoint","urlTemplate":"https:\/\/toutesnosenergies.fr\/?s={search_term_string}"},"query-input":{"@type":"PropertyValueSpecification","valueRequired":true,"valueName":"search_term_string"}}],"inLanguage":"fr-FR"},{"@type":"Organization","@id":"https:\/\/toutesnosenergies.fr\/#organization","name":"Toutes Nos \u00c9nergies \u2013 Occitanie Environnement","url":"https:\/\/toutesnosenergies.fr\/","logo":{"@type":"ImageObject","inLanguage":"fr-FR","@id":"https:\/\/toutesnosenergies.fr\/#\/schema\/logo\/image\/","url":"https:\/\/toutesnosenergies.fr\/wp-content\/uploads\/2023\/01\/Petit-logo.png","contentUrl":"https:\/\/toutesnosenergies.fr\/wp-content\/uploads\/2023\/01\/Petit-logo.png","width":360,"height":102,"caption":"Toutes Nos \u00c9nergies \u2013 Occitanie Environnement"},"image":{"@id":"https:\/\/toutesnosenergies.fr\/#\/schema\/logo\/image\/"},"sameAs":["https:\/\/www.facebook.com\/TNEtoutesnosenergiesOccitanieEnvironnement"]}]}},"_links":{"self":[{"href":"https:\/\/toutesnosenergies.fr\/index.php\/wp-json\/wp\/v2\/pages\/2186","targetHints":{"allow":["GET"]}}],"collection":[{"href":"https:\/\/toutesnosenergies.fr\/index.php\/wp-json\/wp\/v2\/pages"}],"about":[{"href":"https:\/\/toutesnosenergies.fr\/index.php\/wp-json\/wp\/v2\/types\/page"}],"author":[{"embeddable":true,"href":"https:\/\/toutesnosenergies.fr\/index.php\/wp-json\/wp\/v2\/users\/3"}],"replies":[{"embeddable":true,"href":"https:\/\/toutesnosenergies.fr\/index.php\/wp-json\/wp\/v2\/comments?post=2186"}],"version-history":[{"count":5,"href":"https:\/\/toutesnosenergies.fr\/index.php\/wp-json\/wp\/v2\/pages\/2186\/revisions"}],"predecessor-version":[{"id":2408,"href":"https:\/\/toutesnosenergies.fr\/index.php\/wp-json\/wp\/v2\/pages\/2186\/revisions\/2408"}],"wp:attachment":[{"href":"https:\/\/toutesnosenergies.fr\/index.php\/wp-json\/wp\/v2\/media?parent=2186"}],"curies":[{"name":"wp","href":"https:\/\/api.w.org\/{rel}","templated":true}]}}