{"id":2189,"date":"2019-03-18T14:35:37","date_gmt":"2019-03-18T13:35:37","guid":{"rendered":"http:\/\/toutesnosenergies.fr\/?page_id=2189"},"modified":"2021-04-02T20:07:25","modified_gmt":"2021-04-02T18:07:25","slug":"le-collectif-tne-occitanie-environnement","status":"publish","type":"page","link":"https:\/\/toutesnosenergies.fr\/index.php\/le-collectif-tne-occitanie-environnement\/","title":{"rendered":"Le collectif TNE-Occitanie Environnement"},"content":{"rendered":"\n<figure class=\"wp-block-embed is-type-video is-provider-youtube wp-block-embed-youtube wp-embed-aspect-16-9 wp-has-aspect-ratio\"><div class=\"wp-block-embed__wrapper\">\n<iframe loading=\"lazy\" title=\"Pr\u00e9sentation de TNE Occitanie Environnement\" width=\"1200\" height=\"675\" src=\"https:\/\/www.youtube.com\/embed\/FvRv_610Rt8?feature=oembed\" frameborder=\"0\" allow=\"accelerometer; autoplay; clipboard-write; encrypted-media; gyroscope; picture-in-picture; web-share\" allowfullscreen><\/iframe>\n<\/div><\/figure>\n\n\n<p>Le Collectif r\u00e9gional \u00ab\u00a0Toutes Nos Energies \/ Occitanie Environnement\u00a0\u00bb a \u00e9t\u00e9 cr\u00e9\u00e9 \u00e0 Albi le 23 novembre 2016. Il rassemble 160 f\u00e9d\u00e9rations d\u00e9partementales, collectifs et associations, \u0153uvrant pour la protection de l\u2019environnement, du patrimoine et de la qualit\u00e9 de vie des habitants et, \u00e0 ce titre, oppos\u00e9s, \u00e0 l\u2019invasion de l\u2019industrie \u00e9olienne dans les espaces ruraux de la r\u00e9gion Occitanie.<\/p>\n<p>Depuis une dizaine d&rsquo;ann\u00e9es les projets \u00e9oliens se sont multipli\u00e9s d&rsquo;une mani\u00e8re totalement anarchique. De plus en plus nombreux, des habitants se sont insurg\u00e9s contre cette irruption agressive dans leur cadre de vie. Les associations locales de protection de la qualit\u00e9 de vie et de l&rsquo;environnement existantes ou cr\u00e9\u00e9es \u00e0 cette occasion, se sont mobilis\u00e9es.<\/p>\n<p>Peu \u00e0 peu ces associations se sont organis\u00e9es en collectif ou en f\u00e9d\u00e9ration dans plusieurs d\u00e9partements. \u00a0La cr\u00e9ation de la grande r\u00e9gion Occitanie a \u00e9t\u00e9 l&rsquo;occasion d\u2019aller vers une union r\u00e9gionale.<strong>\u00a0 <\/strong>Le collectif\u00a0Toutes Nos Energies Occitanie Environnement\u00a0s&rsquo;est donn\u00e9 pour buts de soutenir l&rsquo;action des associations locales et d&rsquo;\u00eatre un interlocuteur cr\u00e9dible des acteurs r\u00e9gionaux et des autorit\u00e9s, <span style=\"color: #ff0000;\"><strong>pour une politique \u00e9nerg\u00e9tique respectueuse de la vie des territoires ruraux d&rsquo;Occitanie<\/strong>.<\/span><\/p>\n<p>Aujourd\u2019hui, le collectif Toutes Nos Energies- Occitanie Environnement\u00a0propose de participer \u00e0 une transition \u00e9cologique v\u00e9ritable et sinc\u00e8re. Partant de la question\u00a0du d\u00e9veloppement de l\u2019\u00e9olien industriel, nous d\u00e9non\u00e7ons les d\u00e9gradations sociales, \u00e9conomiques et environnementales qu\u2019il produit dans les territoires de notre r\u00e9gion. Nous analysons les causes, les effets et les solutions \u00e0 apporter pour rem\u00e9dier \u00e0 cette situation.<\/p>\n<p>En <strong>d\u00e9mocratie, <\/strong>les pouvoirs politiques et \u00e9conomiques ne devraient pas imposer leurs r\u00e8gles sans r\u00e9el d\u00e9bat citoyen\u00a0; les citoyens doivent reprendre la parole et participer en amont, \u00e0 l\u2019\u00e9laboration des projets ayant un impact sur l\u2019environnement\u00a0; les habitants, attach\u00e9s aux <strong>territoires hyper-ruraux<\/strong>, veulent que\u00a0leurs enjeux sp\u00e9cifiques soient compris et valoris\u00e9s.<\/p>\n<p>Nous formulons des propositions, souvent interrogatives mais toujours constructives, tant sur le plan des choix techniques que sur celui des modalit\u00e9s d\u00e9mocratiques de conception et de mise en \u0153uvre de la transition \u00e9nerg\u00e9tique. \u00a0Il s\u2019agit avant tout d\u2019\u00e9conomiser les ressources rares\u00a0en veillant \u00e0 conserver leur qualit\u00e9 : l\u2019eau, l\u2019air, les m\u00e9taux et les mat\u00e9riaux de construction, dans le souci permanent de pr\u00e9server la sant\u00e9 et le bien-\u00eatre des personnes.<\/p>\n<p>Nous souhaitons une transition \u00e9nerg\u00e9tique \u00e9quilibr\u00e9e, selon trois conditions :<\/p>\n<p>&#8211; <strong>Une transition globale<\/strong>\u00a0: prenant en compte toutes les ressources de la r\u00e9gion (soleil, g\u00e9othermie, biomasse, vent\u2026) et ses cours d\u2019eau, ainsi que les \u00e9nergies du futur\u00a0;<\/p>\n<p>&#8211; \u00a0<strong>Une transition r\u00e9aliste<\/strong> au plan \u00e9conomique\u00a0;<\/p>\n<p>&#8211; \u00a0<strong>Une transition socialement acceptable<\/strong> par les habitants, respectueuse de la biodiversit\u00e9, du patrimoine paysager et culturel, de la qualit\u00e9 de vie et donc suscitant l\u2019adh\u00e9sion active des citoyens.<\/p>\n<p><strong>Voir sur le site<a href=\"http:\/\/toutesnosenergies.fr\/index.php\/que-defendons-nous\/\"> ce que nous proposons<\/a>.<\/strong><\/p>\n<p><strong>Consulter le <a href=\"http:\/\/toutesnosenergies.fr\/wp-content\/uploads\/2018\/10\/Livret-REP\u00d2STA_M\u00e0j-sept-2018.pdf\">document\u00a0REP\u00d2STA<\/a>, d\u00e9marche alternative au niveau r\u00e9gional et\/ou <a href=\"http:\/\/toutesnosenergies.fr\/wp-content\/uploads\/2018\/06\/REP\u00d2STA-mai-2018.pdf\">sa synth\u00e8se<\/a>.<\/strong><\/p>\n<p><strong>Prendre connaissance de notre <a href=\"https:\/\/toutesnosenergies.fr\/wp-content\/uploads\/2021\/03\/dossier-de-presse-4-pages_janvier-2021.pdf\">dossier de presse<\/a>.<\/strong><\/p>\n<p style=\"text-align: right;\">Octobre 2017<\/p>","protected":false},"excerpt":{"rendered":"<p>Le Collectif r\u00e9gional \u00ab\u00a0Toutes Nos Energies \/ Occitanie Environnement\u00a0\u00bb a \u00e9t\u00e9 cr\u00e9\u00e9 \u00e0 Albi le 23 novembre 2016. Il rassemble 160 f\u00e9d\u00e9rations d\u00e9partementales, collectifs et associations, \u0153uvrant pour la protection de l\u2019environnement, du patrimoine et de la qualit\u00e9 de vie des habitants et, \u00e0 ce titre, oppos\u00e9s, \u00e0 l\u2019invasion de l\u2019industrie \u00e9olienne dans les espaces &#8230; <a title=\"Le collectif TNE-Occitanie Environnement\" class=\"read-more\" href=\"https:\/\/toutesnosenergies.fr\/index.php\/le-collectif-tne-occitanie-environnement\/\" aria-label=\"Plus sur Le collectif TNE-Occitanie Environnement\">Lire plus<\/a><\/p>\n","protected":false},"author":3,"featured_media":0,"parent":0,"menu_order":0,"comment_status":"closed","ping_status":"closed","template":"","meta":{"_cbd_carousel_blocks":"[]","sfsi_plus_gutenberg_text_before_share":"","sfsi_plus_gutenberg_show_text_before_share":"","sfsi_plus_gutenberg_icon_type":"","sfsi_plus_gutenberg_icon_alignemt":"","sfsi_plus_gutenburg_max_per_row":"","footnotes":""},"class_list":["post-2189","page","type-page","status-publish"],"yoast_head":"<!-- This site is optimized with the Yoast SEO plugin v27.3 - https:\/\/yoast.com\/product\/yoast-seo-wordpress\/ -->\n<title>Le collectif TNE-Occitanie Environnement - Toutes Nos \u00c9nergies \u2013 Occitanie Environnement<\/title>\n<meta name=\"robots\" content=\"index, follow, max-snippet:-1, max-image-preview:large, max-video-preview:-1\" \/>\n<link rel=\"canonical\" href=\"https:\/\/toutesnosenergies.fr\/index.php\/le-collectif-tne-occitanie-environnement\/\" \/>\n<meta property=\"og:locale\" content=\"fr_FR\" \/>\n<meta property=\"og:type\" content=\"article\" \/>\n<meta property=\"og:title\" content=\"Le collectif TNE-Occitanie Environnement - Toutes Nos \u00c9nergies \u2013 Occitanie Environnement\" \/>\n<meta property=\"og:description\" content=\"Le Collectif r\u00e9gional \u00ab\u00a0Toutes Nos Energies \/ Occitanie Environnement\u00a0\u00bb a \u00e9t\u00e9 cr\u00e9\u00e9 \u00e0 Albi le 23 novembre 2016. Il rassemble 160 f\u00e9d\u00e9rations d\u00e9partementales, collectifs et associations, \u0153uvrant pour la protection de l\u2019environnement, du patrimoine et de la qualit\u00e9 de vie des habitants et, \u00e0 ce titre, oppos\u00e9s, \u00e0 l\u2019invasion de l\u2019industrie \u00e9olienne dans les espaces ... Lire plus\" \/>\n<meta property=\"og:url\" content=\"https:\/\/toutesnosenergies.fr\/index.php\/le-collectif-tne-occitanie-environnement\/\" \/>\n<meta property=\"og:site_name\" content=\"Toutes Nos \u00c9nergies \u2013 Occitanie Environnement\" \/>\n<meta property=\"article:publisher\" content=\"https:\/\/www.facebook.com\/TNEtoutesnosenergiesOccitanieEnvironnement\" \/>\n<meta property=\"article:modified_time\" content=\"2021-04-02T18:07:25+00:00\" \/>\n<meta name=\"twitter:card\" content=\"summary_large_image\" \/>\n<meta name=\"twitter:label1\" content=\"Dur\u00e9e de lecture estim\u00e9e\" \/>\n\t<meta name=\"twitter:data1\" content=\"3 minutes\" \/>\n<script type=\"application\/ld+json\" class=\"yoast-schema-graph\">{\"@context\":\"https:\\\/\\\/schema.org\",\"@graph\":[{\"@type\":\"WebPage\",\"@id\":\"https:\\\/\\\/toutesnosenergies.fr\\\/index.php\\\/le-collectif-tne-occitanie-environnement\\\/\",\"url\":\"https:\\\/\\\/toutesnosenergies.fr\\\/index.php\\\/le-collectif-tne-occitanie-environnement\\\/\",\"name\":\"Le collectif TNE-Occitanie Environnement - Toutes Nos \u00c9nergies \u2013 Occitanie Environnement\",\"isPartOf\":{\"@id\":\"https:\\\/\\\/toutesnosenergies.fr\\\/#website\"},\"datePublished\":\"2019-03-18T13:35:37+00:00\",\"dateModified\":\"2021-04-02T18:07:25+00:00\",\"breadcrumb\":{\"@id\":\"https:\\\/\\\/toutesnosenergies.fr\\\/index.php\\\/le-collectif-tne-occitanie-environnement\\\/#breadcrumb\"},\"inLanguage\":\"fr-FR\",\"potentialAction\":[{\"@type\":\"ReadAction\",\"target\":[\"https:\\\/\\\/toutesnosenergies.fr\\\/index.php\\\/le-collectif-tne-occitanie-environnement\\\/\"]}]},{\"@type\":\"BreadcrumbList\",\"@id\":\"https:\\\/\\\/toutesnosenergies.fr\\\/index.php\\\/le-collectif-tne-occitanie-environnement\\\/#breadcrumb\",\"itemListElement\":[{\"@type\":\"ListItem\",\"position\":1,\"name\":\"Accueil\",\"item\":\"https:\\\/\\\/toutesnosenergies.fr\\\/\"},{\"@type\":\"ListItem\",\"position\":2,\"name\":\"Le collectif TNE-Occitanie Environnement\"}]},{\"@type\":\"WebSite\",\"@id\":\"https:\\\/\\\/toutesnosenergies.fr\\\/#website\",\"url\":\"https:\\\/\\\/toutesnosenergies.fr\\\/\",\"name\":\"Toutes Nos \u00c9nergies \u2013 Occitanie Environnement\",\"description\":\"Pour une \u00e9nergie respectueuse du vivant et des territoires ruraux en Occitanie\",\"publisher\":{\"@id\":\"https:\\\/\\\/toutesnosenergies.fr\\\/#organization\"},\"potentialAction\":[{\"@type\":\"SearchAction\",\"target\":{\"@type\":\"EntryPoint\",\"urlTemplate\":\"https:\\\/\\\/toutesnosenergies.fr\\\/?s={search_term_string}\"},\"query-input\":{\"@type\":\"PropertyValueSpecification\",\"valueRequired\":true,\"valueName\":\"search_term_string\"}}],\"inLanguage\":\"fr-FR\"},{\"@type\":\"Organization\",\"@id\":\"https:\\\/\\\/toutesnosenergies.fr\\\/#organization\",\"name\":\"Toutes Nos \u00c9nergies \u2013 Occitanie Environnement\",\"url\":\"https:\\\/\\\/toutesnosenergies.fr\\\/\",\"logo\":{\"@type\":\"ImageObject\",\"inLanguage\":\"fr-FR\",\"@id\":\"https:\\\/\\\/toutesnosenergies.fr\\\/#\\\/schema\\\/logo\\\/image\\\/\",\"url\":\"https:\\\/\\\/toutesnosenergies.fr\\\/wp-content\\\/uploads\\\/2023\\\/01\\\/Petit-logo.png\",\"contentUrl\":\"https:\\\/\\\/toutesnosenergies.fr\\\/wp-content\\\/uploads\\\/2023\\\/01\\\/Petit-logo.png\",\"width\":360,\"height\":102,\"caption\":\"Toutes Nos \u00c9nergies \u2013 Occitanie Environnement\"},\"image\":{\"@id\":\"https:\\\/\\\/toutesnosenergies.fr\\\/#\\\/schema\\\/logo\\\/image\\\/\"},\"sameAs\":[\"https:\\\/\\\/www.facebook.com\\\/TNEtoutesnosenergiesOccitanieEnvironnement\"]}]}<\/script>\n<!-- \/ Yoast SEO plugin. -->","yoast_head_json":{"title":"Le collectif TNE-Occitanie Environnement - Toutes Nos \u00c9nergies \u2013 Occitanie Environnement","robots":{"index":"index","follow":"follow","max-snippet":"max-snippet:-1","max-image-preview":"max-image-preview:large","max-video-preview":"max-video-preview:-1"},"canonical":"https:\/\/toutesnosenergies.fr\/index.php\/le-collectif-tne-occitanie-environnement\/","og_locale":"fr_FR","og_type":"article","og_title":"Le collectif TNE-Occitanie Environnement - Toutes Nos \u00c9nergies \u2013 Occitanie Environnement","og_description":"Le Collectif r\u00e9gional \u00ab\u00a0Toutes Nos Energies \/ Occitanie Environnement\u00a0\u00bb a \u00e9t\u00e9 cr\u00e9\u00e9 \u00e0 Albi le 23 novembre 2016. Il rassemble 160 f\u00e9d\u00e9rations d\u00e9partementales, collectifs et associations, \u0153uvrant pour la protection de l\u2019environnement, du patrimoine et de la qualit\u00e9 de vie des habitants et, \u00e0 ce titre, oppos\u00e9s, \u00e0 l\u2019invasion de l\u2019industrie \u00e9olienne dans les espaces ... Lire plus","og_url":"https:\/\/toutesnosenergies.fr\/index.php\/le-collectif-tne-occitanie-environnement\/","og_site_name":"Toutes Nos \u00c9nergies \u2013 Occitanie Environnement","article_publisher":"https:\/\/www.facebook.com\/TNEtoutesnosenergiesOccitanieEnvironnement","article_modified_time":"2021-04-02T18:07:25+00:00","twitter_card":"summary_large_image","twitter_misc":{"Dur\u00e9e de lecture estim\u00e9e":"3 minutes"},"schema":{"@context":"https:\/\/schema.org","@graph":[{"@type":"WebPage","@id":"https:\/\/toutesnosenergies.fr\/index.php\/le-collectif-tne-occitanie-environnement\/","url":"https:\/\/toutesnosenergies.fr\/index.php\/le-collectif-tne-occitanie-environnement\/","name":"Le collectif TNE-Occitanie Environnement - Toutes Nos \u00c9nergies \u2013 Occitanie Environnement","isPartOf":{"@id":"https:\/\/toutesnosenergies.fr\/#website"},"datePublished":"2019-03-18T13:35:37+00:00","dateModified":"2021-04-02T18:07:25+00:00","breadcrumb":{"@id":"https:\/\/toutesnosenergies.fr\/index.php\/le-collectif-tne-occitanie-environnement\/#breadcrumb"},"inLanguage":"fr-FR","potentialAction":[{"@type":"ReadAction","target":["https:\/\/toutesnosenergies.fr\/index.php\/le-collectif-tne-occitanie-environnement\/"]}]},{"@type":"BreadcrumbList","@id":"https:\/\/toutesnosenergies.fr\/index.php\/le-collectif-tne-occitanie-environnement\/#breadcrumb","itemListElement":[{"@type":"ListItem","position":1,"name":"Accueil","item":"https:\/\/toutesnosenergies.fr\/"},{"@type":"ListItem","position":2,"name":"Le collectif TNE-Occitanie Environnement"}]},{"@type":"WebSite","@id":"https:\/\/toutesnosenergies.fr\/#website","url":"https:\/\/toutesnosenergies.fr\/","name":"Toutes Nos \u00c9nergies \u2013 Occitanie Environnement","description":"Pour une \u00e9nergie respectueuse du vivant et des territoires ruraux en Occitanie","publisher":{"@id":"https:\/\/toutesnosenergies.fr\/#organization"},"potentialAction":[{"@type":"SearchAction","target":{"@type":"EntryPoint","urlTemplate":"https:\/\/toutesnosenergies.fr\/?s={search_term_string}"},"query-input":{"@type":"PropertyValueSpecification","valueRequired":true,"valueName":"search_term_string"}}],"inLanguage":"fr-FR"},{"@type":"Organization","@id":"https:\/\/toutesnosenergies.fr\/#organization","name":"Toutes Nos \u00c9nergies \u2013 Occitanie Environnement","url":"https:\/\/toutesnosenergies.fr\/","logo":{"@type":"ImageObject","inLanguage":"fr-FR","@id":"https:\/\/toutesnosenergies.fr\/#\/schema\/logo\/image\/","url":"https:\/\/toutesnosenergies.fr\/wp-content\/uploads\/2023\/01\/Petit-logo.png","contentUrl":"https:\/\/toutesnosenergies.fr\/wp-content\/uploads\/2023\/01\/Petit-logo.png","width":360,"height":102,"caption":"Toutes Nos \u00c9nergies \u2013 Occitanie Environnement"},"image":{"@id":"https:\/\/toutesnosenergies.fr\/#\/schema\/logo\/image\/"},"sameAs":["https:\/\/www.facebook.com\/TNEtoutesnosenergiesOccitanieEnvironnement"]}]}},"_links":{"self":[{"href":"https:\/\/toutesnosenergies.fr\/index.php\/wp-json\/wp\/v2\/pages\/2189","targetHints":{"allow":["GET"]}}],"collection":[{"href":"https:\/\/toutesnosenergies.fr\/index.php\/wp-json\/wp\/v2\/pages"}],"about":[{"href":"https:\/\/toutesnosenergies.fr\/index.php\/wp-json\/wp\/v2\/types\/page"}],"author":[{"embeddable":true,"href":"https:\/\/toutesnosenergies.fr\/index.php\/wp-json\/wp\/v2\/users\/3"}],"replies":[{"embeddable":true,"href":"https:\/\/toutesnosenergies.fr\/index.php\/wp-json\/wp\/v2\/comments?post=2189"}],"version-history":[{"count":14,"href":"https:\/\/toutesnosenergies.fr\/index.php\/wp-json\/wp\/v2\/pages\/2189\/revisions"}],"predecessor-version":[{"id":11434,"href":"https:\/\/toutesnosenergies.fr\/index.php\/wp-json\/wp\/v2\/pages\/2189\/revisions\/11434"}],"wp:attachment":[{"href":"https:\/\/toutesnosenergies.fr\/index.php\/wp-json\/wp\/v2\/media?parent=2189"}],"curies":[{"name":"wp","href":"https:\/\/api.w.org\/{rel}","templated":true}]}}