{"id":442,"date":"2017-10-20T15:54:53","date_gmt":"2017-10-20T13:54:53","guid":{"rendered":"http:\/\/toutesnosenergies.fr\/?page_id=442"},"modified":"2024-12-23T18:45:01","modified_gmt":"2024-12-23T17:45:01","slug":"qui-sommes-nous-2","status":"publish","type":"page","link":"https:\/\/toutesnosenergies.fr\/index.php\/qui-sommes-nous-2\/","title":{"rendered":"Qui sommes-nous ?"},"content":{"rendered":"\n<h5 class=\"wp-block-heading\"><strong>Toutes Nos \u00c9nergies &#8211; Occitanie Environnement<\/strong>\u00a0rassemble une centaine de collectifs et d&rsquo;associations qui \u0153uvrent pour la qualit\u00e9 de vie des habitants, la protection de l&rsquo;environnement et pour une transition \u00e9nerg\u00e9tique et \u00e9cologique solidaire, respectueuse des territoires ruraux.\u00a0<\/h5>\n\n\n\n<h5 class=\"wp-block-heading\"><em>Dans ce sens, TNE-OE s&rsquo;oppose \u00e0 l&rsquo;invasion de l&rsquo;industrie \u00e9olienne et photovolta\u00efque sur les terres agricoles et foresti\u00e8res d&rsquo;Occitanie. Et nous sommes solidaires des luttes contre toutes les EnR industrielles dans les espaces naturels et d\u00e9non\u00e7ons les d\u00e9gradations sociales, \u00e9conomiques et environnementales qu&rsquo;elles produisent. Nous \u00e9mettons des r\u00e9serves quant au d\u00e9veloppement de l&rsquo;\u00e9olien en mer (plut\u00f4t flottant que fixe, accord des habitants, des p\u00eacheurs et m\u00e9tiers de la mer, exigence de retours d&rsquo;exp\u00e9rience et \u00e9tudes d&rsquo;impacts avant toute implantation&#8230;).<\/em><\/h5>\n\n\n\n<h5 class=\"wp-block-heading\"><em><strong>Deux axes principaux<\/strong>&nbsp;: Apporter un soutien aux associations locales et \u00eatre un interlocuteur aupr\u00e8s des instances et administrations r\u00e9gionales et nationales.<\/em><\/h5>\n\n\n\n<h5 class=\"wp-block-heading\"><em><strong>Les associations locales<\/strong>&nbsp;:&nbsp;Ce sont elles qui d\u00e9terminent leurs modes d&rsquo;action et sont les premi\u00e8res interlocutrices des autorit\u00e9s locales. TNE-OE les aide en leur apportant l&rsquo;exp\u00e9rience de plusieurs ann\u00e9es de terrain, un soutien juridique si recours engag\u00e9, relaye leurs initiatives&#8230;<\/em><\/h5>\n\n\n\n<h5 class=\"wp-block-heading\"><em><strong>Les instances et administrations r\u00e9gionales<\/strong>&nbsp;: Nous les alertons sur nos d\u00e9saccords. Toutes les administrations (pr\u00e9fecture de R\u00e9gion, Dreal&#8230;) nous connaissent et certaines nous ont auditionn\u00e9s, comme le Conseil \u00c9conomique Social et Environnemental de R\u00e9gion (CESER) ou la Commission Aubert \u00e0 l&rsquo;Assembl\u00e9e Nationale.<\/em><\/h5>\n\n\n\n<h5 class=\"wp-block-heading\"><em><strong>Les autres associations r\u00e9gionales<\/strong>&nbsp;: Pour les rencontrer lors d&rsquo;actions ou r\u00e9flexions sur les sujets qui nous int\u00e9ressent, nous avons tiss\u00e9 des relations avec les FNE LR et Midi Pyr\u00e9n\u00e9es, les LPO, les 2 associations de commissaires enqu\u00eateurs (LR et Midi Pyr\u00e9n\u00e9es), Sites et Monuments de France&#8230;<\/em><\/h5>\n\n\n\n<h5 class=\"wp-block-heading\"><em><strong>Une transition \u00e9nerg\u00e9tique en Occitanie est possible sans un parc industriel d&rsquo;EnR de plus&nbsp;<\/strong><strong>!<\/strong>&nbsp;Il ne s&rsquo;agit pas que de choix techniques mais des modalit\u00e9s d\u00e9mocratiques qui doivent imp\u00e9rativement accompagner ces choix. Les gens doivent reprendre la parole et participer en amont \u00e0 l&rsquo;\u00e9laboration des projets ayant un impact sur leur environnement. Notre r\u00e9gion produit autant d&rsquo;\u00e9lectricit\u00e9 qu&rsquo;elle en consomme&nbsp;: pourquoi produire toujours plus et confier cette production au priv\u00e9&nbsp;?<\/em><\/h5>\n\n\n\n<h5 class=\"wp-block-heading\"><em><strong>TNE-OE fonctionne en coll\u00e9gialit\u00e9<\/strong>, avec 12 co-secr\u00e9taires issus des d\u00e9partements d&rsquo;Occitanie, charg\u00e9s d&rsquo;assurer veille documentaire, juridique, \u00e9conomique&nbsp;; de r\u00e9agir aux \u00e9v\u00e9nements, de communiquer via la presse, son site et r\u00e9seaux sociaux, d&rsquo;\u00e9diter son magazine D\u00e9toccig\u00e8ne.&nbsp;<\/em><\/h5>\n\n\n\n<h5 class=\"wp-block-heading\"><em>Les assembl\u00e9es r\u00e9gionales se tiennent 2 \u00e0 3 fois\/an, auxquelles toutes les associations sont invit\u00e9es.<\/em><\/h5>\n\n\n\n<h5 class=\"wp-block-heading\"><em><strong>Pour pouvoir g\u00e9rer la collecte de fonds et ester en justice<\/strong><strong>, le collectif s&rsquo;est dot\u00e9 d&rsquo;une association \u00a0\u00bb&nbsp;support&nbsp;\u00ab\u00a0, loi 1901&nbsp;: OC.2E<\/strong>&nbsp;(Occitanie \u00c9nergies Environnement)&nbsp;<\/em><\/h5>\n\n\n<div class=\"wp-block-image\">\n<figure class=\"aligncenter size-large\"><a href=\"https:\/\/toutesnosenergies.fr\/wp-content\/uploads\/2024\/12\/Bulletin-adhesion-TNE-.pdf\"><img loading=\"lazy\" decoding=\"async\" width=\"1024\" height=\"481\" src=\"https:\/\/toutesnosenergies.fr\/wp-content\/uploads\/2024\/12\/Capture-decran-2024-12-23-a-18.39.40-1-1024x481.png\" alt=\"\" class=\"wp-image-11430\" srcset=\"https:\/\/toutesnosenergies.fr\/wp-content\/uploads\/2024\/12\/Capture-decran-2024-12-23-a-18.39.40-1-1024x481.png 1024w, https:\/\/toutesnosenergies.fr\/wp-content\/uploads\/2024\/12\/Capture-decran-2024-12-23-a-18.39.40-1-300x141.png 300w, https:\/\/toutesnosenergies.fr\/wp-content\/uploads\/2024\/12\/Capture-decran-2024-12-23-a-18.39.40-1-768x360.png 768w, https:\/\/toutesnosenergies.fr\/wp-content\/uploads\/2024\/12\/Capture-decran-2024-12-23-a-18.39.40-1-1536x721.png 1536w, https:\/\/toutesnosenergies.fr\/wp-content\/uploads\/2024\/12\/Capture-decran-2024-12-23-a-18.39.40-1-1320x620.png 1320w, https:\/\/toutesnosenergies.fr\/wp-content\/uploads\/2024\/12\/Capture-decran-2024-12-23-a-18.39.40-1.png 1632w\" sizes=\"auto, (max-width: 1024px) 100vw, 1024px\" \/><\/a><\/figure>\n<\/div>","protected":false},"excerpt":{"rendered":"<p>Toutes Nos \u00c9nergies &#8211; Occitanie Environnement\u00a0rassemble une centaine de collectifs et d&rsquo;associations qui \u0153uvrent pour la qualit\u00e9 de vie des habitants, la protection de l&rsquo;environnement et pour une transition \u00e9nerg\u00e9tique et \u00e9cologique solidaire, respectueuse des territoires ruraux.\u00a0 Dans ce sens, TNE-OE s&rsquo;oppose \u00e0 l&rsquo;invasion de l&rsquo;industrie \u00e9olienne et photovolta\u00efque sur les terres agricoles et foresti\u00e8res &#8230; <a title=\"Qui sommes-nous ?\" class=\"read-more\" href=\"https:\/\/toutesnosenergies.fr\/index.php\/qui-sommes-nous-2\/\" aria-label=\"Plus sur Qui sommes-nous ?\">Lire plus<\/a><\/p>\n","protected":false},"author":1,"featured_media":0,"parent":0,"menu_order":0,"comment_status":"closed","ping_status":"closed","template":"","meta":{"_cbd_carousel_blocks":"[]","sfsi_plus_gutenberg_text_before_share":"","sfsi_plus_gutenberg_show_text_before_share":"","sfsi_plus_gutenberg_icon_type":"","sfsi_plus_gutenberg_icon_alignemt":"","sfsi_plus_gutenburg_max_per_row":"","footnotes":""},"class_list":["post-442","page","type-page","status-publish"],"yoast_head":"<!-- This site is optimized with the Yoast SEO plugin v27.3 - https:\/\/yoast.com\/product\/yoast-seo-wordpress\/ -->\n<title>Qui sommes-nous ? - Toutes Nos \u00c9nergies \u2013 Occitanie Environnement<\/title>\n<meta name=\"robots\" content=\"index, follow, max-snippet:-1, max-image-preview:large, max-video-preview:-1\" \/>\n<link rel=\"canonical\" href=\"https:\/\/toutesnosenergies.fr\/index.php\/qui-sommes-nous-2\/\" \/>\n<meta property=\"og:locale\" content=\"fr_FR\" \/>\n<meta property=\"og:type\" content=\"article\" \/>\n<meta property=\"og:title\" content=\"Qui sommes-nous ? - Toutes Nos \u00c9nergies \u2013 Occitanie Environnement\" \/>\n<meta property=\"og:description\" content=\"Toutes Nos \u00c9nergies &#8211; Occitanie Environnement\u00a0rassemble une centaine de collectifs et d&rsquo;associations qui \u0153uvrent pour la qualit\u00e9 de vie des habitants, la protection de l&rsquo;environnement et pour une transition \u00e9nerg\u00e9tique et \u00e9cologique solidaire, respectueuse des territoires ruraux.\u00a0 Dans ce sens, TNE-OE s&rsquo;oppose \u00e0 l&rsquo;invasion de l&rsquo;industrie \u00e9olienne et photovolta\u00efque sur les terres agricoles et foresti\u00e8res ... Lire plus\" \/>\n<meta property=\"og:url\" content=\"https:\/\/toutesnosenergies.fr\/index.php\/qui-sommes-nous-2\/\" \/>\n<meta property=\"og:site_name\" content=\"Toutes Nos \u00c9nergies \u2013 Occitanie Environnement\" \/>\n<meta property=\"article:publisher\" content=\"https:\/\/www.facebook.com\/TNEtoutesnosenergiesOccitanieEnvironnement\" \/>\n<meta property=\"article:modified_time\" content=\"2024-12-23T17:45:01+00:00\" \/>\n<meta property=\"og:image\" content=\"https:\/\/toutesnosenergies.fr\/wp-content\/uploads\/2024\/12\/Capture-decran-2024-12-23-a-18.39.40-1.png\" \/>\n\t<meta property=\"og:image:width\" content=\"1632\" \/>\n\t<meta property=\"og:image:height\" content=\"766\" \/>\n\t<meta property=\"og:image:type\" content=\"image\/png\" \/>\n<meta name=\"twitter:card\" content=\"summary_large_image\" \/>\n<meta name=\"twitter:label1\" content=\"Dur\u00e9e de lecture estim\u00e9e\" \/>\n\t<meta name=\"twitter:data1\" content=\"3 minutes\" \/>\n<script type=\"application\/ld+json\" class=\"yoast-schema-graph\">{\"@context\":\"https:\\\/\\\/schema.org\",\"@graph\":[{\"@type\":\"WebPage\",\"@id\":\"https:\\\/\\\/toutesnosenergies.fr\\\/index.php\\\/qui-sommes-nous-2\\\/\",\"url\":\"https:\\\/\\\/toutesnosenergies.fr\\\/index.php\\\/qui-sommes-nous-2\\\/\",\"name\":\"Qui sommes-nous ? - Toutes Nos \u00c9nergies \u2013 Occitanie Environnement\",\"isPartOf\":{\"@id\":\"https:\\\/\\\/toutesnosenergies.fr\\\/#website\"},\"primaryImageOfPage\":{\"@id\":\"https:\\\/\\\/toutesnosenergies.fr\\\/index.php\\\/qui-sommes-nous-2\\\/#primaryimage\"},\"image\":{\"@id\":\"https:\\\/\\\/toutesnosenergies.fr\\\/index.php\\\/qui-sommes-nous-2\\\/#primaryimage\"},\"thumbnailUrl\":\"https:\\\/\\\/toutesnosenergies.fr\\\/wp-content\\\/uploads\\\/2024\\\/12\\\/Capture-decran-2024-12-23-a-18.39.40-1-1024x481.png\",\"datePublished\":\"2017-10-20T13:54:53+00:00\",\"dateModified\":\"2024-12-23T17:45:01+00:00\",\"breadcrumb\":{\"@id\":\"https:\\\/\\\/toutesnosenergies.fr\\\/index.php\\\/qui-sommes-nous-2\\\/#breadcrumb\"},\"inLanguage\":\"fr-FR\",\"potentialAction\":[{\"@type\":\"ReadAction\",\"target\":[\"https:\\\/\\\/toutesnosenergies.fr\\\/index.php\\\/qui-sommes-nous-2\\\/\"]}]},{\"@type\":\"ImageObject\",\"inLanguage\":\"fr-FR\",\"@id\":\"https:\\\/\\\/toutesnosenergies.fr\\\/index.php\\\/qui-sommes-nous-2\\\/#primaryimage\",\"url\":\"https:\\\/\\\/toutesnosenergies.fr\\\/wp-content\\\/uploads\\\/2024\\\/12\\\/Capture-decran-2024-12-23-a-18.39.40-1.png\",\"contentUrl\":\"https:\\\/\\\/toutesnosenergies.fr\\\/wp-content\\\/uploads\\\/2024\\\/12\\\/Capture-decran-2024-12-23-a-18.39.40-1.png\",\"width\":1632,\"height\":766},{\"@type\":\"BreadcrumbList\",\"@id\":\"https:\\\/\\\/toutesnosenergies.fr\\\/index.php\\\/qui-sommes-nous-2\\\/#breadcrumb\",\"itemListElement\":[{\"@type\":\"ListItem\",\"position\":1,\"name\":\"Accueil\",\"item\":\"https:\\\/\\\/toutesnosenergies.fr\\\/\"},{\"@type\":\"ListItem\",\"position\":2,\"name\":\"Qui sommes-nous ?\"}]},{\"@type\":\"WebSite\",\"@id\":\"https:\\\/\\\/toutesnosenergies.fr\\\/#website\",\"url\":\"https:\\\/\\\/toutesnosenergies.fr\\\/\",\"name\":\"Toutes Nos \u00c9nergies \u2013 Occitanie Environnement\",\"description\":\"Pour une \u00e9nergie respectueuse du vivant et des territoires ruraux en Occitanie\",\"publisher\":{\"@id\":\"https:\\\/\\\/toutesnosenergies.fr\\\/#organization\"},\"potentialAction\":[{\"@type\":\"SearchAction\",\"target\":{\"@type\":\"EntryPoint\",\"urlTemplate\":\"https:\\\/\\\/toutesnosenergies.fr\\\/?s={search_term_string}\"},\"query-input\":{\"@type\":\"PropertyValueSpecification\",\"valueRequired\":true,\"valueName\":\"search_term_string\"}}],\"inLanguage\":\"fr-FR\"},{\"@type\":\"Organization\",\"@id\":\"https:\\\/\\\/toutesnosenergies.fr\\\/#organization\",\"name\":\"Toutes Nos \u00c9nergies \u2013 Occitanie Environnement\",\"url\":\"https:\\\/\\\/toutesnosenergies.fr\\\/\",\"logo\":{\"@type\":\"ImageObject\",\"inLanguage\":\"fr-FR\",\"@id\":\"https:\\\/\\\/toutesnosenergies.fr\\\/#\\\/schema\\\/logo\\\/image\\\/\",\"url\":\"https:\\\/\\\/toutesnosenergies.fr\\\/wp-content\\\/uploads\\\/2023\\\/01\\\/Petit-logo.png\",\"contentUrl\":\"https:\\\/\\\/toutesnosenergies.fr\\\/wp-content\\\/uploads\\\/2023\\\/01\\\/Petit-logo.png\",\"width\":360,\"height\":102,\"caption\":\"Toutes Nos \u00c9nergies \u2013 Occitanie Environnement\"},\"image\":{\"@id\":\"https:\\\/\\\/toutesnosenergies.fr\\\/#\\\/schema\\\/logo\\\/image\\\/\"},\"sameAs\":[\"https:\\\/\\\/www.facebook.com\\\/TNEtoutesnosenergiesOccitanieEnvironnement\"]}]}<\/script>\n<!-- \/ Yoast SEO plugin. -->","yoast_head_json":{"title":"Qui sommes-nous ? - Toutes Nos \u00c9nergies \u2013 Occitanie Environnement","robots":{"index":"index","follow":"follow","max-snippet":"max-snippet:-1","max-image-preview":"max-image-preview:large","max-video-preview":"max-video-preview:-1"},"canonical":"https:\/\/toutesnosenergies.fr\/index.php\/qui-sommes-nous-2\/","og_locale":"fr_FR","og_type":"article","og_title":"Qui sommes-nous ? - Toutes Nos \u00c9nergies \u2013 Occitanie Environnement","og_description":"Toutes Nos \u00c9nergies &#8211; Occitanie Environnement\u00a0rassemble une centaine de collectifs et d&rsquo;associations qui \u0153uvrent pour la qualit\u00e9 de vie des habitants, la protection de l&rsquo;environnement et pour une transition \u00e9nerg\u00e9tique et \u00e9cologique solidaire, respectueuse des territoires ruraux.\u00a0 Dans ce sens, TNE-OE s&rsquo;oppose \u00e0 l&rsquo;invasion de l&rsquo;industrie \u00e9olienne et photovolta\u00efque sur les terres agricoles et foresti\u00e8res ... Lire plus","og_url":"https:\/\/toutesnosenergies.fr\/index.php\/qui-sommes-nous-2\/","og_site_name":"Toutes Nos \u00c9nergies \u2013 Occitanie Environnement","article_publisher":"https:\/\/www.facebook.com\/TNEtoutesnosenergiesOccitanieEnvironnement","article_modified_time":"2024-12-23T17:45:01+00:00","og_image":[{"width":1632,"height":766,"url":"https:\/\/toutesnosenergies.fr\/wp-content\/uploads\/2024\/12\/Capture-decran-2024-12-23-a-18.39.40-1.png","type":"image\/png"}],"twitter_card":"summary_large_image","twitter_misc":{"Dur\u00e9e de lecture estim\u00e9e":"3 minutes"},"schema":{"@context":"https:\/\/schema.org","@graph":[{"@type":"WebPage","@id":"https:\/\/toutesnosenergies.fr\/index.php\/qui-sommes-nous-2\/","url":"https:\/\/toutesnosenergies.fr\/index.php\/qui-sommes-nous-2\/","name":"Qui sommes-nous ? - Toutes Nos \u00c9nergies \u2013 Occitanie Environnement","isPartOf":{"@id":"https:\/\/toutesnosenergies.fr\/#website"},"primaryImageOfPage":{"@id":"https:\/\/toutesnosenergies.fr\/index.php\/qui-sommes-nous-2\/#primaryimage"},"image":{"@id":"https:\/\/toutesnosenergies.fr\/index.php\/qui-sommes-nous-2\/#primaryimage"},"thumbnailUrl":"https:\/\/toutesnosenergies.fr\/wp-content\/uploads\/2024\/12\/Capture-decran-2024-12-23-a-18.39.40-1-1024x481.png","datePublished":"2017-10-20T13:54:53+00:00","dateModified":"2024-12-23T17:45:01+00:00","breadcrumb":{"@id":"https:\/\/toutesnosenergies.fr\/index.php\/qui-sommes-nous-2\/#breadcrumb"},"inLanguage":"fr-FR","potentialAction":[{"@type":"ReadAction","target":["https:\/\/toutesnosenergies.fr\/index.php\/qui-sommes-nous-2\/"]}]},{"@type":"ImageObject","inLanguage":"fr-FR","@id":"https:\/\/toutesnosenergies.fr\/index.php\/qui-sommes-nous-2\/#primaryimage","url":"https:\/\/toutesnosenergies.fr\/wp-content\/uploads\/2024\/12\/Capture-decran-2024-12-23-a-18.39.40-1.png","contentUrl":"https:\/\/toutesnosenergies.fr\/wp-content\/uploads\/2024\/12\/Capture-decran-2024-12-23-a-18.39.40-1.png","width":1632,"height":766},{"@type":"BreadcrumbList","@id":"https:\/\/toutesnosenergies.fr\/index.php\/qui-sommes-nous-2\/#breadcrumb","itemListElement":[{"@type":"ListItem","position":1,"name":"Accueil","item":"https:\/\/toutesnosenergies.fr\/"},{"@type":"ListItem","position":2,"name":"Qui sommes-nous ?"}]},{"@type":"WebSite","@id":"https:\/\/toutesnosenergies.fr\/#website","url":"https:\/\/toutesnosenergies.fr\/","name":"Toutes Nos \u00c9nergies \u2013 Occitanie Environnement","description":"Pour une \u00e9nergie respectueuse du vivant et des territoires ruraux en Occitanie","publisher":{"@id":"https:\/\/toutesnosenergies.fr\/#organization"},"potentialAction":[{"@type":"SearchAction","target":{"@type":"EntryPoint","urlTemplate":"https:\/\/toutesnosenergies.fr\/?s={search_term_string}"},"query-input":{"@type":"PropertyValueSpecification","valueRequired":true,"valueName":"search_term_string"}}],"inLanguage":"fr-FR"},{"@type":"Organization","@id":"https:\/\/toutesnosenergies.fr\/#organization","name":"Toutes Nos \u00c9nergies \u2013 Occitanie Environnement","url":"https:\/\/toutesnosenergies.fr\/","logo":{"@type":"ImageObject","inLanguage":"fr-FR","@id":"https:\/\/toutesnosenergies.fr\/#\/schema\/logo\/image\/","url":"https:\/\/toutesnosenergies.fr\/wp-content\/uploads\/2023\/01\/Petit-logo.png","contentUrl":"https:\/\/toutesnosenergies.fr\/wp-content\/uploads\/2023\/01\/Petit-logo.png","width":360,"height":102,"caption":"Toutes Nos \u00c9nergies \u2013 Occitanie Environnement"},"image":{"@id":"https:\/\/toutesnosenergies.fr\/#\/schema\/logo\/image\/"},"sameAs":["https:\/\/www.facebook.com\/TNEtoutesnosenergiesOccitanieEnvironnement"]}]}},"_links":{"self":[{"href":"https:\/\/toutesnosenergies.fr\/index.php\/wp-json\/wp\/v2\/pages\/442","targetHints":{"allow":["GET"]}}],"collection":[{"href":"https:\/\/toutesnosenergies.fr\/index.php\/wp-json\/wp\/v2\/pages"}],"about":[{"href":"https:\/\/toutesnosenergies.fr\/index.php\/wp-json\/wp\/v2\/types\/page"}],"author":[{"embeddable":true,"href":"https:\/\/toutesnosenergies.fr\/index.php\/wp-json\/wp\/v2\/users\/1"}],"replies":[{"embeddable":true,"href":"https:\/\/toutesnosenergies.fr\/index.php\/wp-json\/wp\/v2\/comments?post=442"}],"version-history":[{"count":26,"href":"https:\/\/toutesnosenergies.fr\/index.php\/wp-json\/wp\/v2\/pages\/442\/revisions"}],"predecessor-version":[{"id":11433,"href":"https:\/\/toutesnosenergies.fr\/index.php\/wp-json\/wp\/v2\/pages\/442\/revisions\/11433"}],"wp:attachment":[{"href":"https:\/\/toutesnosenergies.fr\/index.php\/wp-json\/wp\/v2\/media?parent=442"}],"curies":[{"name":"wp","href":"https:\/\/api.w.org\/{rel}","templated":true}]}}