{"id":4550,"date":"2020-12-08T12:59:10","date_gmt":"2020-12-08T11:59:10","guid":{"rendered":"https:\/\/toutesnosenergies.fr\/?page_id=4550"},"modified":"2020-12-08T12:59:11","modified_gmt":"2020-12-08T11:59:11","slug":"analyse-dune-etude-dimpact","status":"publish","type":"page","link":"https:\/\/toutesnosenergies.fr\/index.php\/analyse-dune-etude-dimpact\/","title":{"rendered":"Analyse d&rsquo;une \u00e9tude d&rsquo;impact"},"content":{"rendered":"\n<p>Nous vous proposons un guide (<a rel=\"noreferrer noopener\" href=\"https:\/\/toutesnosenergies.fr\/wp-content\/uploads\/2020\/12\/Analyse-etude-dimpact.pdf\" target=\"_blank\">analyse d&rsquo;une \u00e9tude d&rsquo;impact<\/a>) pour vous aider \u00e0 vous y retrouver dans les dossiers \u00e9normes que les promoteurs fournissent aux services pr\u00e9fectoraux et qui servent de base aux enqu\u00eates publiques.<\/p>\n\n\n\n<p>Gagner dans un projet \u00e9olien, passe par un travail de fond, un travail d\u2019analyse que jamais votre avocat ne r\u00e9alisera \u00e0 votre place.<br>C\u2019est un travail d\u2019\u00e9quipe, en utilisant les comp\u00e9tences existant au sein de votre association et dans votre entourage.\u00a0<\/p>\n\n\n\n<p>Ce travail d\u2019analyse prend entre une et deux journ\u00e9es compl\u00e8tes de travail, y compris la r\u00e9daction d\u2019une synth\u00e8se, en fonction de votre niveau d\u2019exp\u00e9rience et de connaissances environnementales.\u00a0<\/p>\n\n\n\n<p>Ce travail indispensable, vous pourrez l\u2019utiliser :\u00a0<\/p>\n\n\n\n<ul class=\"wp-block-list\"><li>\u00c0 l\u2019occasion de l\u2019enqu\u00eate publique, pour b\u00e2tir un argumentaire de nature \u00e0 convaincre le commissaire-enqu\u00eateur d\u2019\u00e9mettre un avis d\u00e9favorable au projet, conduisant ainsi \u00e0 un possible refus de celui-ci par votre pr\u00e9fet.<br><\/li><li>Lors de l\u2019in\u00e9vitable recours qui suivra la d\u00e9cision pr\u00e9fectorale quelle qu\u2019elle soit. Pour information : en Occitanie, 61% des recours \u00e9manent d\u2019op\u00e9rateurs d\u00e9\u00e7us d\u2019un refus pr\u00e9fectoral.\u00a0<\/li><\/ul>\n","protected":false},"excerpt":{"rendered":"<p>Nous vous proposons un guide (analyse d&rsquo;une \u00e9tude d&rsquo;impact) pour vous aider \u00e0 vous y retrouver dans les dossiers \u00e9normes que les promoteurs fournissent aux services pr\u00e9fectoraux et qui servent de base aux enqu\u00eates publiques. Gagner dans un projet \u00e9olien, passe par un travail de fond, un travail d\u2019analyse que jamais votre avocat ne r\u00e9alisera &#8230; <a title=\"Analyse d&rsquo;une \u00e9tude d&rsquo;impact\" class=\"read-more\" href=\"https:\/\/toutesnosenergies.fr\/index.php\/analyse-dune-etude-dimpact\/\" aria-label=\"Plus sur Analyse d&rsquo;une \u00e9tude d&rsquo;impact\">Lire plus<\/a><\/p>\n","protected":false},"author":3,"featured_media":0,"parent":0,"menu_order":0,"comment_status":"closed","ping_status":"closed","template":"","meta":{"_cbd_carousel_blocks":"[]","sfsi_plus_gutenberg_text_before_share":"","sfsi_plus_gutenberg_show_text_before_share":"","sfsi_plus_gutenberg_icon_type":"","sfsi_plus_gutenberg_icon_alignemt":"","sfsi_plus_gutenburg_max_per_row":"","footnotes":""},"class_list":["post-4550","page","type-page","status-publish"],"yoast_head":"<!-- This site is optimized with the Yoast SEO plugin v27.3 - https:\/\/yoast.com\/product\/yoast-seo-wordpress\/ -->\n<title>Analyse d&#039;une \u00e9tude d&#039;impact - Toutes Nos \u00c9nergies \u2013 Occitanie Environnement<\/title>\n<meta name=\"robots\" content=\"index, follow, max-snippet:-1, max-image-preview:large, max-video-preview:-1\" \/>\n<link rel=\"canonical\" href=\"https:\/\/toutesnosenergies.fr\/index.php\/analyse-dune-etude-dimpact\/\" \/>\n<meta property=\"og:locale\" content=\"fr_FR\" \/>\n<meta property=\"og:type\" content=\"article\" \/>\n<meta property=\"og:title\" content=\"Analyse d&#039;une \u00e9tude d&#039;impact - Toutes Nos \u00c9nergies \u2013 Occitanie Environnement\" \/>\n<meta property=\"og:description\" content=\"Nous vous proposons un guide (analyse d&rsquo;une \u00e9tude d&rsquo;impact) pour vous aider \u00e0 vous y retrouver dans les dossiers \u00e9normes que les promoteurs fournissent aux services pr\u00e9fectoraux et qui servent de base aux enqu\u00eates publiques. Gagner dans un projet \u00e9olien, passe par un travail de fond, un travail d\u2019analyse que jamais votre avocat ne r\u00e9alisera ... Lire plus\" \/>\n<meta property=\"og:url\" content=\"https:\/\/toutesnosenergies.fr\/index.php\/analyse-dune-etude-dimpact\/\" \/>\n<meta property=\"og:site_name\" content=\"Toutes Nos \u00c9nergies \u2013 Occitanie Environnement\" \/>\n<meta property=\"article:publisher\" content=\"https:\/\/www.facebook.com\/TNEtoutesnosenergiesOccitanieEnvironnement\" \/>\n<meta property=\"article:modified_time\" content=\"2020-12-08T11:59:11+00:00\" \/>\n<meta name=\"twitter:card\" content=\"summary_large_image\" \/>\n<meta name=\"twitter:label1\" content=\"Dur\u00e9e de lecture estim\u00e9e\" \/>\n\t<meta name=\"twitter:data1\" content=\"1 minute\" \/>\n<script type=\"application\/ld+json\" class=\"yoast-schema-graph\">{\"@context\":\"https:\\\/\\\/schema.org\",\"@graph\":[{\"@type\":\"WebPage\",\"@id\":\"https:\\\/\\\/toutesnosenergies.fr\\\/index.php\\\/analyse-dune-etude-dimpact\\\/\",\"url\":\"https:\\\/\\\/toutesnosenergies.fr\\\/index.php\\\/analyse-dune-etude-dimpact\\\/\",\"name\":\"Analyse d'une \u00e9tude d'impact - Toutes Nos \u00c9nergies \u2013 Occitanie Environnement\",\"isPartOf\":{\"@id\":\"https:\\\/\\\/toutesnosenergies.fr\\\/#website\"},\"datePublished\":\"2020-12-08T11:59:10+00:00\",\"dateModified\":\"2020-12-08T11:59:11+00:00\",\"breadcrumb\":{\"@id\":\"https:\\\/\\\/toutesnosenergies.fr\\\/index.php\\\/analyse-dune-etude-dimpact\\\/#breadcrumb\"},\"inLanguage\":\"fr-FR\",\"potentialAction\":[{\"@type\":\"ReadAction\",\"target\":[\"https:\\\/\\\/toutesnosenergies.fr\\\/index.php\\\/analyse-dune-etude-dimpact\\\/\"]}]},{\"@type\":\"BreadcrumbList\",\"@id\":\"https:\\\/\\\/toutesnosenergies.fr\\\/index.php\\\/analyse-dune-etude-dimpact\\\/#breadcrumb\",\"itemListElement\":[{\"@type\":\"ListItem\",\"position\":1,\"name\":\"Accueil\",\"item\":\"https:\\\/\\\/toutesnosenergies.fr\\\/\"},{\"@type\":\"ListItem\",\"position\":2,\"name\":\"Analyse d&#8217;une \u00e9tude d&#8217;impact\"}]},{\"@type\":\"WebSite\",\"@id\":\"https:\\\/\\\/toutesnosenergies.fr\\\/#website\",\"url\":\"https:\\\/\\\/toutesnosenergies.fr\\\/\",\"name\":\"Toutes Nos \u00c9nergies \u2013 Occitanie Environnement\",\"description\":\"Pour une \u00e9nergie respectueuse du vivant et des territoires ruraux en Occitanie\",\"publisher\":{\"@id\":\"https:\\\/\\\/toutesnosenergies.fr\\\/#organization\"},\"potentialAction\":[{\"@type\":\"SearchAction\",\"target\":{\"@type\":\"EntryPoint\",\"urlTemplate\":\"https:\\\/\\\/toutesnosenergies.fr\\\/?s={search_term_string}\"},\"query-input\":{\"@type\":\"PropertyValueSpecification\",\"valueRequired\":true,\"valueName\":\"search_term_string\"}}],\"inLanguage\":\"fr-FR\"},{\"@type\":\"Organization\",\"@id\":\"https:\\\/\\\/toutesnosenergies.fr\\\/#organization\",\"name\":\"Toutes Nos \u00c9nergies \u2013 Occitanie Environnement\",\"url\":\"https:\\\/\\\/toutesnosenergies.fr\\\/\",\"logo\":{\"@type\":\"ImageObject\",\"inLanguage\":\"fr-FR\",\"@id\":\"https:\\\/\\\/toutesnosenergies.fr\\\/#\\\/schema\\\/logo\\\/image\\\/\",\"url\":\"https:\\\/\\\/toutesnosenergies.fr\\\/wp-content\\\/uploads\\\/2023\\\/01\\\/Petit-logo.png\",\"contentUrl\":\"https:\\\/\\\/toutesnosenergies.fr\\\/wp-content\\\/uploads\\\/2023\\\/01\\\/Petit-logo.png\",\"width\":360,\"height\":102,\"caption\":\"Toutes Nos \u00c9nergies \u2013 Occitanie Environnement\"},\"image\":{\"@id\":\"https:\\\/\\\/toutesnosenergies.fr\\\/#\\\/schema\\\/logo\\\/image\\\/\"},\"sameAs\":[\"https:\\\/\\\/www.facebook.com\\\/TNEtoutesnosenergiesOccitanieEnvironnement\"]}]}<\/script>\n<!-- \/ Yoast SEO plugin. -->","yoast_head_json":{"title":"Analyse d'une \u00e9tude d'impact - Toutes Nos \u00c9nergies \u2013 Occitanie Environnement","robots":{"index":"index","follow":"follow","max-snippet":"max-snippet:-1","max-image-preview":"max-image-preview:large","max-video-preview":"max-video-preview:-1"},"canonical":"https:\/\/toutesnosenergies.fr\/index.php\/analyse-dune-etude-dimpact\/","og_locale":"fr_FR","og_type":"article","og_title":"Analyse d'une \u00e9tude d'impact - Toutes Nos \u00c9nergies \u2013 Occitanie Environnement","og_description":"Nous vous proposons un guide (analyse d&rsquo;une \u00e9tude d&rsquo;impact) pour vous aider \u00e0 vous y retrouver dans les dossiers \u00e9normes que les promoteurs fournissent aux services pr\u00e9fectoraux et qui servent de base aux enqu\u00eates publiques. Gagner dans un projet \u00e9olien, passe par un travail de fond, un travail d\u2019analyse que jamais votre avocat ne r\u00e9alisera ... Lire plus","og_url":"https:\/\/toutesnosenergies.fr\/index.php\/analyse-dune-etude-dimpact\/","og_site_name":"Toutes Nos \u00c9nergies \u2013 Occitanie Environnement","article_publisher":"https:\/\/www.facebook.com\/TNEtoutesnosenergiesOccitanieEnvironnement","article_modified_time":"2020-12-08T11:59:11+00:00","twitter_card":"summary_large_image","twitter_misc":{"Dur\u00e9e de lecture estim\u00e9e":"1 minute"},"schema":{"@context":"https:\/\/schema.org","@graph":[{"@type":"WebPage","@id":"https:\/\/toutesnosenergies.fr\/index.php\/analyse-dune-etude-dimpact\/","url":"https:\/\/toutesnosenergies.fr\/index.php\/analyse-dune-etude-dimpact\/","name":"Analyse d'une \u00e9tude d'impact - Toutes Nos \u00c9nergies \u2013 Occitanie Environnement","isPartOf":{"@id":"https:\/\/toutesnosenergies.fr\/#website"},"datePublished":"2020-12-08T11:59:10+00:00","dateModified":"2020-12-08T11:59:11+00:00","breadcrumb":{"@id":"https:\/\/toutesnosenergies.fr\/index.php\/analyse-dune-etude-dimpact\/#breadcrumb"},"inLanguage":"fr-FR","potentialAction":[{"@type":"ReadAction","target":["https:\/\/toutesnosenergies.fr\/index.php\/analyse-dune-etude-dimpact\/"]}]},{"@type":"BreadcrumbList","@id":"https:\/\/toutesnosenergies.fr\/index.php\/analyse-dune-etude-dimpact\/#breadcrumb","itemListElement":[{"@type":"ListItem","position":1,"name":"Accueil","item":"https:\/\/toutesnosenergies.fr\/"},{"@type":"ListItem","position":2,"name":"Analyse d&#8217;une \u00e9tude d&#8217;impact"}]},{"@type":"WebSite","@id":"https:\/\/toutesnosenergies.fr\/#website","url":"https:\/\/toutesnosenergies.fr\/","name":"Toutes Nos \u00c9nergies \u2013 Occitanie Environnement","description":"Pour une \u00e9nergie respectueuse du vivant et des territoires ruraux en Occitanie","publisher":{"@id":"https:\/\/toutesnosenergies.fr\/#organization"},"potentialAction":[{"@type":"SearchAction","target":{"@type":"EntryPoint","urlTemplate":"https:\/\/toutesnosenergies.fr\/?s={search_term_string}"},"query-input":{"@type":"PropertyValueSpecification","valueRequired":true,"valueName":"search_term_string"}}],"inLanguage":"fr-FR"},{"@type":"Organization","@id":"https:\/\/toutesnosenergies.fr\/#organization","name":"Toutes Nos \u00c9nergies \u2013 Occitanie Environnement","url":"https:\/\/toutesnosenergies.fr\/","logo":{"@type":"ImageObject","inLanguage":"fr-FR","@id":"https:\/\/toutesnosenergies.fr\/#\/schema\/logo\/image\/","url":"https:\/\/toutesnosenergies.fr\/wp-content\/uploads\/2023\/01\/Petit-logo.png","contentUrl":"https:\/\/toutesnosenergies.fr\/wp-content\/uploads\/2023\/01\/Petit-logo.png","width":360,"height":102,"caption":"Toutes Nos \u00c9nergies \u2013 Occitanie Environnement"},"image":{"@id":"https:\/\/toutesnosenergies.fr\/#\/schema\/logo\/image\/"},"sameAs":["https:\/\/www.facebook.com\/TNEtoutesnosenergiesOccitanieEnvironnement"]}]}},"_links":{"self":[{"href":"https:\/\/toutesnosenergies.fr\/index.php\/wp-json\/wp\/v2\/pages\/4550","targetHints":{"allow":["GET"]}}],"collection":[{"href":"https:\/\/toutesnosenergies.fr\/index.php\/wp-json\/wp\/v2\/pages"}],"about":[{"href":"https:\/\/toutesnosenergies.fr\/index.php\/wp-json\/wp\/v2\/types\/page"}],"author":[{"embeddable":true,"href":"https:\/\/toutesnosenergies.fr\/index.php\/wp-json\/wp\/v2\/users\/3"}],"replies":[{"embeddable":true,"href":"https:\/\/toutesnosenergies.fr\/index.php\/wp-json\/wp\/v2\/comments?post=4550"}],"version-history":[{"count":1,"href":"https:\/\/toutesnosenergies.fr\/index.php\/wp-json\/wp\/v2\/pages\/4550\/revisions"}],"predecessor-version":[{"id":4552,"href":"https:\/\/toutesnosenergies.fr\/index.php\/wp-json\/wp\/v2\/pages\/4550\/revisions\/4552"}],"wp:attachment":[{"href":"https:\/\/toutesnosenergies.fr\/index.php\/wp-json\/wp\/v2\/media?parent=4550"}],"curies":[{"name":"wp","href":"https:\/\/api.w.org\/{rel}","templated":true}]}}