{"id":4614,"date":"2020-12-17T14:45:26","date_gmt":"2020-12-17T13:45:26","guid":{"rendered":"https:\/\/toutesnosenergies.fr\/?page_id=4614"},"modified":"2020-12-17T14:47:35","modified_gmt":"2020-12-17T13:47:35","slug":"le-guide-des-elus","status":"publish","type":"page","link":"https:\/\/toutesnosenergies.fr\/index.php\/le-guide-des-elus\/","title":{"rendered":"Le guide des \u00e9lus"},"content":{"rendered":"\n<p><a href=\"http:\/\/acbfc.blogspot.com\">L\u2019Association Collectif Bourgogne Franche-Comt\u00e9 (ACBFC<\/a>) regroupe des associations actives dans la d\u00e9fense de l\u2019environnement, du patrimoine, du paysage et des habitants de Bourgogne et de Franche-Comt\u00e9. Olivier Dubar et Louis Landrot, administrateurs de ce collectif, ont r\u00e9dig\u00e9 un&nbsp;<a href=\"https:\/\/toutesnosenergies.fr\/wp-content\/uploads\/2020\/12\/Guide-elus-.pdf\" target=\"_blank\" rel=\"noreferrer noopener\">guide \u00ab\u00a0l&rsquo;\u00e9olien et l&rsquo;\u00e9lus\u00a0\u00bb <\/a>qui s\u2019adresse \u00e0 tous les maires, conseillers municipaux et \u00e9lus mais \u00e9galement citoyens \u00ab qui veulent approfondir leurs connaissances sur l\u2019\u00e9nergie \u00e9lectrique d\u2019origine \u00e9olienne \u00bb.<\/p>\n\n\n\n<blockquote class=\"wp-block-quote is-layout-flow wp-block-quote-is-layout-flow\"><p>\u00ab&nbsp;Ce <a href=\"https:\/\/toutesnosenergies.fr\/wp-content\/uploads\/2020\/12\/Guide-elus-.pdf\" target=\"_blank\" rel=\"noreferrer noopener\">guide<\/a> constitue l\u2019ouvrage de r\u00e9f\u00e9rence pour les collectivit\u00e9s qui abordent le d\u00e9veloppement de parcs \u00e9oliens sur leur territoire en leur donnant les cl\u00e9s pour \u00ab\u00a0r\u00e9ussir\u00a0\u00bb chacune des grandes \u00e9tapes du projet : gen\u00e8se, d\u00e9veloppement, construction et exploitation. Il s\u2019adresse aussi bien aux collectivit\u00e9s qui veulent simplement obtenir une information objective que pour celles qui souhaitent \u00eatre partie prenante dans le d\u00e9veloppement de projets. Ce guide aborde les th\u00e9matiques majeures qui se posent au niveau local : r\u00f4les des collectivit\u00e9s et des d\u00e9veloppeurs, enjeux environnementaux, concertation des acteurs, fiscalit\u00e9 locale, investissement participatif, r\u00e9ponses aux principales interrogations de la population, fonctionnement des syst\u00e8mes d\u2019aides, etc. A la fin du document, une dizaine de fiches pr\u00e9sentent des projets particuli\u00e8rement exemplaires dont les bonnes pratiques, et qui pourront inspirer les collectivit\u00e9s et les professionnels de la fili\u00e8re \u00e9olienne.&nbsp;\u00bb<\/p><cite>Association Collectif Bourgogne Franche-Comt\u00e9<\/cite><\/blockquote>\n\n\n\n<p><\/p>\n\n\n\n<p class=\"has-cyan-bluish-gray-background-color has-background\"><strong>Le collectif Toutes Nos \u00c9nergies &#8211; Occitanie Environnement partage largement les objectifs de cette association. Avec l\u2019accord des auteurs nous avons d\u00e9cid\u00e9 de reprendre \u00e0 notre compte leur travail : il est inutile de faire et refaire ce qui est d\u00e9j\u00e0 fait (et tr\u00e8s bien fait).<\/strong><br><strong>Nous remercions nos amis bourguignons et franc-comtois pour la qualit\u00e9 de leur document et pour leur g\u00e9n\u00e9rosit\u00e9.<\/strong><\/p>\n","protected":false},"excerpt":{"rendered":"<p>L\u2019Association Collectif Bourgogne Franche-Comt\u00e9 (ACBFC) regroupe des associations actives dans la d\u00e9fense de l\u2019environnement, du patrimoine, du paysage et des habitants de Bourgogne et de Franche-Comt\u00e9. Olivier Dubar et Louis Landrot, administrateurs de ce collectif, ont r\u00e9dig\u00e9 un&nbsp;guide \u00ab\u00a0l&rsquo;\u00e9olien et l&rsquo;\u00e9lus\u00a0\u00bb qui s\u2019adresse \u00e0 tous les maires, conseillers municipaux et \u00e9lus mais \u00e9galement citoyens \u00ab &#8230; <a title=\"Le guide des \u00e9lus\" class=\"read-more\" href=\"https:\/\/toutesnosenergies.fr\/index.php\/le-guide-des-elus\/\" aria-label=\"Plus sur Le guide des \u00e9lus\">Lire plus<\/a><\/p>\n","protected":false},"author":3,"featured_media":0,"parent":0,"menu_order":0,"comment_status":"closed","ping_status":"closed","template":"","meta":{"_cbd_carousel_blocks":"[]","sfsi_plus_gutenberg_text_before_share":"","sfsi_plus_gutenberg_show_text_before_share":"","sfsi_plus_gutenberg_icon_type":"","sfsi_plus_gutenberg_icon_alignemt":"","sfsi_plus_gutenburg_max_per_row":"","footnotes":""},"class_list":["post-4614","page","type-page","status-publish"],"yoast_head":"<!-- This site is optimized with the Yoast SEO plugin v27.3 - https:\/\/yoast.com\/product\/yoast-seo-wordpress\/ -->\n<title>Le guide des \u00e9lus - Toutes Nos \u00c9nergies \u2013 Occitanie Environnement<\/title>\n<meta name=\"robots\" content=\"index, follow, max-snippet:-1, max-image-preview:large, max-video-preview:-1\" \/>\n<link rel=\"canonical\" href=\"https:\/\/toutesnosenergies.fr\/index.php\/le-guide-des-elus\/\" \/>\n<meta property=\"og:locale\" content=\"fr_FR\" \/>\n<meta property=\"og:type\" content=\"article\" \/>\n<meta property=\"og:title\" content=\"Le guide des \u00e9lus - Toutes Nos \u00c9nergies \u2013 Occitanie Environnement\" \/>\n<meta property=\"og:description\" content=\"L\u2019Association Collectif Bourgogne Franche-Comt\u00e9 (ACBFC) regroupe des associations actives dans la d\u00e9fense de l\u2019environnement, du patrimoine, du paysage et des habitants de Bourgogne et de Franche-Comt\u00e9. Olivier Dubar et Louis Landrot, administrateurs de ce collectif, ont r\u00e9dig\u00e9 un&nbsp;guide \u00ab\u00a0l&rsquo;\u00e9olien et l&rsquo;\u00e9lus\u00a0\u00bb qui s\u2019adresse \u00e0 tous les maires, conseillers municipaux et \u00e9lus mais \u00e9galement citoyens \u00ab ... Lire plus\" \/>\n<meta property=\"og:url\" content=\"https:\/\/toutesnosenergies.fr\/index.php\/le-guide-des-elus\/\" \/>\n<meta property=\"og:site_name\" content=\"Toutes Nos \u00c9nergies \u2013 Occitanie Environnement\" \/>\n<meta property=\"article:publisher\" content=\"https:\/\/www.facebook.com\/TNEtoutesnosenergiesOccitanieEnvironnement\" \/>\n<meta property=\"article:modified_time\" content=\"2020-12-17T13:47:35+00:00\" \/>\n<meta name=\"twitter:card\" content=\"summary_large_image\" \/>\n<meta name=\"twitter:label1\" content=\"Dur\u00e9e de lecture estim\u00e9e\" \/>\n\t<meta name=\"twitter:data1\" content=\"2 minutes\" \/>\n<script type=\"application\/ld+json\" class=\"yoast-schema-graph\">{\"@context\":\"https:\\\/\\\/schema.org\",\"@graph\":[{\"@type\":\"WebPage\",\"@id\":\"https:\\\/\\\/toutesnosenergies.fr\\\/index.php\\\/le-guide-des-elus\\\/\",\"url\":\"https:\\\/\\\/toutesnosenergies.fr\\\/index.php\\\/le-guide-des-elus\\\/\",\"name\":\"Le guide des \u00e9lus - Toutes Nos \u00c9nergies \u2013 Occitanie Environnement\",\"isPartOf\":{\"@id\":\"https:\\\/\\\/toutesnosenergies.fr\\\/#website\"},\"datePublished\":\"2020-12-17T13:45:26+00:00\",\"dateModified\":\"2020-12-17T13:47:35+00:00\",\"breadcrumb\":{\"@id\":\"https:\\\/\\\/toutesnosenergies.fr\\\/index.php\\\/le-guide-des-elus\\\/#breadcrumb\"},\"inLanguage\":\"fr-FR\",\"potentialAction\":[{\"@type\":\"ReadAction\",\"target\":[\"https:\\\/\\\/toutesnosenergies.fr\\\/index.php\\\/le-guide-des-elus\\\/\"]}]},{\"@type\":\"BreadcrumbList\",\"@id\":\"https:\\\/\\\/toutesnosenergies.fr\\\/index.php\\\/le-guide-des-elus\\\/#breadcrumb\",\"itemListElement\":[{\"@type\":\"ListItem\",\"position\":1,\"name\":\"Accueil\",\"item\":\"https:\\\/\\\/toutesnosenergies.fr\\\/\"},{\"@type\":\"ListItem\",\"position\":2,\"name\":\"Le guide des \u00e9lus\"}]},{\"@type\":\"WebSite\",\"@id\":\"https:\\\/\\\/toutesnosenergies.fr\\\/#website\",\"url\":\"https:\\\/\\\/toutesnosenergies.fr\\\/\",\"name\":\"Toutes Nos \u00c9nergies \u2013 Occitanie Environnement\",\"description\":\"Pour une \u00e9nergie respectueuse du vivant et des territoires ruraux en Occitanie\",\"publisher\":{\"@id\":\"https:\\\/\\\/toutesnosenergies.fr\\\/#organization\"},\"potentialAction\":[{\"@type\":\"SearchAction\",\"target\":{\"@type\":\"EntryPoint\",\"urlTemplate\":\"https:\\\/\\\/toutesnosenergies.fr\\\/?s={search_term_string}\"},\"query-input\":{\"@type\":\"PropertyValueSpecification\",\"valueRequired\":true,\"valueName\":\"search_term_string\"}}],\"inLanguage\":\"fr-FR\"},{\"@type\":\"Organization\",\"@id\":\"https:\\\/\\\/toutesnosenergies.fr\\\/#organization\",\"name\":\"Toutes Nos \u00c9nergies \u2013 Occitanie Environnement\",\"url\":\"https:\\\/\\\/toutesnosenergies.fr\\\/\",\"logo\":{\"@type\":\"ImageObject\",\"inLanguage\":\"fr-FR\",\"@id\":\"https:\\\/\\\/toutesnosenergies.fr\\\/#\\\/schema\\\/logo\\\/image\\\/\",\"url\":\"https:\\\/\\\/toutesnosenergies.fr\\\/wp-content\\\/uploads\\\/2023\\\/01\\\/Petit-logo.png\",\"contentUrl\":\"https:\\\/\\\/toutesnosenergies.fr\\\/wp-content\\\/uploads\\\/2023\\\/01\\\/Petit-logo.png\",\"width\":360,\"height\":102,\"caption\":\"Toutes Nos \u00c9nergies \u2013 Occitanie Environnement\"},\"image\":{\"@id\":\"https:\\\/\\\/toutesnosenergies.fr\\\/#\\\/schema\\\/logo\\\/image\\\/\"},\"sameAs\":[\"https:\\\/\\\/www.facebook.com\\\/TNEtoutesnosenergiesOccitanieEnvironnement\"]}]}<\/script>\n<!-- \/ Yoast SEO plugin. -->","yoast_head_json":{"title":"Le guide des \u00e9lus - Toutes Nos \u00c9nergies \u2013 Occitanie Environnement","robots":{"index":"index","follow":"follow","max-snippet":"max-snippet:-1","max-image-preview":"max-image-preview:large","max-video-preview":"max-video-preview:-1"},"canonical":"https:\/\/toutesnosenergies.fr\/index.php\/le-guide-des-elus\/","og_locale":"fr_FR","og_type":"article","og_title":"Le guide des \u00e9lus - Toutes Nos \u00c9nergies \u2013 Occitanie Environnement","og_description":"L\u2019Association Collectif Bourgogne Franche-Comt\u00e9 (ACBFC) regroupe des associations actives dans la d\u00e9fense de l\u2019environnement, du patrimoine, du paysage et des habitants de Bourgogne et de Franche-Comt\u00e9. Olivier Dubar et Louis Landrot, administrateurs de ce collectif, ont r\u00e9dig\u00e9 un&nbsp;guide \u00ab\u00a0l&rsquo;\u00e9olien et l&rsquo;\u00e9lus\u00a0\u00bb qui s\u2019adresse \u00e0 tous les maires, conseillers municipaux et \u00e9lus mais \u00e9galement citoyens \u00ab ... Lire plus","og_url":"https:\/\/toutesnosenergies.fr\/index.php\/le-guide-des-elus\/","og_site_name":"Toutes Nos \u00c9nergies \u2013 Occitanie Environnement","article_publisher":"https:\/\/www.facebook.com\/TNEtoutesnosenergiesOccitanieEnvironnement","article_modified_time":"2020-12-17T13:47:35+00:00","twitter_card":"summary_large_image","twitter_misc":{"Dur\u00e9e de lecture estim\u00e9e":"2 minutes"},"schema":{"@context":"https:\/\/schema.org","@graph":[{"@type":"WebPage","@id":"https:\/\/toutesnosenergies.fr\/index.php\/le-guide-des-elus\/","url":"https:\/\/toutesnosenergies.fr\/index.php\/le-guide-des-elus\/","name":"Le guide des \u00e9lus - Toutes Nos \u00c9nergies \u2013 Occitanie Environnement","isPartOf":{"@id":"https:\/\/toutesnosenergies.fr\/#website"},"datePublished":"2020-12-17T13:45:26+00:00","dateModified":"2020-12-17T13:47:35+00:00","breadcrumb":{"@id":"https:\/\/toutesnosenergies.fr\/index.php\/le-guide-des-elus\/#breadcrumb"},"inLanguage":"fr-FR","potentialAction":[{"@type":"ReadAction","target":["https:\/\/toutesnosenergies.fr\/index.php\/le-guide-des-elus\/"]}]},{"@type":"BreadcrumbList","@id":"https:\/\/toutesnosenergies.fr\/index.php\/le-guide-des-elus\/#breadcrumb","itemListElement":[{"@type":"ListItem","position":1,"name":"Accueil","item":"https:\/\/toutesnosenergies.fr\/"},{"@type":"ListItem","position":2,"name":"Le guide des \u00e9lus"}]},{"@type":"WebSite","@id":"https:\/\/toutesnosenergies.fr\/#website","url":"https:\/\/toutesnosenergies.fr\/","name":"Toutes Nos \u00c9nergies \u2013 Occitanie Environnement","description":"Pour une \u00e9nergie respectueuse du vivant et des territoires ruraux en Occitanie","publisher":{"@id":"https:\/\/toutesnosenergies.fr\/#organization"},"potentialAction":[{"@type":"SearchAction","target":{"@type":"EntryPoint","urlTemplate":"https:\/\/toutesnosenergies.fr\/?s={search_term_string}"},"query-input":{"@type":"PropertyValueSpecification","valueRequired":true,"valueName":"search_term_string"}}],"inLanguage":"fr-FR"},{"@type":"Organization","@id":"https:\/\/toutesnosenergies.fr\/#organization","name":"Toutes Nos \u00c9nergies \u2013 Occitanie Environnement","url":"https:\/\/toutesnosenergies.fr\/","logo":{"@type":"ImageObject","inLanguage":"fr-FR","@id":"https:\/\/toutesnosenergies.fr\/#\/schema\/logo\/image\/","url":"https:\/\/toutesnosenergies.fr\/wp-content\/uploads\/2023\/01\/Petit-logo.png","contentUrl":"https:\/\/toutesnosenergies.fr\/wp-content\/uploads\/2023\/01\/Petit-logo.png","width":360,"height":102,"caption":"Toutes Nos \u00c9nergies \u2013 Occitanie Environnement"},"image":{"@id":"https:\/\/toutesnosenergies.fr\/#\/schema\/logo\/image\/"},"sameAs":["https:\/\/www.facebook.com\/TNEtoutesnosenergiesOccitanieEnvironnement"]}]}},"_links":{"self":[{"href":"https:\/\/toutesnosenergies.fr\/index.php\/wp-json\/wp\/v2\/pages\/4614","targetHints":{"allow":["GET"]}}],"collection":[{"href":"https:\/\/toutesnosenergies.fr\/index.php\/wp-json\/wp\/v2\/pages"}],"about":[{"href":"https:\/\/toutesnosenergies.fr\/index.php\/wp-json\/wp\/v2\/types\/page"}],"author":[{"embeddable":true,"href":"https:\/\/toutesnosenergies.fr\/index.php\/wp-json\/wp\/v2\/users\/3"}],"replies":[{"embeddable":true,"href":"https:\/\/toutesnosenergies.fr\/index.php\/wp-json\/wp\/v2\/comments?post=4614"}],"version-history":[{"count":3,"href":"https:\/\/toutesnosenergies.fr\/index.php\/wp-json\/wp\/v2\/pages\/4614\/revisions"}],"predecessor-version":[{"id":4618,"href":"https:\/\/toutesnosenergies.fr\/index.php\/wp-json\/wp\/v2\/pages\/4614\/revisions\/4618"}],"wp:attachment":[{"href":"https:\/\/toutesnosenergies.fr\/index.php\/wp-json\/wp\/v2\/media?parent=4614"}],"curies":[{"name":"wp","href":"https:\/\/api.w.org\/{rel}","templated":true}]}}