{"id":510,"date":"2017-12-21T23:10:27","date_gmt":"2017-12-21T22:10:27","guid":{"rendered":"http:\/\/toutesnosenergies.fr\/?page_id=510"},"modified":"2018-10-01T08:19:40","modified_gmt":"2018-10-01T06:19:40","slug":"transition-energetique","status":"publish","type":"page","link":"https:\/\/toutesnosenergies.fr\/index.php\/transition-energetique\/","title":{"rendered":"REP\u00d2STA une d\u00e9marche alternative de transition \u00e9nerg\u00e9tique"},"content":{"rendered":"<p>Depuis pr\u00e8s d&rsquo;un an, comme cela a \u00e9t\u00e9 d\u00e9cid\u00e9 lors des r\u00e9unions r\u00e9gionales de TNE\/OE, des groupes de travail se sont organis\u00e9s\u00a0 pour r\u00e9unir des informations techniques et g\u00e9n\u00e9rales et r\u00e9diger des documents th\u00e9matiques sur les diff\u00e9rents aspects de la transition \u00e9cologique. Les dossiers complets r\u00e9alis\u00e9s par les groupes de travail seront mis en ligne dans les prochains jours sur le site de TNE\/OE.<\/p>\n<p><a href=\"http:\/\/toutesnosenergies.fr\/wp-content\/uploads\/2018\/03\/image13_LI.jpg\"><img loading=\"lazy\" decoding=\"async\" class=\"alignleft size-medium wp-image-1136\" src=\"http:\/\/toutesnosenergies.fr\/wp-content\/uploads\/2018\/03\/image13_LI-300x300.jpg\" alt=\"\" width=\"300\" height=\"300\" srcset=\"https:\/\/toutesnosenergies.fr\/wp-content\/uploads\/2018\/03\/image13_LI-300x300.jpg 300w, https:\/\/toutesnosenergies.fr\/wp-content\/uploads\/2018\/03\/image13_LI-150x150.jpg 150w, https:\/\/toutesnosenergies.fr\/wp-content\/uploads\/2018\/03\/image13_LI.jpg 319w\" sizes=\"auto, (max-width: 300px) 100vw, 300px\" \/><\/a><\/p>\n<p>Notre demande de participer \u00e0 l\u2019\u00e9laboration\u00a0 du programme \u00e9nerg\u00e9tique de la R\u00e9gion ayant \u00e9t\u00e9 \u00e9conduite, un groupe technique a \u00e9t\u00e9 charg\u00e9 de proposer une d\u00e9marche citoyenne alternative : la d\u00e9marche REP\u00d2STA\u00a0 (riposte ou r\u00e9plique en Occitan, ou <b>RE<\/b>gion \u00e0 <b>E<\/b>nergie <b>POS<\/b>itive <b>T<\/b>erritorialement <b>A<\/b>dapt\u00e9e) en r\u00e9ponse au sch\u00e9ma techno de la r\u00e9gion intitul\u00e9 REPOS.<\/p>\n<p>Nous avons souhait\u00e9 avant tout affirmer l\u2019identit\u00e9 forte de la ruralit\u00e9 d\u2019Occitanie : am\u00e9nit\u00e9s paysag\u00e8res, patrimoine b\u00e2ti,\u00a0 biodiversit\u00e9 exceptionnelle, art de vivre et culture, sans ignorer les r\u00e9alit\u00e9s de l\u2019\u00e9conomie r\u00e9gionale, diversifi\u00e9e et moderne.<br \/>\nLa vision \u00e9nerg\u00e9tique que nous proposons pour 2050 diff\u00e8re du sc\u00e9nario REPOS (Conseil de R\u00e9gion), exclusivement technique. REP\u00d2STA (TNE) est une d\u00e9marche alternative, plus globale et attentive \u00e0 l\u2019attractivit\u00e9 des territoires et \u00e0 leurs habitants, centr\u00e9e sur le mieux vivre collectif. Les habitants des espaces ruraux doivent \u00eatre reconnus, non pas comme une esp\u00e8ce prot\u00e9g\u00e9e, mais comme porteurs de la vitalit\u00e9 des territoires.<\/p>\n<p>Ce travail soutient et renforce nos d\u00e9marches \u00a0aupr\u00e8s des instances r\u00e9gionales. Il n\u2019a pas \u00e9t\u00e9 facile d\u2019obtenir des rendez-vous au niveau que nous souhaitions. La premi\u00e8re rencontre a eu lieu le 24 novembre \u00e0 l\u2019H\u00f4tel de R\u00e9gion (Toulouse) o\u00f9 TNE \u00e9tait repr\u00e9sent\u00e9 par 4 d\u00e9l\u00e9gu\u00e9.es (Aveyron, H\u00e9rault et Tarn), la suivante a eu lieu le 12 d\u00e9cembre \u00e0 la Pr\u00e9fecture de R\u00e9gion (Toulouse) avec 5 d\u00e9l\u00e9gu\u00e9.es (Aveyron, H\u00e9rault, Loz\u00e8re et Tarn )<\/p>\n<p>Vous trouverez <strong>une<a href=\"http:\/\/toutesnosenergies.fr\/wp-content\/uploads\/2018\/06\/REP\u00d2STA-mai-2018.pdf\"> synth\u00e8se de pr\u00e9sentation<\/a> de<\/strong> <b>la d\u00e9marche REP\u00d2STA et le <a href=\"http:\/\/toutesnosenergies.fr\/wp-content\/uploads\/2018\/10\/Livret-REP\u00d2STA_M\u00e0j-sept-2018.pdf\">document complet<\/a> \u00e0 laquelle chacune de nos associations peut apporter sa propre contribution<\/b>, parce que, par d\u00e9finition, il s\u2019agit d\u2019une d\u00e9marche collective et dynamique, non d\u2019un sc\u00e9nario technocratique.<\/p>\n","protected":false},"excerpt":{"rendered":"<p>Depuis pr\u00e8s d&rsquo;un an, comme cela a \u00e9t\u00e9 d\u00e9cid\u00e9 lors des r\u00e9unions r\u00e9gionales de TNE\/OE, des groupes de travail se sont organis\u00e9s\u00a0 pour r\u00e9unir des informations techniques et g\u00e9n\u00e9rales et r\u00e9diger des documents th\u00e9matiques sur les diff\u00e9rents aspects de la transition \u00e9cologique. Les dossiers complets r\u00e9alis\u00e9s par les groupes de travail seront mis en ligne &#8230; <a title=\"REP\u00d2STA une d\u00e9marche alternative de transition \u00e9nerg\u00e9tique\" class=\"read-more\" href=\"https:\/\/toutesnosenergies.fr\/index.php\/transition-energetique\/\" aria-label=\"Plus sur REP\u00d2STA une d\u00e9marche alternative de transition \u00e9nerg\u00e9tique\">Lire plus<\/a><\/p>\n","protected":false},"author":1,"featured_media":0,"parent":0,"menu_order":0,"comment_status":"closed","ping_status":"closed","template":"","meta":{"_cbd_carousel_blocks":"[]","sfsi_plus_gutenberg_text_before_share":"","sfsi_plus_gutenberg_show_text_before_share":"","sfsi_plus_gutenberg_icon_type":"","sfsi_plus_gutenberg_icon_alignemt":"","sfsi_plus_gutenburg_max_per_row":"","footnotes":""},"class_list":["post-510","page","type-page","status-publish"],"yoast_head":"<!-- This site is optimized with the Yoast SEO plugin v27.3 - https:\/\/yoast.com\/product\/yoast-seo-wordpress\/ -->\n<title>REP\u00d2STA une d\u00e9marche alternative de transition \u00e9nerg\u00e9tique - Toutes Nos \u00c9nergies \u2013 Occitanie Environnement<\/title>\n<meta name=\"robots\" content=\"index, follow, max-snippet:-1, max-image-preview:large, max-video-preview:-1\" \/>\n<link rel=\"canonical\" href=\"https:\/\/toutesnosenergies.fr\/index.php\/transition-energetique\/\" \/>\n<meta property=\"og:locale\" content=\"fr_FR\" \/>\n<meta property=\"og:type\" content=\"article\" \/>\n<meta property=\"og:title\" content=\"REP\u00d2STA une d\u00e9marche alternative de transition \u00e9nerg\u00e9tique - Toutes Nos \u00c9nergies \u2013 Occitanie Environnement\" \/>\n<meta property=\"og:description\" content=\"Depuis pr\u00e8s d&rsquo;un an, comme cela a \u00e9t\u00e9 d\u00e9cid\u00e9 lors des r\u00e9unions r\u00e9gionales de TNE\/OE, des groupes de travail se sont organis\u00e9s\u00a0 pour r\u00e9unir des informations techniques et g\u00e9n\u00e9rales et r\u00e9diger des documents th\u00e9matiques sur les diff\u00e9rents aspects de la transition \u00e9cologique. Les dossiers complets r\u00e9alis\u00e9s par les groupes de travail seront mis en ligne ... Lire plus\" \/>\n<meta property=\"og:url\" content=\"https:\/\/toutesnosenergies.fr\/index.php\/transition-energetique\/\" \/>\n<meta property=\"og:site_name\" content=\"Toutes Nos \u00c9nergies \u2013 Occitanie Environnement\" \/>\n<meta property=\"article:publisher\" content=\"https:\/\/www.facebook.com\/TNEtoutesnosenergiesOccitanieEnvironnement\" \/>\n<meta property=\"article:modified_time\" content=\"2018-10-01T06:19:40+00:00\" \/>\n<meta property=\"og:image\" content=\"http:\/\/toutesnosenergies.fr\/wp-content\/uploads\/2018\/03\/image13_LI-300x300.jpg\" \/>\n<meta name=\"twitter:card\" content=\"summary_large_image\" \/>\n<meta name=\"twitter:label1\" content=\"Dur\u00e9e de lecture estim\u00e9e\" \/>\n\t<meta name=\"twitter:data1\" content=\"2 minutes\" \/>\n<script type=\"application\/ld+json\" class=\"yoast-schema-graph\">{\"@context\":\"https:\\\/\\\/schema.org\",\"@graph\":[{\"@type\":\"WebPage\",\"@id\":\"https:\\\/\\\/toutesnosenergies.fr\\\/index.php\\\/transition-energetique\\\/\",\"url\":\"https:\\\/\\\/toutesnosenergies.fr\\\/index.php\\\/transition-energetique\\\/\",\"name\":\"REP\u00d2STA une d\u00e9marche alternative de transition \u00e9nerg\u00e9tique - Toutes Nos \u00c9nergies \u2013 Occitanie Environnement\",\"isPartOf\":{\"@id\":\"https:\\\/\\\/toutesnosenergies.fr\\\/#website\"},\"primaryImageOfPage\":{\"@id\":\"https:\\\/\\\/toutesnosenergies.fr\\\/index.php\\\/transition-energetique\\\/#primaryimage\"},\"image\":{\"@id\":\"https:\\\/\\\/toutesnosenergies.fr\\\/index.php\\\/transition-energetique\\\/#primaryimage\"},\"thumbnailUrl\":\"http:\\\/\\\/toutesnosenergies.fr\\\/wp-content\\\/uploads\\\/2018\\\/03\\\/image13_LI-300x300.jpg\",\"datePublished\":\"2017-12-21T22:10:27+00:00\",\"dateModified\":\"2018-10-01T06:19:40+00:00\",\"breadcrumb\":{\"@id\":\"https:\\\/\\\/toutesnosenergies.fr\\\/index.php\\\/transition-energetique\\\/#breadcrumb\"},\"inLanguage\":\"fr-FR\",\"potentialAction\":[{\"@type\":\"ReadAction\",\"target\":[\"https:\\\/\\\/toutesnosenergies.fr\\\/index.php\\\/transition-energetique\\\/\"]}]},{\"@type\":\"ImageObject\",\"inLanguage\":\"fr-FR\",\"@id\":\"https:\\\/\\\/toutesnosenergies.fr\\\/index.php\\\/transition-energetique\\\/#primaryimage\",\"url\":\"https:\\\/\\\/toutesnosenergies.fr\\\/wp-content\\\/uploads\\\/2018\\\/03\\\/image13_LI.jpg\",\"contentUrl\":\"https:\\\/\\\/toutesnosenergies.fr\\\/wp-content\\\/uploads\\\/2018\\\/03\\\/image13_LI.jpg\",\"width\":319,\"height\":318},{\"@type\":\"BreadcrumbList\",\"@id\":\"https:\\\/\\\/toutesnosenergies.fr\\\/index.php\\\/transition-energetique\\\/#breadcrumb\",\"itemListElement\":[{\"@type\":\"ListItem\",\"position\":1,\"name\":\"Accueil\",\"item\":\"https:\\\/\\\/toutesnosenergies.fr\\\/\"},{\"@type\":\"ListItem\",\"position\":2,\"name\":\"REP\u00d2STA une d\u00e9marche alternative de transition \u00e9nerg\u00e9tique\"}]},{\"@type\":\"WebSite\",\"@id\":\"https:\\\/\\\/toutesnosenergies.fr\\\/#website\",\"url\":\"https:\\\/\\\/toutesnosenergies.fr\\\/\",\"name\":\"Toutes Nos \u00c9nergies \u2013 Occitanie Environnement\",\"description\":\"Pour une \u00e9nergie respectueuse du vivant et des territoires ruraux en Occitanie\",\"publisher\":{\"@id\":\"https:\\\/\\\/toutesnosenergies.fr\\\/#organization\"},\"potentialAction\":[{\"@type\":\"SearchAction\",\"target\":{\"@type\":\"EntryPoint\",\"urlTemplate\":\"https:\\\/\\\/toutesnosenergies.fr\\\/?s={search_term_string}\"},\"query-input\":{\"@type\":\"PropertyValueSpecification\",\"valueRequired\":true,\"valueName\":\"search_term_string\"}}],\"inLanguage\":\"fr-FR\"},{\"@type\":\"Organization\",\"@id\":\"https:\\\/\\\/toutesnosenergies.fr\\\/#organization\",\"name\":\"Toutes Nos \u00c9nergies \u2013 Occitanie Environnement\",\"url\":\"https:\\\/\\\/toutesnosenergies.fr\\\/\",\"logo\":{\"@type\":\"ImageObject\",\"inLanguage\":\"fr-FR\",\"@id\":\"https:\\\/\\\/toutesnosenergies.fr\\\/#\\\/schema\\\/logo\\\/image\\\/\",\"url\":\"https:\\\/\\\/toutesnosenergies.fr\\\/wp-content\\\/uploads\\\/2023\\\/01\\\/Petit-logo.png\",\"contentUrl\":\"https:\\\/\\\/toutesnosenergies.fr\\\/wp-content\\\/uploads\\\/2023\\\/01\\\/Petit-logo.png\",\"width\":360,\"height\":102,\"caption\":\"Toutes Nos \u00c9nergies \u2013 Occitanie Environnement\"},\"image\":{\"@id\":\"https:\\\/\\\/toutesnosenergies.fr\\\/#\\\/schema\\\/logo\\\/image\\\/\"},\"sameAs\":[\"https:\\\/\\\/www.facebook.com\\\/TNEtoutesnosenergiesOccitanieEnvironnement\"]}]}<\/script>\n<!-- \/ Yoast SEO plugin. -->","yoast_head_json":{"title":"REP\u00d2STA une d\u00e9marche alternative de transition \u00e9nerg\u00e9tique - Toutes Nos \u00c9nergies \u2013 Occitanie Environnement","robots":{"index":"index","follow":"follow","max-snippet":"max-snippet:-1","max-image-preview":"max-image-preview:large","max-video-preview":"max-video-preview:-1"},"canonical":"https:\/\/toutesnosenergies.fr\/index.php\/transition-energetique\/","og_locale":"fr_FR","og_type":"article","og_title":"REP\u00d2STA une d\u00e9marche alternative de transition \u00e9nerg\u00e9tique - Toutes Nos \u00c9nergies \u2013 Occitanie Environnement","og_description":"Depuis pr\u00e8s d&rsquo;un an, comme cela a \u00e9t\u00e9 d\u00e9cid\u00e9 lors des r\u00e9unions r\u00e9gionales de TNE\/OE, des groupes de travail se sont organis\u00e9s\u00a0 pour r\u00e9unir des informations techniques et g\u00e9n\u00e9rales et r\u00e9diger des documents th\u00e9matiques sur les diff\u00e9rents aspects de la transition \u00e9cologique. Les dossiers complets r\u00e9alis\u00e9s par les groupes de travail seront mis en ligne ... Lire plus","og_url":"https:\/\/toutesnosenergies.fr\/index.php\/transition-energetique\/","og_site_name":"Toutes Nos \u00c9nergies \u2013 Occitanie Environnement","article_publisher":"https:\/\/www.facebook.com\/TNEtoutesnosenergiesOccitanieEnvironnement","article_modified_time":"2018-10-01T06:19:40+00:00","og_image":[{"url":"http:\/\/toutesnosenergies.fr\/wp-content\/uploads\/2018\/03\/image13_LI-300x300.jpg","type":"","width":"","height":""}],"twitter_card":"summary_large_image","twitter_misc":{"Dur\u00e9e de lecture estim\u00e9e":"2 minutes"},"schema":{"@context":"https:\/\/schema.org","@graph":[{"@type":"WebPage","@id":"https:\/\/toutesnosenergies.fr\/index.php\/transition-energetique\/","url":"https:\/\/toutesnosenergies.fr\/index.php\/transition-energetique\/","name":"REP\u00d2STA une d\u00e9marche alternative de transition \u00e9nerg\u00e9tique - Toutes Nos \u00c9nergies \u2013 Occitanie Environnement","isPartOf":{"@id":"https:\/\/toutesnosenergies.fr\/#website"},"primaryImageOfPage":{"@id":"https:\/\/toutesnosenergies.fr\/index.php\/transition-energetique\/#primaryimage"},"image":{"@id":"https:\/\/toutesnosenergies.fr\/index.php\/transition-energetique\/#primaryimage"},"thumbnailUrl":"http:\/\/toutesnosenergies.fr\/wp-content\/uploads\/2018\/03\/image13_LI-300x300.jpg","datePublished":"2017-12-21T22:10:27+00:00","dateModified":"2018-10-01T06:19:40+00:00","breadcrumb":{"@id":"https:\/\/toutesnosenergies.fr\/index.php\/transition-energetique\/#breadcrumb"},"inLanguage":"fr-FR","potentialAction":[{"@type":"ReadAction","target":["https:\/\/toutesnosenergies.fr\/index.php\/transition-energetique\/"]}]},{"@type":"ImageObject","inLanguage":"fr-FR","@id":"https:\/\/toutesnosenergies.fr\/index.php\/transition-energetique\/#primaryimage","url":"https:\/\/toutesnosenergies.fr\/wp-content\/uploads\/2018\/03\/image13_LI.jpg","contentUrl":"https:\/\/toutesnosenergies.fr\/wp-content\/uploads\/2018\/03\/image13_LI.jpg","width":319,"height":318},{"@type":"BreadcrumbList","@id":"https:\/\/toutesnosenergies.fr\/index.php\/transition-energetique\/#breadcrumb","itemListElement":[{"@type":"ListItem","position":1,"name":"Accueil","item":"https:\/\/toutesnosenergies.fr\/"},{"@type":"ListItem","position":2,"name":"REP\u00d2STA une d\u00e9marche alternative de transition \u00e9nerg\u00e9tique"}]},{"@type":"WebSite","@id":"https:\/\/toutesnosenergies.fr\/#website","url":"https:\/\/toutesnosenergies.fr\/","name":"Toutes Nos \u00c9nergies \u2013 Occitanie Environnement","description":"Pour une \u00e9nergie respectueuse du vivant et des territoires ruraux en Occitanie","publisher":{"@id":"https:\/\/toutesnosenergies.fr\/#organization"},"potentialAction":[{"@type":"SearchAction","target":{"@type":"EntryPoint","urlTemplate":"https:\/\/toutesnosenergies.fr\/?s={search_term_string}"},"query-input":{"@type":"PropertyValueSpecification","valueRequired":true,"valueName":"search_term_string"}}],"inLanguage":"fr-FR"},{"@type":"Organization","@id":"https:\/\/toutesnosenergies.fr\/#organization","name":"Toutes Nos \u00c9nergies \u2013 Occitanie Environnement","url":"https:\/\/toutesnosenergies.fr\/","logo":{"@type":"ImageObject","inLanguage":"fr-FR","@id":"https:\/\/toutesnosenergies.fr\/#\/schema\/logo\/image\/","url":"https:\/\/toutesnosenergies.fr\/wp-content\/uploads\/2023\/01\/Petit-logo.png","contentUrl":"https:\/\/toutesnosenergies.fr\/wp-content\/uploads\/2023\/01\/Petit-logo.png","width":360,"height":102,"caption":"Toutes Nos \u00c9nergies \u2013 Occitanie Environnement"},"image":{"@id":"https:\/\/toutesnosenergies.fr\/#\/schema\/logo\/image\/"},"sameAs":["https:\/\/www.facebook.com\/TNEtoutesnosenergiesOccitanieEnvironnement"]}]}},"_links":{"self":[{"href":"https:\/\/toutesnosenergies.fr\/index.php\/wp-json\/wp\/v2\/pages\/510","targetHints":{"allow":["GET"]}}],"collection":[{"href":"https:\/\/toutesnosenergies.fr\/index.php\/wp-json\/wp\/v2\/pages"}],"about":[{"href":"https:\/\/toutesnosenergies.fr\/index.php\/wp-json\/wp\/v2\/types\/page"}],"author":[{"embeddable":true,"href":"https:\/\/toutesnosenergies.fr\/index.php\/wp-json\/wp\/v2\/users\/1"}],"replies":[{"embeddable":true,"href":"https:\/\/toutesnosenergies.fr\/index.php\/wp-json\/wp\/v2\/comments?post=510"}],"version-history":[{"count":19,"href":"https:\/\/toutesnosenergies.fr\/index.php\/wp-json\/wp\/v2\/pages\/510\/revisions"}],"predecessor-version":[{"id":1669,"href":"https:\/\/toutesnosenergies.fr\/index.php\/wp-json\/wp\/v2\/pages\/510\/revisions\/1669"}],"wp:attachment":[{"href":"https:\/\/toutesnosenergies.fr\/index.php\/wp-json\/wp\/v2\/media?parent=510"}],"curies":[{"name":"wp","href":"https:\/\/api.w.org\/{rel}","templated":true}]}}