{"id":562,"date":"2018-01-29T15:43:45","date_gmt":"2018-01-29T14:43:45","guid":{"rendered":"http:\/\/toutesnosenergies.fr\/?page_id=562"},"modified":"2020-12-03T10:33:06","modified_gmt":"2020-12-03T09:33:06","slug":"biodiversite-et-territoires","status":"publish","type":"page","link":"https:\/\/toutesnosenergies.fr\/index.php\/biodiversite-et-territoires\/","title":{"rendered":"Biodiversit\u00e9 et territoires"},"content":{"rendered":"\n<h3 class=\"wp-block-heading\"><a rel=\"noreferrer noopener\" href=\"https:\/\/toutesnosenergies.fr\/wp-content\/uploads\/2020\/12\/note-eoliennes-a-faible-garde-au-sol.pdf\" target=\"_blank\">Note technique du Groupe de Travail \u00c9olien<br>de la Coordination Nationale Chiropt\u00e8res de la SFEPM<\/a> D\u00e9cembre 2020.<\/h3>\n\n\n\n<p><strong>CONTEXTE<\/strong> : Depuis les ann\u00e9es 2000, les publications scientifiques ont soulign\u00e9 la dangerosit\u00e9 des \u00e9oliennes pour les chauves-souris. Les mortalit\u00e9s de chauves-souris d\u00e9passent aujourd\u2019hui les mortalit\u00e9s aviaires. Or, pour ces esp\u00e8ces fragiles \u00e0 faible taux de reproduction, \u00e0 maturit\u00e9 sexuelle tardive et dont l\u2019\u00e9tat des populations est mal connu, certaines pourraient \u00eatre directement men\u00e9es \u00e0 l\u2019extinction \u00e0 court terme par les perspectives de d\u00e9veloppement \u00e9olien si ces impacts ne sont pas ma\u00eetris\u00e9s par des mesures efficaces.<\/p>\n\n\n\n<div class=\"wp-block-image\"><figure class=\"alignright size-large is-resized\"><img loading=\"lazy\" decoding=\"async\" src=\"https:\/\/toutesnosenergies.fr\/wp-content\/uploads\/2020\/12\/sfepm.001.jpeg\" alt=\"\" class=\"wp-image-4495\" width=\"269\" height=\"248\" srcset=\"https:\/\/toutesnosenergies.fr\/wp-content\/uploads\/2020\/12\/sfepm.001.jpeg 587w, https:\/\/toutesnosenergies.fr\/wp-content\/uploads\/2020\/12\/sfepm.001-300x277.jpeg 300w\" sizes=\"auto, (max-width: 269px) 100vw, 269px\" \/><\/figure><\/div>\n\n\n\n<p>La Soci\u00e9t\u00e9 Fran\u00e7aise pour l&rsquo;\u00c9tude et la Protection des Mammif\u00e8res (SFEPM) recommande :<\/p>\n\n\n\n<ul class=\"wp-block-list\"><li>De proscrire l\u2019installation des mod\u00e8les d\u2019\u00e9oliennes dont la garde au sol est inf\u00e9rieure \u00e0 30 m.\u00a0<\/li><li>De proscrire l\u2019installation des mod\u00e8les d\u2019\u00e9oliennes dont le diam\u00e8tre du rotor est sup\u00e9rieur \u00e0 90 m.<\/li><li>De ne pas installer d\u2019\u00e9olienne en contextes forestiers et bocagers car ceux-ci\u00a0induisent un risque accru de mortalit\u00e9.<\/li><\/ul>\n\n\n\n<hr class=\"wp-block-separator\"\/>\n\n\n<h3><a href=\"https:\/\/toutesnosenergies.fr\/wp-content\/uploads\/2018\/01\/GT-TNE-biodiversit\u00e9-et-respect-des-territoires.pdf\">La biodiversit\u00e9 et le respect des territoires<\/a>&nbsp;<\/h3>\n<p>\u00ab\u00a0Chaque g\u00e9n\u00e9ration, sans doute, se croit vou\u00e9e \u00e0 refaire le monde. La mienne sait pourtant qu\u2019elle ne le refera pas. Mais sa t\u00e2che est peut-\u00eatre plus grande. Elle consiste \u00e0 emp\u00eacher que le monde se d\u00e9fasse\u00a0\u00bb. Albert Camus (extrait du discours de Su\u00e8de, 10 d\u00e9cembre 1957)<\/p>\n<p>Ce dossier n\u2019a d\u2019autre ambition que de faire prendre conscience aux pouvoirs publics que l\u2019Occitanie est un territoire d\u2019une richesse infinie sur le plan de la biodiversit\u00e9. Leurs responsabilit\u00e9s sont lourdement engag\u00e9es et d\u00e9terminantes dans tous les processus d\u2019am\u00e9nagement du territoire<\/p>\n<p><strong><a href=\"http:\/\/toutesnosenergies.fr\/wp-content\/uploads\/2018\/01\/GT-TNE-biodiversit\u00e9-et-respect-des-territoires.pdf\">Ce document est issu d\u2019un groupe de travail<\/a> mis en place par le collectif. Il sera r\u00e9actualis\u00e9 en fonction de nos rencontres avec l\u2019ensemble de nos interlocuteurs et de nos propres recherches.<\/strong><\/p>\n<p><strong>Une autre <a href=\"http:\/\/toutesnosenergies.fr\/wp-content\/uploads\/2019\/03\/Aigles-et-rapaces-de-lEscandorgue.pdf\">prise de position<\/a>&nbsp;et un <a href=\"http:\/\/toutesnosenergies.fr\/wp-content\/uploads\/2018\/08\/dossier-aigles-2018.pdf\">rapport d&rsquo;experts<\/a> concernant l&rsquo;impact des \u00e9oliennes sur les aigles et les rapaces dans l&rsquo;Escandorgue.<\/strong><\/p>\n<p>Vos remarques et commentaires seront les bienvenus.<\/p>","protected":false},"excerpt":{"rendered":"<p>Note technique du Groupe de Travail \u00c9oliende la Coordination Nationale Chiropt\u00e8res de la SFEPM D\u00e9cembre 2020. CONTEXTE : Depuis les ann\u00e9es 2000, les publications scientifiques ont soulign\u00e9 la dangerosit\u00e9 des \u00e9oliennes pour les chauves-souris. Les mortalit\u00e9s de chauves-souris d\u00e9passent aujourd\u2019hui les mortalit\u00e9s aviaires. Or, pour ces esp\u00e8ces fragiles \u00e0 faible taux de reproduction, \u00e0 maturit\u00e9 &#8230; <a title=\"Biodiversit\u00e9 et territoires\" class=\"read-more\" href=\"https:\/\/toutesnosenergies.fr\/index.php\/biodiversite-et-territoires\/\" aria-label=\"Plus sur Biodiversit\u00e9 et territoires\">Lire plus<\/a><\/p>\n","protected":false},"author":1,"featured_media":0,"parent":0,"menu_order":0,"comment_status":"closed","ping_status":"closed","template":"","meta":{"_cbd_carousel_blocks":"[]","sfsi_plus_gutenberg_text_before_share":"","sfsi_plus_gutenberg_show_text_before_share":"","sfsi_plus_gutenberg_icon_type":"","sfsi_plus_gutenberg_icon_alignemt":"","sfsi_plus_gutenburg_max_per_row":"","footnotes":""},"class_list":["post-562","page","type-page","status-publish"],"yoast_head":"<!-- This site is optimized with the Yoast SEO plugin v27.3 - https:\/\/yoast.com\/product\/yoast-seo-wordpress\/ -->\n<title>Biodiversit\u00e9 et territoires - Toutes Nos \u00c9nergies \u2013 Occitanie Environnement<\/title>\n<meta name=\"robots\" content=\"index, follow, max-snippet:-1, max-image-preview:large, max-video-preview:-1\" \/>\n<link rel=\"canonical\" href=\"https:\/\/toutesnosenergies.fr\/index.php\/biodiversite-et-territoires\/\" \/>\n<meta property=\"og:locale\" content=\"fr_FR\" \/>\n<meta property=\"og:type\" content=\"article\" \/>\n<meta property=\"og:title\" content=\"Biodiversit\u00e9 et territoires - Toutes Nos \u00c9nergies \u2013 Occitanie Environnement\" \/>\n<meta property=\"og:description\" content=\"Note technique du Groupe de Travail \u00c9oliende la Coordination Nationale Chiropt\u00e8res de la SFEPM D\u00e9cembre 2020. CONTEXTE : Depuis les ann\u00e9es 2000, les publications scientifiques ont soulign\u00e9 la dangerosit\u00e9 des \u00e9oliennes pour les chauves-souris. Les mortalit\u00e9s de chauves-souris d\u00e9passent aujourd\u2019hui les mortalit\u00e9s aviaires. Or, pour ces esp\u00e8ces fragiles \u00e0 faible taux de reproduction, \u00e0 maturit\u00e9 ... Lire plus\" \/>\n<meta property=\"og:url\" content=\"https:\/\/toutesnosenergies.fr\/index.php\/biodiversite-et-territoires\/\" \/>\n<meta property=\"og:site_name\" content=\"Toutes Nos \u00c9nergies \u2013 Occitanie Environnement\" \/>\n<meta property=\"article:publisher\" content=\"https:\/\/www.facebook.com\/TNEtoutesnosenergiesOccitanieEnvironnement\" \/>\n<meta property=\"article:modified_time\" content=\"2020-12-03T09:33:06+00:00\" \/>\n<meta property=\"og:image\" content=\"https:\/\/toutesnosenergies.fr\/wp-content\/uploads\/2020\/12\/sfepm.001.jpeg\" \/>\n<meta name=\"twitter:card\" content=\"summary_large_image\" \/>\n<meta name=\"twitter:label1\" content=\"Dur\u00e9e de lecture estim\u00e9e\" \/>\n\t<meta name=\"twitter:data1\" content=\"2 minutes\" \/>\n<script type=\"application\/ld+json\" class=\"yoast-schema-graph\">{\"@context\":\"https:\\\/\\\/schema.org\",\"@graph\":[{\"@type\":\"WebPage\",\"@id\":\"https:\\\/\\\/toutesnosenergies.fr\\\/index.php\\\/biodiversite-et-territoires\\\/\",\"url\":\"https:\\\/\\\/toutesnosenergies.fr\\\/index.php\\\/biodiversite-et-territoires\\\/\",\"name\":\"Biodiversit\u00e9 et territoires - Toutes Nos \u00c9nergies \u2013 Occitanie Environnement\",\"isPartOf\":{\"@id\":\"https:\\\/\\\/toutesnosenergies.fr\\\/#website\"},\"primaryImageOfPage\":{\"@id\":\"https:\\\/\\\/toutesnosenergies.fr\\\/index.php\\\/biodiversite-et-territoires\\\/#primaryimage\"},\"image\":{\"@id\":\"https:\\\/\\\/toutesnosenergies.fr\\\/index.php\\\/biodiversite-et-territoires\\\/#primaryimage\"},\"thumbnailUrl\":\"https:\\\/\\\/toutesnosenergies.fr\\\/wp-content\\\/uploads\\\/2020\\\/12\\\/sfepm.001.jpeg\",\"datePublished\":\"2018-01-29T14:43:45+00:00\",\"dateModified\":\"2020-12-03T09:33:06+00:00\",\"breadcrumb\":{\"@id\":\"https:\\\/\\\/toutesnosenergies.fr\\\/index.php\\\/biodiversite-et-territoires\\\/#breadcrumb\"},\"inLanguage\":\"fr-FR\",\"potentialAction\":[{\"@type\":\"ReadAction\",\"target\":[\"https:\\\/\\\/toutesnosenergies.fr\\\/index.php\\\/biodiversite-et-territoires\\\/\"]}]},{\"@type\":\"ImageObject\",\"inLanguage\":\"fr-FR\",\"@id\":\"https:\\\/\\\/toutesnosenergies.fr\\\/index.php\\\/biodiversite-et-territoires\\\/#primaryimage\",\"url\":\"https:\\\/\\\/toutesnosenergies.fr\\\/wp-content\\\/uploads\\\/2020\\\/12\\\/sfepm.001.jpeg\",\"contentUrl\":\"https:\\\/\\\/toutesnosenergies.fr\\\/wp-content\\\/uploads\\\/2020\\\/12\\\/sfepm.001.jpeg\",\"width\":587,\"height\":542},{\"@type\":\"BreadcrumbList\",\"@id\":\"https:\\\/\\\/toutesnosenergies.fr\\\/index.php\\\/biodiversite-et-territoires\\\/#breadcrumb\",\"itemListElement\":[{\"@type\":\"ListItem\",\"position\":1,\"name\":\"Accueil\",\"item\":\"https:\\\/\\\/toutesnosenergies.fr\\\/\"},{\"@type\":\"ListItem\",\"position\":2,\"name\":\"Biodiversit\u00e9 et territoires\"}]},{\"@type\":\"WebSite\",\"@id\":\"https:\\\/\\\/toutesnosenergies.fr\\\/#website\",\"url\":\"https:\\\/\\\/toutesnosenergies.fr\\\/\",\"name\":\"Toutes Nos \u00c9nergies \u2013 Occitanie Environnement\",\"description\":\"Pour une \u00e9nergie respectueuse du vivant et des territoires ruraux en Occitanie\",\"publisher\":{\"@id\":\"https:\\\/\\\/toutesnosenergies.fr\\\/#organization\"},\"potentialAction\":[{\"@type\":\"SearchAction\",\"target\":{\"@type\":\"EntryPoint\",\"urlTemplate\":\"https:\\\/\\\/toutesnosenergies.fr\\\/?s={search_term_string}\"},\"query-input\":{\"@type\":\"PropertyValueSpecification\",\"valueRequired\":true,\"valueName\":\"search_term_string\"}}],\"inLanguage\":\"fr-FR\"},{\"@type\":\"Organization\",\"@id\":\"https:\\\/\\\/toutesnosenergies.fr\\\/#organization\",\"name\":\"Toutes Nos \u00c9nergies \u2013 Occitanie Environnement\",\"url\":\"https:\\\/\\\/toutesnosenergies.fr\\\/\",\"logo\":{\"@type\":\"ImageObject\",\"inLanguage\":\"fr-FR\",\"@id\":\"https:\\\/\\\/toutesnosenergies.fr\\\/#\\\/schema\\\/logo\\\/image\\\/\",\"url\":\"https:\\\/\\\/toutesnosenergies.fr\\\/wp-content\\\/uploads\\\/2023\\\/01\\\/Petit-logo.png\",\"contentUrl\":\"https:\\\/\\\/toutesnosenergies.fr\\\/wp-content\\\/uploads\\\/2023\\\/01\\\/Petit-logo.png\",\"width\":360,\"height\":102,\"caption\":\"Toutes Nos \u00c9nergies \u2013 Occitanie Environnement\"},\"image\":{\"@id\":\"https:\\\/\\\/toutesnosenergies.fr\\\/#\\\/schema\\\/logo\\\/image\\\/\"},\"sameAs\":[\"https:\\\/\\\/www.facebook.com\\\/TNEtoutesnosenergiesOccitanieEnvironnement\"]}]}<\/script>\n<!-- \/ Yoast SEO plugin. -->","yoast_head_json":{"title":"Biodiversit\u00e9 et territoires - Toutes Nos \u00c9nergies \u2013 Occitanie Environnement","robots":{"index":"index","follow":"follow","max-snippet":"max-snippet:-1","max-image-preview":"max-image-preview:large","max-video-preview":"max-video-preview:-1"},"canonical":"https:\/\/toutesnosenergies.fr\/index.php\/biodiversite-et-territoires\/","og_locale":"fr_FR","og_type":"article","og_title":"Biodiversit\u00e9 et territoires - Toutes Nos \u00c9nergies \u2013 Occitanie Environnement","og_description":"Note technique du Groupe de Travail \u00c9oliende la Coordination Nationale Chiropt\u00e8res de la SFEPM D\u00e9cembre 2020. CONTEXTE : Depuis les ann\u00e9es 2000, les publications scientifiques ont soulign\u00e9 la dangerosit\u00e9 des \u00e9oliennes pour les chauves-souris. Les mortalit\u00e9s de chauves-souris d\u00e9passent aujourd\u2019hui les mortalit\u00e9s aviaires. Or, pour ces esp\u00e8ces fragiles \u00e0 faible taux de reproduction, \u00e0 maturit\u00e9 ... Lire plus","og_url":"https:\/\/toutesnosenergies.fr\/index.php\/biodiversite-et-territoires\/","og_site_name":"Toutes Nos \u00c9nergies \u2013 Occitanie Environnement","article_publisher":"https:\/\/www.facebook.com\/TNEtoutesnosenergiesOccitanieEnvironnement","article_modified_time":"2020-12-03T09:33:06+00:00","og_image":[{"url":"https:\/\/toutesnosenergies.fr\/wp-content\/uploads\/2020\/12\/sfepm.001.jpeg","type":"","width":"","height":""}],"twitter_card":"summary_large_image","twitter_misc":{"Dur\u00e9e de lecture estim\u00e9e":"2 minutes"},"schema":{"@context":"https:\/\/schema.org","@graph":[{"@type":"WebPage","@id":"https:\/\/toutesnosenergies.fr\/index.php\/biodiversite-et-territoires\/","url":"https:\/\/toutesnosenergies.fr\/index.php\/biodiversite-et-territoires\/","name":"Biodiversit\u00e9 et territoires - Toutes Nos \u00c9nergies \u2013 Occitanie Environnement","isPartOf":{"@id":"https:\/\/toutesnosenergies.fr\/#website"},"primaryImageOfPage":{"@id":"https:\/\/toutesnosenergies.fr\/index.php\/biodiversite-et-territoires\/#primaryimage"},"image":{"@id":"https:\/\/toutesnosenergies.fr\/index.php\/biodiversite-et-territoires\/#primaryimage"},"thumbnailUrl":"https:\/\/toutesnosenergies.fr\/wp-content\/uploads\/2020\/12\/sfepm.001.jpeg","datePublished":"2018-01-29T14:43:45+00:00","dateModified":"2020-12-03T09:33:06+00:00","breadcrumb":{"@id":"https:\/\/toutesnosenergies.fr\/index.php\/biodiversite-et-territoires\/#breadcrumb"},"inLanguage":"fr-FR","potentialAction":[{"@type":"ReadAction","target":["https:\/\/toutesnosenergies.fr\/index.php\/biodiversite-et-territoires\/"]}]},{"@type":"ImageObject","inLanguage":"fr-FR","@id":"https:\/\/toutesnosenergies.fr\/index.php\/biodiversite-et-territoires\/#primaryimage","url":"https:\/\/toutesnosenergies.fr\/wp-content\/uploads\/2020\/12\/sfepm.001.jpeg","contentUrl":"https:\/\/toutesnosenergies.fr\/wp-content\/uploads\/2020\/12\/sfepm.001.jpeg","width":587,"height":542},{"@type":"BreadcrumbList","@id":"https:\/\/toutesnosenergies.fr\/index.php\/biodiversite-et-territoires\/#breadcrumb","itemListElement":[{"@type":"ListItem","position":1,"name":"Accueil","item":"https:\/\/toutesnosenergies.fr\/"},{"@type":"ListItem","position":2,"name":"Biodiversit\u00e9 et territoires"}]},{"@type":"WebSite","@id":"https:\/\/toutesnosenergies.fr\/#website","url":"https:\/\/toutesnosenergies.fr\/","name":"Toutes Nos \u00c9nergies \u2013 Occitanie Environnement","description":"Pour une \u00e9nergie respectueuse du vivant et des territoires ruraux en Occitanie","publisher":{"@id":"https:\/\/toutesnosenergies.fr\/#organization"},"potentialAction":[{"@type":"SearchAction","target":{"@type":"EntryPoint","urlTemplate":"https:\/\/toutesnosenergies.fr\/?s={search_term_string}"},"query-input":{"@type":"PropertyValueSpecification","valueRequired":true,"valueName":"search_term_string"}}],"inLanguage":"fr-FR"},{"@type":"Organization","@id":"https:\/\/toutesnosenergies.fr\/#organization","name":"Toutes Nos \u00c9nergies \u2013 Occitanie Environnement","url":"https:\/\/toutesnosenergies.fr\/","logo":{"@type":"ImageObject","inLanguage":"fr-FR","@id":"https:\/\/toutesnosenergies.fr\/#\/schema\/logo\/image\/","url":"https:\/\/toutesnosenergies.fr\/wp-content\/uploads\/2023\/01\/Petit-logo.png","contentUrl":"https:\/\/toutesnosenergies.fr\/wp-content\/uploads\/2023\/01\/Petit-logo.png","width":360,"height":102,"caption":"Toutes Nos \u00c9nergies \u2013 Occitanie Environnement"},"image":{"@id":"https:\/\/toutesnosenergies.fr\/#\/schema\/logo\/image\/"},"sameAs":["https:\/\/www.facebook.com\/TNEtoutesnosenergiesOccitanieEnvironnement"]}]}},"_links":{"self":[{"href":"https:\/\/toutesnosenergies.fr\/index.php\/wp-json\/wp\/v2\/pages\/562","targetHints":{"allow":["GET"]}}],"collection":[{"href":"https:\/\/toutesnosenergies.fr\/index.php\/wp-json\/wp\/v2\/pages"}],"about":[{"href":"https:\/\/toutesnosenergies.fr\/index.php\/wp-json\/wp\/v2\/types\/page"}],"author":[{"embeddable":true,"href":"https:\/\/toutesnosenergies.fr\/index.php\/wp-json\/wp\/v2\/users\/1"}],"replies":[{"embeddable":true,"href":"https:\/\/toutesnosenergies.fr\/index.php\/wp-json\/wp\/v2\/comments?post=562"}],"version-history":[{"count":15,"href":"https:\/\/toutesnosenergies.fr\/index.php\/wp-json\/wp\/v2\/pages\/562\/revisions"}],"predecessor-version":[{"id":9357,"href":"https:\/\/toutesnosenergies.fr\/index.php\/wp-json\/wp\/v2\/pages\/562\/revisions\/9357"}],"wp:attachment":[{"href":"https:\/\/toutesnosenergies.fr\/index.php\/wp-json\/wp\/v2\/media?parent=562"}],"curies":[{"name":"wp","href":"https:\/\/api.w.org\/{rel}","templated":true}]}}