{"id":645,"date":"2018-01-30T23:04:57","date_gmt":"2018-01-30T22:04:57","guid":{"rendered":"http:\/\/toutesnosenergies.fr\/?page_id=645"},"modified":"2019-02-11T17:43:37","modified_gmt":"2019-02-11T16:43:37","slug":"concertation-citoyenne-et-egalite-des-territoires","status":"publish","type":"page","link":"https:\/\/toutesnosenergies.fr\/index.php\/concertation-citoyenne-et-egalite-des-territoires\/","title":{"rendered":"Concertation, participation, d\u00e9mocratie, citoyennet\u00e9 et \u00e9galit\u00e9 des territoires"},"content":{"rendered":"<h2>Soyez pr\u00e9sent (et actif) dans le PCAET de votre secteur !<\/h2>\n<p>Vous luttez contre un projet \u00e9olien industriel ?<br \/>\nVous craignez l\u2019arriv\u00e9e d\u2019un projet \u00e9olien ?<br \/>\nVous voulez d\u00e9fendre votre environnement et votre qualit\u00e9 de vie ?<br \/>\nVous pensez qu\u2019il existe d\u2019autres moyens de faire la transition \u00e9cologique ?<\/p>\n<p>Les op\u00e9rateurs ont tous les pouvoirs, c&rsquo;est bien connu. Mais avant toute prospection ils se renseignent pour savoir si votre Communaut\u00e9 de Communes (Com Com) est favorable ou non \u00e0 l&rsquo;\u00e9olien. Or, ce renseignement, il existera, il sera public. C\u2019est le PCAET, <strong>Plan Climat Air \u00c9nergie Territoire<\/strong>, document tr\u00e8s technique d&rsquo;apparence qui peut sceller votre sort car son contenu sera ensuite d\u00e9clin\u00e9 dans votre plan local d&rsquo;urbanisme PLU ou PLUi). <strong>C&rsquo;est en ce moment que, un peu partout, sont r\u00e9dig\u00e9s puis vot\u00e9s de tels PCAET.<\/strong><\/p>\n<p>Pour vous aider \u00e0 \u00e9viter les pi\u00e8ges et les manipulations de <strong>certains <\/strong>responsables de Com Com ou de leurs services, nous avons r\u00e9dig\u00e9 <a href=\"http:\/\/toutesnosenergies.fr\/wp-content\/uploads\/2019\/02\/Soyez-pr\u00e9sents-dans-le-PCAET-de-votre-secteur.pdf\">cette fiche de conseils pratiques<\/a> : lisez-l\u00e0 avec attention, et agissez, quitte \u00e0 nous demander conseil : nous sommes l\u00e0 pour cela.<\/p>\n<p><strong>Pr\u00e9cision : <\/strong>nous connaissons fort heureusement des responsables de Com Com ou de Parc Naturel R\u00e9gional (PNR) qui sont \u00e0 l&rsquo;\u00e9coute de nos pr\u00e9occupations et qui m\u00eame parfois les ont pr\u00e9c\u00e9d\u00e9es. Si vous \u00eates dans ce cas-l\u00e0, faites plus simple : rapprochez-vous d&rsquo;eux et \u00e9ventuellement, si cela peut les aider, proposez-leur une simple audition en conseil communautaire.<\/p>\n<hr \/>\n<h2>Concertation citoyenne et \u00e9galit\u00e9 des territoires<\/h2>\n<p>Dans les rencontres avec nos interlocuteurs de la R\u00e9gion, notre demande est que les solutions \u00e9nerg\u00e9tiques retenues englobent deux dimensions :<\/p>\n<p style=\"padding-left: 30px;\">&#8211; un plan d\u2019actions visant \u00e0 d\u00e9velopper la sobri\u00e9t\u00e9 \u00e9nerg\u00e9tique<\/p>\n<p style=\"padding-left: 30px;\">&#8211; une production orient\u00e9e sur des solutions adapt\u00e9es aux caract\u00e9ristiques ou contraintes socio-\u00e9conomiques, paysag\u00e8res et patrimoniales de chaque territoire.<\/p>\n<p>Ces solutions doivent, par ce fait, int\u00e9grer une concertation citoyenne au meilleur niveau. Notre objectif est d&rsquo;obtenir la garantie que les citoyens, en particulier les riverains des projets, soient b\u00e9n\u00e9ficiaires d\u2019une concertation de qualit\u00e9, assortie d\u2019une r\u00e9elle prise en compte des avis qu\u2019ils expriment et que de nouvelles proc\u00e9dures soient associ\u00e9es \u00e0 cette garantie, le cas \u00e9ch\u00e9ant exp\u00e9rimentales.<\/p>\n<p><strong><a href=\"http:\/\/toutesnosenergies.fr\/wp-content\/uploads\/2018\/01\/GT-TNE-concertations-citoyennes-et-\u00e9galit\u00e9-des-territoires-1.pdf\">Ce document est issu d\u2019un groupe de travail<\/a> mis en place par le collectif. Il sera r\u00e9actualis\u00e9 en fonction de nos rencontres avec l\u2019ensemble de nos interlocuteurs et de nos propres recherches.<\/strong><\/p>\n<p>Vos remarques et commentaires seront les bienvenus.<\/p>\n","protected":false},"excerpt":{"rendered":"<p>Soyez pr\u00e9sent (et actif) dans le PCAET de votre secteur ! Vous luttez contre un projet \u00e9olien industriel ? Vous craignez l\u2019arriv\u00e9e d\u2019un projet \u00e9olien ? Vous voulez d\u00e9fendre votre environnement et votre qualit\u00e9 de vie ? Vous pensez qu\u2019il existe d\u2019autres moyens de faire la transition \u00e9cologique ? Les op\u00e9rateurs ont tous les pouvoirs, &#8230; <a title=\"Concertation, participation, d\u00e9mocratie, citoyennet\u00e9 et \u00e9galit\u00e9 des territoires\" class=\"read-more\" href=\"https:\/\/toutesnosenergies.fr\/index.php\/concertation-citoyenne-et-egalite-des-territoires\/\" aria-label=\"Plus sur Concertation, participation, d\u00e9mocratie, citoyennet\u00e9 et \u00e9galit\u00e9 des territoires\">Lire plus<\/a><\/p>\n","protected":false},"author":3,"featured_media":0,"parent":0,"menu_order":0,"comment_status":"closed","ping_status":"closed","template":"","meta":{"_cbd_carousel_blocks":"[]","sfsi_plus_gutenberg_text_before_share":"","sfsi_plus_gutenberg_show_text_before_share":"","sfsi_plus_gutenberg_icon_type":"","sfsi_plus_gutenberg_icon_alignemt":"","sfsi_plus_gutenburg_max_per_row":"","footnotes":""},"class_list":["post-645","page","type-page","status-publish"],"yoast_head":"<!-- This site is optimized with the Yoast SEO plugin v27.3 - https:\/\/yoast.com\/product\/yoast-seo-wordpress\/ -->\n<title>Concertation, participation, d\u00e9mocratie, citoyennet\u00e9 et \u00e9galit\u00e9 des territoires - Toutes Nos \u00c9nergies \u2013 Occitanie Environnement<\/title>\n<meta name=\"robots\" content=\"index, follow, max-snippet:-1, max-image-preview:large, max-video-preview:-1\" \/>\n<link rel=\"canonical\" href=\"https:\/\/toutesnosenergies.fr\/index.php\/concertation-citoyenne-et-egalite-des-territoires\/\" \/>\n<meta property=\"og:locale\" content=\"fr_FR\" \/>\n<meta property=\"og:type\" content=\"article\" \/>\n<meta property=\"og:title\" content=\"Concertation, participation, d\u00e9mocratie, citoyennet\u00e9 et \u00e9galit\u00e9 des territoires - Toutes Nos \u00c9nergies \u2013 Occitanie Environnement\" \/>\n<meta property=\"og:description\" content=\"Soyez pr\u00e9sent (et actif) dans le PCAET de votre secteur ! Vous luttez contre un projet \u00e9olien industriel ? Vous craignez l\u2019arriv\u00e9e d\u2019un projet \u00e9olien ? Vous voulez d\u00e9fendre votre environnement et votre qualit\u00e9 de vie ? Vous pensez qu\u2019il existe d\u2019autres moyens de faire la transition \u00e9cologique ? Les op\u00e9rateurs ont tous les pouvoirs, ... Lire plus\" \/>\n<meta property=\"og:url\" content=\"https:\/\/toutesnosenergies.fr\/index.php\/concertation-citoyenne-et-egalite-des-territoires\/\" \/>\n<meta property=\"og:site_name\" content=\"Toutes Nos \u00c9nergies \u2013 Occitanie Environnement\" \/>\n<meta property=\"article:publisher\" content=\"https:\/\/www.facebook.com\/TNEtoutesnosenergiesOccitanieEnvironnement\" \/>\n<meta property=\"article:modified_time\" content=\"2019-02-11T16:43:37+00:00\" \/>\n<meta name=\"twitter:card\" content=\"summary_large_image\" \/>\n<meta name=\"twitter:label1\" content=\"Dur\u00e9e de lecture estim\u00e9e\" \/>\n\t<meta name=\"twitter:data1\" content=\"2 minutes\" \/>\n<script type=\"application\/ld+json\" class=\"yoast-schema-graph\">{\"@context\":\"https:\\\/\\\/schema.org\",\"@graph\":[{\"@type\":\"WebPage\",\"@id\":\"https:\\\/\\\/toutesnosenergies.fr\\\/index.php\\\/concertation-citoyenne-et-egalite-des-territoires\\\/\",\"url\":\"https:\\\/\\\/toutesnosenergies.fr\\\/index.php\\\/concertation-citoyenne-et-egalite-des-territoires\\\/\",\"name\":\"Concertation, participation, d\u00e9mocratie, citoyennet\u00e9 et \u00e9galit\u00e9 des territoires - Toutes Nos \u00c9nergies \u2013 Occitanie Environnement\",\"isPartOf\":{\"@id\":\"https:\\\/\\\/toutesnosenergies.fr\\\/#website\"},\"datePublished\":\"2018-01-30T22:04:57+00:00\",\"dateModified\":\"2019-02-11T16:43:37+00:00\",\"breadcrumb\":{\"@id\":\"https:\\\/\\\/toutesnosenergies.fr\\\/index.php\\\/concertation-citoyenne-et-egalite-des-territoires\\\/#breadcrumb\"},\"inLanguage\":\"fr-FR\",\"potentialAction\":[{\"@type\":\"ReadAction\",\"target\":[\"https:\\\/\\\/toutesnosenergies.fr\\\/index.php\\\/concertation-citoyenne-et-egalite-des-territoires\\\/\"]}]},{\"@type\":\"BreadcrumbList\",\"@id\":\"https:\\\/\\\/toutesnosenergies.fr\\\/index.php\\\/concertation-citoyenne-et-egalite-des-territoires\\\/#breadcrumb\",\"itemListElement\":[{\"@type\":\"ListItem\",\"position\":1,\"name\":\"Accueil\",\"item\":\"https:\\\/\\\/toutesnosenergies.fr\\\/\"},{\"@type\":\"ListItem\",\"position\":2,\"name\":\"Concertation, participation, d\u00e9mocratie, citoyennet\u00e9 et \u00e9galit\u00e9 des territoires\"}]},{\"@type\":\"WebSite\",\"@id\":\"https:\\\/\\\/toutesnosenergies.fr\\\/#website\",\"url\":\"https:\\\/\\\/toutesnosenergies.fr\\\/\",\"name\":\"Toutes Nos \u00c9nergies \u2013 Occitanie Environnement\",\"description\":\"Pour une \u00e9nergie respectueuse du vivant et des territoires ruraux en Occitanie\",\"publisher\":{\"@id\":\"https:\\\/\\\/toutesnosenergies.fr\\\/#organization\"},\"potentialAction\":[{\"@type\":\"SearchAction\",\"target\":{\"@type\":\"EntryPoint\",\"urlTemplate\":\"https:\\\/\\\/toutesnosenergies.fr\\\/?s={search_term_string}\"},\"query-input\":{\"@type\":\"PropertyValueSpecification\",\"valueRequired\":true,\"valueName\":\"search_term_string\"}}],\"inLanguage\":\"fr-FR\"},{\"@type\":\"Organization\",\"@id\":\"https:\\\/\\\/toutesnosenergies.fr\\\/#organization\",\"name\":\"Toutes Nos \u00c9nergies \u2013 Occitanie Environnement\",\"url\":\"https:\\\/\\\/toutesnosenergies.fr\\\/\",\"logo\":{\"@type\":\"ImageObject\",\"inLanguage\":\"fr-FR\",\"@id\":\"https:\\\/\\\/toutesnosenergies.fr\\\/#\\\/schema\\\/logo\\\/image\\\/\",\"url\":\"https:\\\/\\\/toutesnosenergies.fr\\\/wp-content\\\/uploads\\\/2023\\\/01\\\/Petit-logo.png\",\"contentUrl\":\"https:\\\/\\\/toutesnosenergies.fr\\\/wp-content\\\/uploads\\\/2023\\\/01\\\/Petit-logo.png\",\"width\":360,\"height\":102,\"caption\":\"Toutes Nos \u00c9nergies \u2013 Occitanie Environnement\"},\"image\":{\"@id\":\"https:\\\/\\\/toutesnosenergies.fr\\\/#\\\/schema\\\/logo\\\/image\\\/\"},\"sameAs\":[\"https:\\\/\\\/www.facebook.com\\\/TNEtoutesnosenergiesOccitanieEnvironnement\"]}]}<\/script>\n<!-- \/ Yoast SEO plugin. -->","yoast_head_json":{"title":"Concertation, participation, d\u00e9mocratie, citoyennet\u00e9 et \u00e9galit\u00e9 des territoires - Toutes Nos \u00c9nergies \u2013 Occitanie Environnement","robots":{"index":"index","follow":"follow","max-snippet":"max-snippet:-1","max-image-preview":"max-image-preview:large","max-video-preview":"max-video-preview:-1"},"canonical":"https:\/\/toutesnosenergies.fr\/index.php\/concertation-citoyenne-et-egalite-des-territoires\/","og_locale":"fr_FR","og_type":"article","og_title":"Concertation, participation, d\u00e9mocratie, citoyennet\u00e9 et \u00e9galit\u00e9 des territoires - Toutes Nos \u00c9nergies \u2013 Occitanie Environnement","og_description":"Soyez pr\u00e9sent (et actif) dans le PCAET de votre secteur ! Vous luttez contre un projet \u00e9olien industriel ? Vous craignez l\u2019arriv\u00e9e d\u2019un projet \u00e9olien ? Vous voulez d\u00e9fendre votre environnement et votre qualit\u00e9 de vie ? Vous pensez qu\u2019il existe d\u2019autres moyens de faire la transition \u00e9cologique ? Les op\u00e9rateurs ont tous les pouvoirs, ... Lire plus","og_url":"https:\/\/toutesnosenergies.fr\/index.php\/concertation-citoyenne-et-egalite-des-territoires\/","og_site_name":"Toutes Nos \u00c9nergies \u2013 Occitanie Environnement","article_publisher":"https:\/\/www.facebook.com\/TNEtoutesnosenergiesOccitanieEnvironnement","article_modified_time":"2019-02-11T16:43:37+00:00","twitter_card":"summary_large_image","twitter_misc":{"Dur\u00e9e de lecture estim\u00e9e":"2 minutes"},"schema":{"@context":"https:\/\/schema.org","@graph":[{"@type":"WebPage","@id":"https:\/\/toutesnosenergies.fr\/index.php\/concertation-citoyenne-et-egalite-des-territoires\/","url":"https:\/\/toutesnosenergies.fr\/index.php\/concertation-citoyenne-et-egalite-des-territoires\/","name":"Concertation, participation, d\u00e9mocratie, citoyennet\u00e9 et \u00e9galit\u00e9 des territoires - Toutes Nos \u00c9nergies \u2013 Occitanie Environnement","isPartOf":{"@id":"https:\/\/toutesnosenergies.fr\/#website"},"datePublished":"2018-01-30T22:04:57+00:00","dateModified":"2019-02-11T16:43:37+00:00","breadcrumb":{"@id":"https:\/\/toutesnosenergies.fr\/index.php\/concertation-citoyenne-et-egalite-des-territoires\/#breadcrumb"},"inLanguage":"fr-FR","potentialAction":[{"@type":"ReadAction","target":["https:\/\/toutesnosenergies.fr\/index.php\/concertation-citoyenne-et-egalite-des-territoires\/"]}]},{"@type":"BreadcrumbList","@id":"https:\/\/toutesnosenergies.fr\/index.php\/concertation-citoyenne-et-egalite-des-territoires\/#breadcrumb","itemListElement":[{"@type":"ListItem","position":1,"name":"Accueil","item":"https:\/\/toutesnosenergies.fr\/"},{"@type":"ListItem","position":2,"name":"Concertation, participation, d\u00e9mocratie, citoyennet\u00e9 et \u00e9galit\u00e9 des territoires"}]},{"@type":"WebSite","@id":"https:\/\/toutesnosenergies.fr\/#website","url":"https:\/\/toutesnosenergies.fr\/","name":"Toutes Nos \u00c9nergies \u2013 Occitanie Environnement","description":"Pour une \u00e9nergie respectueuse du vivant et des territoires ruraux en Occitanie","publisher":{"@id":"https:\/\/toutesnosenergies.fr\/#organization"},"potentialAction":[{"@type":"SearchAction","target":{"@type":"EntryPoint","urlTemplate":"https:\/\/toutesnosenergies.fr\/?s={search_term_string}"},"query-input":{"@type":"PropertyValueSpecification","valueRequired":true,"valueName":"search_term_string"}}],"inLanguage":"fr-FR"},{"@type":"Organization","@id":"https:\/\/toutesnosenergies.fr\/#organization","name":"Toutes Nos \u00c9nergies \u2013 Occitanie Environnement","url":"https:\/\/toutesnosenergies.fr\/","logo":{"@type":"ImageObject","inLanguage":"fr-FR","@id":"https:\/\/toutesnosenergies.fr\/#\/schema\/logo\/image\/","url":"https:\/\/toutesnosenergies.fr\/wp-content\/uploads\/2023\/01\/Petit-logo.png","contentUrl":"https:\/\/toutesnosenergies.fr\/wp-content\/uploads\/2023\/01\/Petit-logo.png","width":360,"height":102,"caption":"Toutes Nos \u00c9nergies \u2013 Occitanie Environnement"},"image":{"@id":"https:\/\/toutesnosenergies.fr\/#\/schema\/logo\/image\/"},"sameAs":["https:\/\/www.facebook.com\/TNEtoutesnosenergiesOccitanieEnvironnement"]}]}},"_links":{"self":[{"href":"https:\/\/toutesnosenergies.fr\/index.php\/wp-json\/wp\/v2\/pages\/645","targetHints":{"allow":["GET"]}}],"collection":[{"href":"https:\/\/toutesnosenergies.fr\/index.php\/wp-json\/wp\/v2\/pages"}],"about":[{"href":"https:\/\/toutesnosenergies.fr\/index.php\/wp-json\/wp\/v2\/types\/page"}],"author":[{"embeddable":true,"href":"https:\/\/toutesnosenergies.fr\/index.php\/wp-json\/wp\/v2\/users\/3"}],"replies":[{"embeddable":true,"href":"https:\/\/toutesnosenergies.fr\/index.php\/wp-json\/wp\/v2\/comments?post=645"}],"version-history":[{"count":4,"href":"https:\/\/toutesnosenergies.fr\/index.php\/wp-json\/wp\/v2\/pages\/645\/revisions"}],"predecessor-version":[{"id":2104,"href":"https:\/\/toutesnosenergies.fr\/index.php\/wp-json\/wp\/v2\/pages\/645\/revisions\/2104"}],"wp:attachment":[{"href":"https:\/\/toutesnosenergies.fr\/index.php\/wp-json\/wp\/v2\/media?parent=645"}],"curies":[{"name":"wp","href":"https:\/\/api.w.org\/{rel}","templated":true}]}}