{"id":8032,"date":"2022-04-10T16:17:38","date_gmt":"2022-04-10T14:17:38","guid":{"rendered":"https:\/\/toutesnosenergies.fr\/?page_id=8032"},"modified":"2023-02-03T20:05:39","modified_gmt":"2023-02-03T19:05:39","slug":"nos-outils","status":"publish","type":"page","link":"https:\/\/toutesnosenergies.fr\/index.php\/nos-outils\/","title":{"rendered":"Nos outils"},"content":{"rendered":"\n<h4 class=\"wp-block-heading\">Pour mener nos luttes contre l\u2019implantation industrielle des \u00e9oliennes, les associations ont besoin de connaitre les diff\u00e9rentes \u00e9tapes par lesquelles elles vont passer. Un<a href=\"https:\/\/toutesnosenergies.fr\/index.php\/divers-points-de-vue\/\" target=\"_blank\" rel=\"noreferrer noopener\"> guide de r\u00e9sistance<\/a>, l\u2019<a href=\"https:\/\/toutesnosenergies.fr\/index.php\/analyse-dune-etude-dimpact\/\" target=\"_blank\" rel=\"noreferrer noopener\">analyse d\u2019une \u00e9tude d\u2019impact<\/a>, un<a href=\"https:\/\/toutesnosenergies.fr\/index.php\/le-guide-des-elus\/\" target=\"_blank\" rel=\"noreferrer noopener\"> guide pour les \u00e9lus<\/a> donnent quelques pistes.&nbsp;<\/h4>\n\n\n\n<h4 class=\"has-background wp-block-heading\" style=\"background-color:#7ceb7c\">La<a href=\"https:\/\/toutesnosenergies.fr\/index.php\/transition-energetique\/\" target=\"_blank\" rel=\"noreferrer noopener\"> d\u00e9marche REP\u00d2STA <\/a>situe le sens de notre combat pour une alternative de transition \u00e9nerg\u00e9tique, respectueuse du vivant et des territoires.<\/h4>\n\n\n\n<h4 class=\"wp-block-heading\">Nous proposons aussi quelques <a href=\"https:\/\/toutesnosenergies.fr\/index.php\/juridique\/\" target=\"_blank\" rel=\"noreferrer noopener\">conseils et modes d\u2019emploi<\/a>, ainsi qu\u2019une documentation sur les aspects <a href=\"https:\/\/toutesnosenergies.fr\/index.php\/sante-2\/\" target=\"_blank\" rel=\"noreferrer noopener\">sanitaires<\/a>, <a href=\"https:\/\/toutesnosenergies.fr\/index.php\/concertation-citoyenne-et-egalite-des-territoires\/\" target=\"_blank\" rel=\"noreferrer noopener\">d\u00e9mocratiques<\/a>, <a href=\"https:\/\/toutesnosenergies.fr\/index.php\/economie\/\" target=\"_blank\" rel=\"noreferrer noopener\">sociaux et \u00e9conomiques<\/a>.<\/h4>\n","protected":false},"excerpt":{"rendered":"<p>Pour mener nos luttes contre l\u2019implantation industrielle des \u00e9oliennes, les associations ont besoin de connaitre les diff\u00e9rentes \u00e9tapes par lesquelles elles vont passer. Un guide de r\u00e9sistance, l\u2019analyse d\u2019une \u00e9tude d\u2019impact, un guide pour les \u00e9lus donnent quelques pistes.&nbsp; La d\u00e9marche REP\u00d2STA situe le sens de notre combat pour une alternative de transition \u00e9nerg\u00e9tique, respectueuse &#8230; <a title=\"Nos outils\" class=\"read-more\" href=\"https:\/\/toutesnosenergies.fr\/index.php\/nos-outils\/\" aria-label=\"Plus sur Nos outils\">Lire plus<\/a><\/p>\n","protected":false},"author":3,"featured_media":0,"parent":0,"menu_order":0,"comment_status":"closed","ping_status":"closed","template":"","meta":{"_cbd_carousel_blocks":"[]","sfsi_plus_gutenberg_text_before_share":"","sfsi_plus_gutenberg_show_text_before_share":"","sfsi_plus_gutenberg_icon_type":"","sfsi_plus_gutenberg_icon_alignemt":"","sfsi_plus_gutenburg_max_per_row":"","footnotes":""},"class_list":["post-8032","page","type-page","status-publish"],"yoast_head":"<!-- This site is optimized with the Yoast SEO plugin v27.4 - https:\/\/yoast.com\/product\/yoast-seo-wordpress\/ -->\n<title>Nos outils - Toutes Nos \u00c9nergies \u2013 Occitanie Environnement<\/title>\n<meta name=\"robots\" content=\"index, follow, max-snippet:-1, max-image-preview:large, max-video-preview:-1\" \/>\n<link rel=\"canonical\" href=\"https:\/\/toutesnosenergies.fr\/index.php\/nos-outils\/\" \/>\n<meta property=\"og:locale\" content=\"fr_FR\" \/>\n<meta property=\"og:type\" content=\"article\" \/>\n<meta property=\"og:title\" content=\"Nos outils - Toutes Nos \u00c9nergies \u2013 Occitanie Environnement\" \/>\n<meta property=\"og:description\" content=\"Pour mener nos luttes contre l\u2019implantation industrielle des \u00e9oliennes, les associations ont besoin de connaitre les diff\u00e9rentes \u00e9tapes par lesquelles elles vont passer. Un guide de r\u00e9sistance, l\u2019analyse d\u2019une \u00e9tude d\u2019impact, un guide pour les \u00e9lus donnent quelques pistes.&nbsp; La d\u00e9marche REP\u00d2STA situe le sens de notre combat pour une alternative de transition \u00e9nerg\u00e9tique, respectueuse ... Lire plus\" \/>\n<meta property=\"og:url\" content=\"https:\/\/toutesnosenergies.fr\/index.php\/nos-outils\/\" \/>\n<meta property=\"og:site_name\" content=\"Toutes Nos \u00c9nergies \u2013 Occitanie Environnement\" \/>\n<meta property=\"article:publisher\" content=\"https:\/\/www.facebook.com\/TNEtoutesnosenergiesOccitanieEnvironnement\" \/>\n<meta property=\"article:modified_time\" content=\"2023-02-03T19:05:39+00:00\" \/>\n<meta name=\"twitter:card\" content=\"summary_large_image\" \/>\n<meta name=\"twitter:label1\" content=\"Dur\u00e9e de lecture estim\u00e9e\" \/>\n\t<meta name=\"twitter:data1\" content=\"1 minute\" \/>\n<script type=\"application\/ld+json\" class=\"yoast-schema-graph\">{\"@context\":\"https:\\\/\\\/schema.org\",\"@graph\":[{\"@type\":\"WebPage\",\"@id\":\"https:\\\/\\\/toutesnosenergies.fr\\\/index.php\\\/nos-outils\\\/\",\"url\":\"https:\\\/\\\/toutesnosenergies.fr\\\/index.php\\\/nos-outils\\\/\",\"name\":\"Nos outils - Toutes Nos \u00c9nergies \u2013 Occitanie Environnement\",\"isPartOf\":{\"@id\":\"https:\\\/\\\/toutesnosenergies.fr\\\/#website\"},\"datePublished\":\"2022-04-10T14:17:38+00:00\",\"dateModified\":\"2023-02-03T19:05:39+00:00\",\"breadcrumb\":{\"@id\":\"https:\\\/\\\/toutesnosenergies.fr\\\/index.php\\\/nos-outils\\\/#breadcrumb\"},\"inLanguage\":\"fr-FR\",\"potentialAction\":[{\"@type\":\"ReadAction\",\"target\":[\"https:\\\/\\\/toutesnosenergies.fr\\\/index.php\\\/nos-outils\\\/\"]}]},{\"@type\":\"BreadcrumbList\",\"@id\":\"https:\\\/\\\/toutesnosenergies.fr\\\/index.php\\\/nos-outils\\\/#breadcrumb\",\"itemListElement\":[{\"@type\":\"ListItem\",\"position\":1,\"name\":\"Accueil\",\"item\":\"https:\\\/\\\/toutesnosenergies.fr\\\/\"},{\"@type\":\"ListItem\",\"position\":2,\"name\":\"Nos outils\"}]},{\"@type\":\"WebSite\",\"@id\":\"https:\\\/\\\/toutesnosenergies.fr\\\/#website\",\"url\":\"https:\\\/\\\/toutesnosenergies.fr\\\/\",\"name\":\"Toutes Nos \u00c9nergies \u2013 Occitanie Environnement\",\"description\":\"Pour une \u00e9nergie respectueuse du vivant et des territoires ruraux en Occitanie\",\"publisher\":{\"@id\":\"https:\\\/\\\/toutesnosenergies.fr\\\/#organization\"},\"potentialAction\":[{\"@type\":\"SearchAction\",\"target\":{\"@type\":\"EntryPoint\",\"urlTemplate\":\"https:\\\/\\\/toutesnosenergies.fr\\\/?s={search_term_string}\"},\"query-input\":{\"@type\":\"PropertyValueSpecification\",\"valueRequired\":true,\"valueName\":\"search_term_string\"}}],\"inLanguage\":\"fr-FR\"},{\"@type\":\"Organization\",\"@id\":\"https:\\\/\\\/toutesnosenergies.fr\\\/#organization\",\"name\":\"Toutes Nos \u00c9nergies \u2013 Occitanie Environnement\",\"url\":\"https:\\\/\\\/toutesnosenergies.fr\\\/\",\"logo\":{\"@type\":\"ImageObject\",\"inLanguage\":\"fr-FR\",\"@id\":\"https:\\\/\\\/toutesnosenergies.fr\\\/#\\\/schema\\\/logo\\\/image\\\/\",\"url\":\"https:\\\/\\\/toutesnosenergies.fr\\\/wp-content\\\/uploads\\\/2023\\\/01\\\/Petit-logo.png\",\"contentUrl\":\"https:\\\/\\\/toutesnosenergies.fr\\\/wp-content\\\/uploads\\\/2023\\\/01\\\/Petit-logo.png\",\"width\":360,\"height\":102,\"caption\":\"Toutes Nos \u00c9nergies \u2013 Occitanie Environnement\"},\"image\":{\"@id\":\"https:\\\/\\\/toutesnosenergies.fr\\\/#\\\/schema\\\/logo\\\/image\\\/\"},\"sameAs\":[\"https:\\\/\\\/www.facebook.com\\\/TNEtoutesnosenergiesOccitanieEnvironnement\"]}]}<\/script>\n<!-- \/ Yoast SEO plugin. -->","yoast_head_json":{"title":"Nos outils - Toutes Nos \u00c9nergies \u2013 Occitanie Environnement","robots":{"index":"index","follow":"follow","max-snippet":"max-snippet:-1","max-image-preview":"max-image-preview:large","max-video-preview":"max-video-preview:-1"},"canonical":"https:\/\/toutesnosenergies.fr\/index.php\/nos-outils\/","og_locale":"fr_FR","og_type":"article","og_title":"Nos outils - Toutes Nos \u00c9nergies \u2013 Occitanie Environnement","og_description":"Pour mener nos luttes contre l\u2019implantation industrielle des \u00e9oliennes, les associations ont besoin de connaitre les diff\u00e9rentes \u00e9tapes par lesquelles elles vont passer. Un guide de r\u00e9sistance, l\u2019analyse d\u2019une \u00e9tude d\u2019impact, un guide pour les \u00e9lus donnent quelques pistes.&nbsp; La d\u00e9marche REP\u00d2STA situe le sens de notre combat pour une alternative de transition \u00e9nerg\u00e9tique, respectueuse ... Lire plus","og_url":"https:\/\/toutesnosenergies.fr\/index.php\/nos-outils\/","og_site_name":"Toutes Nos \u00c9nergies \u2013 Occitanie Environnement","article_publisher":"https:\/\/www.facebook.com\/TNEtoutesnosenergiesOccitanieEnvironnement","article_modified_time":"2023-02-03T19:05:39+00:00","twitter_card":"summary_large_image","twitter_misc":{"Dur\u00e9e de lecture estim\u00e9e":"1 minute"},"schema":{"@context":"https:\/\/schema.org","@graph":[{"@type":"WebPage","@id":"https:\/\/toutesnosenergies.fr\/index.php\/nos-outils\/","url":"https:\/\/toutesnosenergies.fr\/index.php\/nos-outils\/","name":"Nos outils - Toutes Nos \u00c9nergies \u2013 Occitanie Environnement","isPartOf":{"@id":"https:\/\/toutesnosenergies.fr\/#website"},"datePublished":"2022-04-10T14:17:38+00:00","dateModified":"2023-02-03T19:05:39+00:00","breadcrumb":{"@id":"https:\/\/toutesnosenergies.fr\/index.php\/nos-outils\/#breadcrumb"},"inLanguage":"fr-FR","potentialAction":[{"@type":"ReadAction","target":["https:\/\/toutesnosenergies.fr\/index.php\/nos-outils\/"]}]},{"@type":"BreadcrumbList","@id":"https:\/\/toutesnosenergies.fr\/index.php\/nos-outils\/#breadcrumb","itemListElement":[{"@type":"ListItem","position":1,"name":"Accueil","item":"https:\/\/toutesnosenergies.fr\/"},{"@type":"ListItem","position":2,"name":"Nos outils"}]},{"@type":"WebSite","@id":"https:\/\/toutesnosenergies.fr\/#website","url":"https:\/\/toutesnosenergies.fr\/","name":"Toutes Nos \u00c9nergies \u2013 Occitanie Environnement","description":"Pour une \u00e9nergie respectueuse du vivant et des territoires ruraux en Occitanie","publisher":{"@id":"https:\/\/toutesnosenergies.fr\/#organization"},"potentialAction":[{"@type":"SearchAction","target":{"@type":"EntryPoint","urlTemplate":"https:\/\/toutesnosenergies.fr\/?s={search_term_string}"},"query-input":{"@type":"PropertyValueSpecification","valueRequired":true,"valueName":"search_term_string"}}],"inLanguage":"fr-FR"},{"@type":"Organization","@id":"https:\/\/toutesnosenergies.fr\/#organization","name":"Toutes Nos \u00c9nergies \u2013 Occitanie Environnement","url":"https:\/\/toutesnosenergies.fr\/","logo":{"@type":"ImageObject","inLanguage":"fr-FR","@id":"https:\/\/toutesnosenergies.fr\/#\/schema\/logo\/image\/","url":"https:\/\/toutesnosenergies.fr\/wp-content\/uploads\/2023\/01\/Petit-logo.png","contentUrl":"https:\/\/toutesnosenergies.fr\/wp-content\/uploads\/2023\/01\/Petit-logo.png","width":360,"height":102,"caption":"Toutes Nos \u00c9nergies \u2013 Occitanie Environnement"},"image":{"@id":"https:\/\/toutesnosenergies.fr\/#\/schema\/logo\/image\/"},"sameAs":["https:\/\/www.facebook.com\/TNEtoutesnosenergiesOccitanieEnvironnement"]}]}},"_links":{"self":[{"href":"https:\/\/toutesnosenergies.fr\/index.php\/wp-json\/wp\/v2\/pages\/8032","targetHints":{"allow":["GET"]}}],"collection":[{"href":"https:\/\/toutesnosenergies.fr\/index.php\/wp-json\/wp\/v2\/pages"}],"about":[{"href":"https:\/\/toutesnosenergies.fr\/index.php\/wp-json\/wp\/v2\/types\/page"}],"author":[{"embeddable":true,"href":"https:\/\/toutesnosenergies.fr\/index.php\/wp-json\/wp\/v2\/users\/3"}],"replies":[{"embeddable":true,"href":"https:\/\/toutesnosenergies.fr\/index.php\/wp-json\/wp\/v2\/comments?post=8032"}],"version-history":[{"count":7,"href":"https:\/\/toutesnosenergies.fr\/index.php\/wp-json\/wp\/v2\/pages\/8032\/revisions"}],"predecessor-version":[{"id":9344,"href":"https:\/\/toutesnosenergies.fr\/index.php\/wp-json\/wp\/v2\/pages\/8032\/revisions\/9344"}],"wp:attachment":[{"href":"https:\/\/toutesnosenergies.fr\/index.php\/wp-json\/wp\/v2\/media?parent=8032"}],"curies":[{"name":"wp","href":"https:\/\/api.w.org\/{rel}","templated":true}]}}